{"id":2092,"date":"2025-06-07T14:19:15","date_gmt":"2025-06-07T12:19:15","guid":{"rendered":"https:\/\/preprod.accessprotec.com\/?page_id=2092"},"modified":"2025-06-07T14:19:55","modified_gmt":"2025-06-07T12:19:55","slug":"mentions-legales","status":"publish","type":"page","link":"https:\/\/preprod.accessprotec.com\/index.php\/mentions-legales\/","title":{"rendered":"Mentions l\u00e9gales"},"content":{"rendered":"<section class=\"elementor-section elementor-top-section elementor-element elementor-element-4f82e13 elementor-section-boxed elementor-section-height-default elementor-section-height-default\" data-id=\"4f82e13\" data-element_type=\"section\">\n<div class=\"elementor-container elementor-column-gap-default\">\n<div class=\"elementor-column elementor-col-100 elementor-top-column elementor-element elementor-element-8ad55ed\" data-id=\"8ad55ed\" data-element_type=\"column\">\n<div class=\"elementor-widget-wrap elementor-element-populated\">\n<div class=\"elementor-element elementor-element-c156f80 elementor-widget elementor-widget-heading\" data-id=\"c156f80\" data-element_type=\"widget\" data-widget_type=\"heading.default\">\n<div class=\"elementor-widget-container\">\n<h1 class=\"elementor-heading-title elementor-size-default\">Mentions l\u00e9gales<\/h1>\n<\/div>\n<\/div>\n<\/div>\n<\/div>\n<\/div>\n<\/section>\n<section class=\"elementor-section elementor-top-section elementor-element elementor-element-896ea83 elementor-section-boxed elementor-section-height-default elementor-section-height-default\" data-id=\"896ea83\" data-element_type=\"section\">\n<div class=\"elementor-container elementor-column-gap-default\">\n<div class=\"elementor-column elementor-col-100 elementor-top-column elementor-element elementor-element-9572262\" data-id=\"9572262\" data-element_type=\"column\">\n<div class=\"elementor-widget-wrap elementor-element-populated\">\n<div class=\"elementor-element elementor-element-bb13a74 elementor-widget elementor-widget-spacer\" data-id=\"bb13a74\" data-element_type=\"widget\" data-widget_type=\"spacer.default\">\n<div class=\"elementor-widget-container\">\n<div class=\"elementor-spacer\">\n<div class=\"elementor-spacer-inner\"><\/div>\n<\/div>\n<\/div>\n<\/div>\n<\/div>\n<\/div>\n<\/div>\n<\/section>\n<section class=\"elementor-section elementor-top-section elementor-element elementor-element-57269bd elementor-section-boxed elementor-section-height-default elementor-section-height-default\" data-id=\"57269bd\" data-element_type=\"section\">\n<div class=\"elementor-container elementor-column-gap-default\">\n<div class=\"elementor-column elementor-col-50 elementor-top-column elementor-element elementor-element-8043395\" data-id=\"8043395\" data-element_type=\"column\">\n<div class=\"elementor-widget-wrap elementor-element-populated\">\n<div class=\"elementor-element elementor-element-e6240d1 elementor-widget elementor-widget-heading\" data-id=\"e6240d1\" data-element_type=\"widget\" data-widget_type=\"heading.default\">\n<div class=\"elementor-widget-container\">\n<h3 class=\"elementor-heading-title elementor-size-default\">Soci\u00e9t\u00e9<\/h3>\n<\/div>\n<\/div>\n<\/div>\n<\/div>\n<div class=\"elementor-column elementor-col-50 elementor-top-column elementor-element elementor-element-007b89a\" data-id=\"007b89a\" data-element_type=\"column\">\n<div class=\"elementor-widget-wrap elementor-element-populated\">\n<div class=\"elementor-element elementor-element-0e19ffa elementor-widget elementor-widget-heading\" data-id=\"0e19ffa\" data-element_type=\"widget\" data-widget_type=\"heading.default\">\n<div class=\"elementor-widget-container\">\n<h3 class=\"elementor-heading-title elementor-size-default\">Directeur de la publication<\/h3>\n<\/div>\n<\/div>\n<\/div>\n<\/div>\n<\/div>\n<\/section>\n<section class=\"elementor-section elementor-top-section elementor-element elementor-element-cc06b09 elementor-section-boxed elementor-section-height-default elementor-section-height-default\" data-id=\"cc06b09\" data-element_type=\"section\">\n<div class=\"elementor-container elementor-column-gap-default\">\n<div class=\"elementor-column elementor-col-50 elementor-top-column elementor-element elementor-element-4322471\" data-id=\"4322471\" data-element_type=\"column\">\n<div class=\"elementor-widget-wrap elementor-element-populated\">\n<div class=\"elementor-element elementor-element-fda4b99 elementor-widget elementor-widget-text-editor\" data-id=\"fda4b99\" data-element_type=\"widget\" data-widget_type=\"text-editor.default\">\n<div class=\"elementor-widget-container\">\n<ul>\n<li>Le site est \u00e9dit\u00e9 par ACCESSPROTEC, soci\u00e9t\u00e9 \u00e0 responsabilit\u00e9 limit\u00e9e, situ\u00e9e 18 rue du centre, ZI de la Pilaterie, 59290 WASQUEHAL, au capital social de 20 000,00 euros.<\/li>\n<\/ul>\n<\/div>\n<\/div>\n<\/div>\n<\/div>\n<div class=\"elementor-column elementor-col-50 elementor-top-column elementor-element elementor-element-5df261a\" data-id=\"5df261a\" data-element_type=\"column\">\n<div class=\"elementor-widget-wrap elementor-element-populated\">\n<div class=\"elementor-element elementor-element-eeb6b00 elementor-widget elementor-widget-text-editor\" data-id=\"eeb6b00\" data-element_type=\"widget\" data-widget_type=\"text-editor.default\">\n<div class=\"elementor-widget-container\">\n<ul>\n<li>Paul Frys<\/li>\n<\/ul>\n<\/div>\n<\/div>\n<\/div>\n<\/div>\n<\/div>\n<\/section>\n<section class=\"elementor-section elementor-top-section elementor-element elementor-element-31cc97c elementor-section-boxed elementor-section-height-default elementor-section-height-default\" data-id=\"31cc97c\" data-element_type=\"section\">\n<div class=\"elementor-container elementor-column-gap-default\">\n<div class=\"elementor-column elementor-col-100 elementor-top-column elementor-element elementor-element-749cfa0\" data-id=\"749cfa0\" data-element_type=\"column\">\n<div class=\"elementor-widget-wrap elementor-element-populated\">\n<div class=\"elementor-element elementor-element-2d66d12 elementor-widget elementor-widget-spacer\" data-id=\"2d66d12\" data-element_type=\"widget\" data-widget_type=\"spacer.default\">\n<div class=\"elementor-widget-container\">\n<div class=\"elementor-spacer\">\n<div class=\"elementor-spacer-inner\"><\/div>\n<\/div>\n<\/div>\n<\/div>\n<\/div>\n<\/div>\n<\/div>\n<\/section>\n<section class=\"elementor-section elementor-top-section elementor-element elementor-element-fed81a3 elementor-section-boxed elementor-section-height-default elementor-section-height-default\" data-id=\"fed81a3\" data-element_type=\"section\">\n<div class=\"elementor-container elementor-column-gap-default\">\n<div class=\"elementor-column elementor-col-50 elementor-top-column elementor-element elementor-element-fe27905\" data-id=\"fe27905\" data-element_type=\"column\">\n<div class=\"elementor-widget-wrap elementor-element-populated\">\n<div class=\"elementor-element elementor-element-f8f5d0d elementor-widget elementor-widget-heading\" data-id=\"f8f5d0d\" data-element_type=\"widget\" data-widget_type=\"heading.default\">\n<div class=\"elementor-widget-container\">\n<h3 class=\"elementor-heading-title elementor-size-default\">H\u00e9bergement du site<\/h3>\n<\/div>\n<\/div>\n<\/div>\n<\/div>\n<div class=\"elementor-column elementor-col-50 elementor-top-column elementor-element elementor-element-9f8fcf3\" data-id=\"9f8fcf3\" data-element_type=\"column\">\n<div class=\"elementor-widget-wrap elementor-element-populated\">\n<div class=\"elementor-element elementor-element-4597963 elementor-widget elementor-widget-heading\" data-id=\"4597963\" data-element_type=\"widget\" data-widget_type=\"heading.default\">\n<div class=\"elementor-widget-container\">\n<h3 class=\"elementor-heading-title elementor-size-default\">Donn\u00e9es personnelles<\/h3>\n<\/div>\n<\/div>\n<\/div>\n<\/div>\n<\/div>\n<\/section>\n<section class=\"elementor-section elementor-top-section elementor-element elementor-element-4137444 elementor-section-boxed elementor-section-height-default elementor-section-height-default\" data-id=\"4137444\" data-element_type=\"section\">\n<div class=\"elementor-container elementor-column-gap-default\">\n<div class=\"elementor-column elementor-col-50 elementor-top-column elementor-element elementor-element-9be3ae8\" data-id=\"9be3ae8\" data-element_type=\"column\">\n<div class=\"elementor-widget-wrap elementor-element-populated\">\n<div class=\"elementor-element elementor-element-538d489 elementor-widget elementor-widget-text-editor\" data-id=\"538d489\" data-element_type=\"widget\" data-widget_type=\"text-editor.default\">\n<div class=\"elementor-widget-container\">\n<ul>\n<li>Le site internet est h\u00e9berg\u00e9 par la soci\u00e9t\u00e9:<br \/>\nOVH<br \/>\nSAS au capital de 10 069 020 euros \u2013 RCS Lille M\u00e9tropole 424 761 419 00045<br \/>\n2 rue Kellermann \u2013 59100 ROUBAIX \u2013 FRANCE<\/li>\n<\/ul>\n<\/div>\n<\/div>\n<\/div>\n<\/div>\n<div class=\"elementor-column elementor-col-50 elementor-top-column elementor-element elementor-element-a0acf2f\" data-id=\"a0acf2f\" data-element_type=\"column\">\n<div class=\"elementor-widget-wrap elementor-element-populated\">\n<div class=\"elementor-element elementor-element-56c4763 elementor-widget elementor-widget-text-editor\" data-id=\"56c4763\" data-element_type=\"widget\" data-widget_type=\"text-editor.default\">\n<div class=\"elementor-widget-container\">\n<ul>\n<li>Le pr\u00e9sent site a fait l\u2019objet d\u2019une d\u00e9claration aupr\u00e8s de la Commission Informatique et Libert\u00e9 (CNIL) sous le N\u00b0 1435761<br \/>\nConform\u00e9ment \u00e0 l\u2019article 34 de la loi \u00ab\u00a0Informatique et libert\u00e9\u00a0\u00bb du 6 Janvier 1978, les visiteurs ou clients du site\u00a0<a href=\"http:\/\/accessprotec.fr\/\">accessprotec.fr<\/a>\u00a0disposent \u00e0 tout moment d\u2019un droit d\u2019acc\u00e8s, de modification, de rectification et de suppression des donn\u00e9es qui les concernent.<\/p>\n<p>Pour l\u2019exercer, adressez vous par email \u00e0 : contact@accessprotec.fr ou au 03.20.98.20.53<\/li>\n<\/ul>\n<\/div>\n<\/div>\n<\/div>\n<\/div>\n<\/div>\n<\/section>\n","protected":false},"excerpt":{"rendered":"<p>Mentions l\u00e9gales Soci\u00e9t\u00e9 Directeur de la publication Le site est \u00e9dit\u00e9 par ACCESSPROTEC, soci\u00e9t\u00e9 \u00e0 responsabilit\u00e9 limit\u00e9e, situ\u00e9e 18 rue du centre, ZI de la Pilaterie, 59290 WASQUEHAL, au capital&#8230;<\/p>\n","protected":false},"author":1,"featured_media":0,"parent":0,"menu_order":0,"comment_status":"closed","ping_status":"closed","template":"","meta":{"footnotes":""},"class_list":["post-2092","page","type-page","status-publish"],"_links":{"self":[{"href":"https:\/\/preprod.accessprotec.com\/index.php\/wp-json\/wp\/v2\/pages\/2092","targetHints":{"allow":["GET"]}}],"collection":[{"href":"https:\/\/preprod.accessprotec.com\/index.php\/wp-json\/wp\/v2\/pages"}],"about":[{"href":"https:\/\/preprod.accessprotec.com\/index.php\/wp-json\/wp\/v2\/types\/page"}],"author":[{"embeddable":true,"href":"https:\/\/preprod.accessprotec.com\/index.php\/wp-json\/wp\/v2\/users\/1"}],"replies":[{"embeddable":true,"href":"https:\/\/preprod.accessprotec.com\/index.php\/wp-json\/wp\/v2\/comments?post=2092"}],"version-history":[{"count":1,"href":"https:\/\/preprod.accessprotec.com\/index.php\/wp-json\/wp\/v2\/pages\/2092\/revisions"}],"predecessor-version":[{"id":2093,"href":"https:\/\/preprod.accessprotec.com\/index.php\/wp-json\/wp\/v2\/pages\/2092\/revisions\/2093"}],"wp:attachment":[{"href":"https:\/\/preprod.accessprotec.com\/index.php\/wp-json\/wp\/v2\/media?parent=2092"}],"curies":[{"name":"wp","href":"https:\/\/api.w.org\/{rel}","templated":true}]}}