{"id":2158,"date":"2025-06-08T10:04:28","date_gmt":"2025-06-08T08:04:28","guid":{"rendered":"https:\/\/preprod.accessprotec.com\/?page_id=2158"},"modified":"2025-06-08T10:04:28","modified_gmt":"2025-06-08T08:04:28","slug":"protection-des-murs","status":"publish","type":"page","link":"https:\/\/preprod.accessprotec.com\/index.php\/protection-des-murs\/","title":{"rendered":"Protection des murs"},"content":{"rendered":"[vc_row type=\u00a0\u00bbin_container\u00a0\u00bb full_screen_row_position=\u00a0\u00bbmiddle\u00a0\u00bb column_margin=\u00a0\u00bbdefault\u00a0\u00bb column_direction=\u00a0\u00bbdefault\u00a0\u00bb column_direction_tablet=\u00a0\u00bbdefault\u00a0\u00bb column_direction_phone=\u00a0\u00bbdefault\u00a0\u00bb scene_position=\u00a0\u00bbcenter\u00a0\u00bb text_color=\u00a0\u00bbdark\u00a0\u00bb text_align=\u00a0\u00bbleft\u00a0\u00bb row_border_radius=\u00a0\u00bbnone\u00a0\u00bb row_border_radius_applies=\u00a0\u00bbbg\u00a0\u00bb overflow=\u00a0\u00bbvisible\u00a0\u00bb overlay_strength=\u00a0\u00bb0.3&Prime; gradient_direction=\u00a0\u00bbleft_to_right\u00a0\u00bb shape_divider_position=\u00a0\u00bbbottom\u00a0\u00bb bg_image_animation=\u00a0\u00bbnone\u00a0\u00bb][vc_column column_padding=\u00a0\u00bbno-extra-padding\u00a0\u00bb column_padding_tablet=\u00a0\u00bbinherit\u00a0\u00bb column_padding_phone=\u00a0\u00bbinherit\u00a0\u00bb column_padding_position=\u00a0\u00bball\u00a0\u00bb column_element_direction_desktop=\u00a0\u00bbdefault\u00a0\u00bb column_element_spacing=\u00a0\u00bbdefault\u00a0\u00bb desktop_text_alignment=\u00a0\u00bbdefault\u00a0\u00bb tablet_text_alignment=\u00a0\u00bbdefault\u00a0\u00bb phone_text_alignment=\u00a0\u00bbdefault\u00a0\u00bb background_color_opacity=\u00a0\u00bb1&Prime; background_hover_color_opacity=\u00a0\u00bb1&Prime; column_backdrop_filter=\u00a0\u00bbnone\u00a0\u00bb column_shadow=\u00a0\u00bbnone\u00a0\u00bb column_border_radius=\u00a0\u00bbnone\u00a0\u00bb column_link_target=\u00a0\u00bb_self\u00a0\u00bb column_position=\u00a0\u00bbdefault\u00a0\u00bb gradient_direction=\u00a0\u00bbleft_to_right\u00a0\u00bb overlay_strength=\u00a0\u00bb0.3&Prime; width=\u00a0\u00bb1\/1&Prime; tablet_width_inherit=\u00a0\u00bbdefault\u00a0\u00bb animation_type=\u00a0\u00bbdefault\u00a0\u00bb bg_image_animation=\u00a0\u00bbnone\u00a0\u00bb border_type=\u00a0\u00bbsimple\u00a0\u00bb column_border_width=\u00a0\u00bbnone\u00a0\u00bb column_border_style=\u00a0\u00bbsolid\u00a0\u00bb][split_line_heading animation_type=\u00a0\u00bbline-reveal-by-space\u00a0\u00bb font_style=\u00a0\u00bbh1&Prime; line_reveal_by_space_text_effect=\u00a0\u00bbdefault\u00a0\u00bb content_alignment=\u00a0\u00bbdefault\u00a0\u00bb mobile_content_alignment=\u00a0\u00bbinherit\u00a0\u00bb link_target=\u00a0\u00bb_self\u00a0\u00bb text_content=\u00a0\u00bbProtection des murs\u00a0\u00bb text_direction=\u00a0\u00bbdefault\u00a0\u00bb][\/split_line_heading][\/vc_column][\/vc_row][vc_row type=\u00a0\u00bbin_container\u00a0\u00bb full_screen_row_position=\u00a0\u00bbmiddle\u00a0\u00bb column_margin=\u00a0\u00bbdefault\u00a0\u00bb column_direction=\u00a0\u00bbdefault\u00a0\u00bb column_direction_tablet=\u00a0\u00bbdefault\u00a0\u00bb column_direction_phone=\u00a0\u00bbdefault\u00a0\u00bb scene_position=\u00a0\u00bbcenter\u00a0\u00bb text_color=\u00a0\u00bbdark\u00a0\u00bb text_align=\u00a0\u00bbleft\u00a0\u00bb row_border_radius=\u00a0\u00bbnone\u00a0\u00bb row_border_radius_applies=\u00a0\u00bbbg\u00a0\u00bb overflow=\u00a0\u00bbvisible\u00a0\u00bb overlay_strength=\u00a0\u00bb0.3&Prime; gradient_direction=\u00a0\u00bbleft_to_right\u00a0\u00bb shape_divider_position=\u00a0\u00bbbottom\u00a0\u00bb bg_image_animation=\u00a0\u00bbnone\u00a0\u00bb][vc_column column_padding=\u00a0\u00bbno-extra-padding\u00a0\u00bb column_padding_tablet=\u00a0\u00bbinherit\u00a0\u00bb column_padding_phone=\u00a0\u00bbinherit\u00a0\u00bb column_padding_position=\u00a0\u00bball\u00a0\u00bb column_element_direction_desktop=\u00a0\u00bbdefault\u00a0\u00bb column_element_spacing=\u00a0\u00bbdefault\u00a0\u00bb desktop_text_alignment=\u00a0\u00bbdefault\u00a0\u00bb tablet_text_alignment=\u00a0\u00bbdefault\u00a0\u00bb phone_text_alignment=\u00a0\u00bbdefault\u00a0\u00bb background_color_opacity=\u00a0\u00bb1&Prime; background_hover_color_opacity=\u00a0\u00bb1&Prime; column_backdrop_filter=\u00a0\u00bbnone\u00a0\u00bb column_shadow=\u00a0\u00bbnone\u00a0\u00bb column_border_radius=\u00a0\u00bbnone\u00a0\u00bb column_link_target=\u00a0\u00bb_self\u00a0\u00bb column_position=\u00a0\u00bbdefault\u00a0\u00bb gradient_direction=\u00a0\u00bbleft_to_right\u00a0\u00bb overlay_strength=\u00a0\u00bb0.3&Prime; width=\u00a0\u00bb1\/1&Prime; tablet_width_inherit=\u00a0\u00bbdefault\u00a0\u00bb animation_type=\u00a0\u00bbdefault\u00a0\u00bb bg_image_animation=\u00a0\u00bbnone\u00a0\u00bb border_type=\u00a0\u00bbsimple\u00a0\u00bb column_border_width=\u00a0\u00bbnone\u00a0\u00bb column_border_style=\u00a0\u00bbsolid\u00a0\u00bb]<div class=\"woocommerce columns-4 \">\n  <ul class=\"products columns-4\" data-n-lazy=\"off\" data-rm-m-hover=\"off\" data-n-desktop-columns=\"default\" data-n-desktop-small-columns=\"default\" data-n-tablet-columns=\"default\" data-n-phone-columns=\"default\" data-product-style=\"minimal\">\n\n\n\n\t<li class=\"minimal product type-product post-1946 status-publish first instock product_cat-cloison-anti-poussiere product_cat-protection-des-murs product_cat-protection-menuiserie product_cat-protection-mur has-post-thumbnail taxable shipping-taxable purchasable product-type-simple\" >\n\n\n\t\n\n\t\t\t\t <div class=\"background-color-expand\"><\/div>\n\t   <div class=\"product-wrap\">\n\t\t\t\n\t\t\t\t<div class=\"product-image-wrap\">\n\t\t\t\t\t<a href=\"https:\/\/preprod.accessprotec.com\/index.php\/produit\/film-de-protection-mural-avec-bandeau-adhesif-electrostatique-270x16m\/\" aria-label=\"Film de Protection Mural avec Bandeau Adh\u00e9sif \u00c9lectrostatique 2,70x16m\"><img loading=\"lazy\" decoding=\"async\" width=\"300\" height=\"300\" src=\"https:\/\/preprod.accessprotec.com\/wp-content\/uploads\/2025\/03\/film-mur-electrostatique-accessprotec-16m-2m70-300x300.jpg\" class=\"attachment-woocommerce_thumbnail size-woocommerce_thumbnail\" alt=\"\" srcset=\"https:\/\/preprod.accessprotec.com\/wp-content\/uploads\/2025\/03\/film-mur-electrostatique-accessprotec-16m-2m70-300x300.jpg 300w, https:\/\/preprod.accessprotec.com\/wp-content\/uploads\/2025\/03\/film-mur-electrostatique-accessprotec-16m-2m70-150x150.jpg 150w, https:\/\/preprod.accessprotec.com\/wp-content\/uploads\/2025\/03\/film-mur-electrostatique-accessprotec-16m-2m70-768x768.jpg 768w, https:\/\/preprod.accessprotec.com\/wp-content\/uploads\/2025\/03\/film-mur-electrostatique-accessprotec-16m-2m70-140x140.jpg 140w, https:\/\/preprod.accessprotec.com\/wp-content\/uploads\/2025\/03\/film-mur-electrostatique-accessprotec-16m-2m70-100x100.jpg 100w, https:\/\/preprod.accessprotec.com\/wp-content\/uploads\/2025\/03\/film-mur-electrostatique-accessprotec-16m-2m70-500x500.jpg 500w, https:\/\/preprod.accessprotec.com\/wp-content\/uploads\/2025\/03\/film-mur-electrostatique-accessprotec-16m-2m70-350x350.jpg 350w, https:\/\/preprod.accessprotec.com\/wp-content\/uploads\/2025\/03\/film-mur-electrostatique-accessprotec-16m-2m70-600x600.jpg 600w, https:\/\/preprod.accessprotec.com\/wp-content\/uploads\/2025\/03\/film-mur-electrostatique-accessprotec-16m-2m70.jpg 800w\" sizes=\"auto, (max-width: 300px) 100vw, 300px\" \/><\/a>\n\t\t\t\t\t<div class=\"product-add-to-cart\" data-nectar-quickview=\"false\"><a href=\"?add-to-cart=1946\" aria-describedby=\"woocommerce_loop_add_to_cart_link_describedby_1946\" data-quantity=\"1\" class=\"button product_type_simple add_to_cart_button ajax_add_to_cart\" data-product_id=\"1946\" data-product_sku=\"\" aria-label=\"Ajouter au panier\u00a0: &ldquo;Film de Protection Mural avec Bandeau Adh\u00e9sif \u00c9lectrostatique 2,70x16m&rdquo;\" rel=\"nofollow\" data-success_message=\"\u00ab\u00a0Film de Protection Mural avec Bandeau Adh\u00e9sif \u00c9lectrostatique 2,70x16m\u00a0\u00bb a \u00e9t\u00e9 ajout\u00e9 \u00e0 votre panier\"><i class=\"normal icon-salient-cart\"><\/i><span>Ajouter au panier<\/span><\/a><span id=\"woocommerce_loop_add_to_cart_link_describedby_1946\" class=\"screen-reader-text\">\n\t<\/span><\/div><\/div><div class=\"product-meta\"><div class=\"product-main-meta\">\n\t\t\t\t\t\t<a href=\"https:\/\/preprod.accessprotec.com\/index.php\/produit\/film-de-protection-mural-avec-bandeau-adhesif-electrostatique-270x16m\/\"><h2 class=\"woocommerce-loop-product__title\">Film de Protection Mural avec Bandeau Adh\u00e9sif \u00c9lectrostatique 2,70x16m<\/h2><\/a>\n\t<span class=\"price\"><span class=\"woocommerce-Price-amount amount\"><bdi>15,82&nbsp;<span class=\"woocommerce-Price-currencySymbol\">&euro;<\/span><\/bdi><\/span><\/span>\n<\/div><\/div><\/div>\t\t\n\t  \n\n\t\t\n\t\n\n\t\n<\/li>\n\t<li class=\"minimal product type-product post-1931 status-publish instock product_cat-les-indispensables product_cat-protection-menuiserie product_cat-protection-mur product_cat-protection-sol has-post-thumbnail taxable shipping-taxable purchasable product-type-simple\" >\n\n\n\t\n\n\t\t\t\t <div class=\"background-color-expand\"><\/div>\n\t   <div class=\"product-wrap\">\n\t\t\t\n\t\t\t\t<div class=\"product-image-wrap\">\n\t\t\t\t\t<a href=\"https:\/\/preprod.accessprotec.com\/index.php\/produit\/rouleau-de-carton-ondule-pour-protection-des-surfaces\/\" aria-label=\"Rouleau de Carton Ondul\u00e9 Pour Protection des Surfaces\"><img loading=\"lazy\" decoding=\"async\" width=\"300\" height=\"300\" src=\"https:\/\/preprod.accessprotec.com\/wp-content\/uploads\/2025\/03\/Design-sans-titre-78-300x300.png\" class=\"attachment-woocommerce_thumbnail size-woocommerce_thumbnail\" alt=\"carton-ondule-rouleau-protection-accesprotec\" srcset=\"https:\/\/preprod.accessprotec.com\/wp-content\/uploads\/2025\/03\/Design-sans-titre-78-300x300.png 300w, https:\/\/preprod.accessprotec.com\/wp-content\/uploads\/2025\/03\/Design-sans-titre-78-150x150.png 150w, https:\/\/preprod.accessprotec.com\/wp-content\/uploads\/2025\/03\/Design-sans-titre-78-768x768.png 768w, https:\/\/preprod.accessprotec.com\/wp-content\/uploads\/2025\/03\/Design-sans-titre-78-140x140.png 140w, https:\/\/preprod.accessprotec.com\/wp-content\/uploads\/2025\/03\/Design-sans-titre-78-100x100.png 100w, https:\/\/preprod.accessprotec.com\/wp-content\/uploads\/2025\/03\/Design-sans-titre-78-500x500.png 500w, https:\/\/preprod.accessprotec.com\/wp-content\/uploads\/2025\/03\/Design-sans-titre-78-350x350.png 350w, https:\/\/preprod.accessprotec.com\/wp-content\/uploads\/2025\/03\/Design-sans-titre-78-600x600.png 600w, https:\/\/preprod.accessprotec.com\/wp-content\/uploads\/2025\/03\/Design-sans-titre-78.png 800w\" sizes=\"auto, (max-width: 300px) 100vw, 300px\" \/><\/a>\n\t\t\t\t\t<div class=\"product-add-to-cart\" data-nectar-quickview=\"false\"><a href=\"?add-to-cart=1931\" aria-describedby=\"woocommerce_loop_add_to_cart_link_describedby_1931\" data-quantity=\"1\" class=\"button product_type_simple add_to_cart_button ajax_add_to_cart\" data-product_id=\"1931\" data-product_sku=\"29CARONDCROU170\" aria-label=\"Ajouter au panier\u00a0: &ldquo;Rouleau de Carton Ondul\u00e9 Pour Protection des Surfaces&rdquo;\" rel=\"nofollow\" data-success_message=\"\u00ab\u00a0Rouleau de Carton Ondul\u00e9 Pour Protection des Surfaces\u00a0\u00bb a \u00e9t\u00e9 ajout\u00e9 \u00e0 votre panier\"><i class=\"normal icon-salient-cart\"><\/i><span>Ajouter au panier<\/span><\/a><span id=\"woocommerce_loop_add_to_cart_link_describedby_1931\" class=\"screen-reader-text\">\n\t<\/span><\/div><\/div><div class=\"product-meta\"><div class=\"product-main-meta\">\n\t\t\t\t\t\t<a href=\"https:\/\/preprod.accessprotec.com\/index.php\/produit\/rouleau-de-carton-ondule-pour-protection-des-surfaces\/\"><h2 class=\"woocommerce-loop-product__title\">Rouleau de Carton Ondul\u00e9 Pour Protection des Surfaces<\/h2><\/a>\n\t<span class=\"price\"><span class=\"woocommerce-Price-amount amount\"><bdi>44,20&nbsp;<span class=\"woocommerce-Price-currencySymbol\">&euro;<\/span><\/bdi><\/span><\/span>\n<\/div><\/div><\/div>\t\t\n\t  \n\n\t\t\n\t\n\n\t\n<\/li><\/ul>\n<\/div>[\/vc_column][\/vc_row][vc_row type=\u00a0\u00bbin_container\u00a0\u00bb full_screen_row_position=\u00a0\u00bbmiddle\u00a0\u00bb column_margin=\u00a0\u00bbdefault\u00a0\u00bb column_direction=\u00a0\u00bbdefault\u00a0\u00bb column_direction_tablet=\u00a0\u00bbdefault\u00a0\u00bb column_direction_phone=\u00a0\u00bbdefault\u00a0\u00bb scene_position=\u00a0\u00bbcenter\u00a0\u00bb text_color=\u00a0\u00bbdark\u00a0\u00bb text_align=\u00a0\u00bbleft\u00a0\u00bb row_border_radius=\u00a0\u00bbnone\u00a0\u00bb row_border_radius_applies=\u00a0\u00bbbg\u00a0\u00bb overflow=\u00a0\u00bbvisible\u00a0\u00bb overlay_strength=\u00a0\u00bb0.3&Prime; gradient_direction=\u00a0\u00bbleft_to_right\u00a0\u00bb shape_divider_position=\u00a0\u00bbbottom\u00a0\u00bb bg_image_animation=\u00a0\u00bbnone\u00a0\u00bb][vc_column column_padding=\u00a0\u00bbno-extra-padding\u00a0\u00bb column_padding_tablet=\u00a0\u00bbinherit\u00a0\u00bb column_padding_phone=\u00a0\u00bbinherit\u00a0\u00bb column_padding_position=\u00a0\u00bball\u00a0\u00bb column_element_direction_desktop=\u00a0\u00bbdefault\u00a0\u00bb column_element_spacing=\u00a0\u00bbdefault\u00a0\u00bb desktop_text_alignment=\u00a0\u00bbdefault\u00a0\u00bb tablet_text_alignment=\u00a0\u00bbdefault\u00a0\u00bb phone_text_alignment=\u00a0\u00bbdefault\u00a0\u00bb background_color_opacity=\u00a0\u00bb1&Prime; background_hover_color_opacity=\u00a0\u00bb1&Prime; column_backdrop_filter=\u00a0\u00bbnone\u00a0\u00bb column_shadow=\u00a0\u00bbnone\u00a0\u00bb column_border_radius=\u00a0\u00bbnone\u00a0\u00bb column_link_target=\u00a0\u00bb_self\u00a0\u00bb column_position=\u00a0\u00bbdefault\u00a0\u00bb gradient_direction=\u00a0\u00bbleft_to_right\u00a0\u00bb overlay_strength=\u00a0\u00bb0.3&Prime; width=\u00a0\u00bb1\/1&Prime; tablet_width_inherit=\u00a0\u00bbdefault\u00a0\u00bb animation_type=\u00a0\u00bbdefault\u00a0\u00bb bg_image_animation=\u00a0\u00bbnone\u00a0\u00bb border_type=\u00a0\u00bbsimple\u00a0\u00bb column_border_width=\u00a0\u00bbnone\u00a0\u00bb column_border_style=\u00a0\u00bbsolid\u00a0\u00bb][vc_column_text css=\u00a0\u00bb\u00a0\u00bb text_direction=\u00a0\u00bbdefault\u00a0\u00bb]\n<section>\n<h1>Protection des murs de chantier \u2013 Solutions Accessprotec<\/h1>\n<p>La <strong>protection des murs<\/strong> est essentielle sur tous types de chantiers : construction, r\u00e9novation ou am\u00e9nagement int\u00e9rieur. Chez <strong>Accessprotec<\/strong>, nous proposons une gamme compl\u00e8te de produits professionnels con\u00e7us pour pr\u00e9server vos surfaces verticales des chocs, \u00e9claboussures, rayures et salissures tout au long de vos travaux.<\/p>\n<h4>Des protections murales adapt\u00e9es \u00e0 chaque environnement<\/h4>\n<p>Que vous interveniez dans un logement habit\u00e9, un local commercial ou un b\u00e2timent en chantier, il est indispensable d\u2019\u00e9viter toute d\u00e9gradation des murs. Nos solutions de protection conviennent \u00e0 de nombreux supports :<\/p>\n<ul>\n<li>Placo \/ pl\u00e2tre<\/li>\n<li>Murs peints ou tapiss\u00e9s<\/li>\n<li>Boiseries<\/li>\n<li>Surfaces vitr\u00e9es ou carrel\u00e9es<\/li>\n<li>Murs sensibles ou d\u00e9coratifs<\/li>\n<\/ul>\n<h4>Nos produits phares pour la protection murale<\/h4>\n<p>Accessprotec met \u00e0 votre disposition un choix vari\u00e9 de produits de protection murale faciles \u00e0 poser et r\u00e9sistants :<\/p>\n<ul>\n<li><strong>Films adh\u00e9sifs transparents<\/strong> : protection discr\u00e8te et efficace contre les \u00e9claboussures de peinture ou les frottements.<\/li>\n<li><strong>Panneaux en mousse ou carton alv\u00e9olaire<\/strong> : id\u00e9ale pour absorber les chocs dans les zones \u00e0 fort passage.<\/li>\n<li><strong>B\u00e2ches plastiques ou non-tiss\u00e9es<\/strong> : \u00e0 fixer avec de l\u2019adh\u00e9sif ou via un syst\u00e8me auto-agrippant.<\/li>\n<li><strong>Profil\u00e9s et corni\u00e8res de protection<\/strong> : pour s\u00e9curiser les angles et rebords sensibles.<\/li>\n<\/ul>\n<h4>Pourquoi choisir Accessprotec pour vos protections murales ?<\/h4>\n<p>Professionnels du BTP, entreprises de r\u00e9novation, artisans ou ma\u00eetres d\u2019\u0153uvre, nous comprenons vos exigences : rapidit\u00e9 de pose, fiabilit\u00e9 des mat\u00e9riaux et adaptation \u00e0 tous les types de chantier.<\/p>\n<p>Nos avantages :<\/p>\n<ul>\n<li>Des produits test\u00e9s et s\u00e9lectionn\u00e9s pour leur efficacit\u00e9<\/li>\n<li>Un stock permanent pour des exp\u00e9ditions rapides<\/li>\n<li>Des conseils techniques \u00e0 votre \u00e9coute<\/li>\n<li>Des tarifs comp\u00e9titifs pour les pros<\/li>\n<\/ul>\n<h4>Commandez en ligne vos protections de murs chantier<\/h4>\n<p>Simplifiez la gestion de vos chantiers gr\u00e2ce \u00e0 notre boutique en ligne. Trouvez en quelques clics la protection murale adapt\u00e9e \u00e0 vos besoins et recevez vos produits directement sur site.<\/p>\n<p><strong>Accessprotec<\/strong> : votre partenaire de confiance pour la <strong>protection temporaire des murs<\/strong> sur tous types de chantiers.<\/p>\n<\/section>\n[\/vc_column_text][\/vc_column][\/vc_row]\n","protected":false},"excerpt":{"rendered":"<p>[vc_row type=\u00a0\u00bbin_container\u00a0\u00bb full_screen_row_position=\u00a0\u00bbmiddle\u00a0\u00bb column_margin=\u00a0\u00bbdefault\u00a0\u00bb column_direction=\u00a0\u00bbdefault\u00a0\u00bb column_direction_tablet=\u00a0\u00bbdefault\u00a0\u00bb column_direction_phone=\u00a0\u00bbdefault\u00a0\u00bb scene_position=\u00a0\u00bbcenter\u00a0\u00bb text_color=\u00a0\u00bbdark\u00a0\u00bb text_align=\u00a0\u00bbleft\u00a0\u00bb row_border_radius=\u00a0\u00bbnone\u00a0\u00bb row_border_radius_applies=\u00a0\u00bbbg\u00a0\u00bb overflow=\u00a0\u00bbvisible\u00a0\u00bb overlay_strength=\u00a0\u00bb0.3&Prime; gradient_direction=\u00a0\u00bbleft_to_right\u00a0\u00bb shape_divider_position=\u00a0\u00bbbottom\u00a0\u00bb bg_image_animation=\u00a0\u00bbnone\u00a0\u00bb][vc_column column_padding=\u00a0\u00bbno-extra-padding\u00a0\u00bb column_padding_tablet=\u00a0\u00bbinherit\u00a0\u00bb column_padding_phone=\u00a0\u00bbinherit\u00a0\u00bb column_padding_position=\u00a0\u00bball\u00a0\u00bb column_element_direction_desktop=\u00a0\u00bbdefault\u00a0\u00bb column_element_spacing=\u00a0\u00bbdefault\u00a0\u00bb desktop_text_alignment=\u00a0\u00bbdefault\u00a0\u00bb tablet_text_alignment=\u00a0\u00bbdefault\u00a0\u00bb phone_text_alignment=\u00a0\u00bbdefault\u00a0\u00bb background_color_opacity=\u00a0\u00bb1&Prime; background_hover_color_opacity=\u00a0\u00bb1&Prime; column_backdrop_filter=\u00a0\u00bbnone\u00a0\u00bb column_shadow=\u00a0\u00bbnone\u00a0\u00bb&#8230;<\/p>\n","protected":false},"author":3,"featured_media":0,"parent":0,"menu_order":0,"comment_status":"closed","ping_status":"closed","template":"","meta":{"footnotes":""},"class_list":["post-2158","page","type-page","status-publish"],"_links":{"self":[{"href":"https:\/\/preprod.accessprotec.com\/index.php\/wp-json\/wp\/v2\/pages\/2158","targetHints":{"allow":["GET"]}}],"collection":[{"href":"https:\/\/preprod.accessprotec.com\/index.php\/wp-json\/wp\/v2\/pages"}],"about":[{"href":"https:\/\/preprod.accessprotec.com\/index.php\/wp-json\/wp\/v2\/types\/page"}],"author":[{"embeddable":true,"href":"https:\/\/preprod.accessprotec.com\/index.php\/wp-json\/wp\/v2\/users\/3"}],"replies":[{"embeddable":true,"href":"https:\/\/preprod.accessprotec.com\/index.php\/wp-json\/wp\/v2\/comments?post=2158"}],"version-history":[{"count":2,"href":"https:\/\/preprod.accessprotec.com\/index.php\/wp-json\/wp\/v2\/pages\/2158\/revisions"}],"predecessor-version":[{"id":2160,"href":"https:\/\/preprod.accessprotec.com\/index.php\/wp-json\/wp\/v2\/pages\/2158\/revisions\/2160"}],"wp:attachment":[{"href":"https:\/\/preprod.accessprotec.com\/index.php\/wp-json\/wp\/v2\/media?parent=2158"}],"curies":[{"name":"wp","href":"https:\/\/api.w.org\/{rel}","templated":true}]}}