{"id":1718,"date":"2025-03-25T21:07:32","date_gmt":"2025-03-25T20:07:32","guid":{"rendered":"http:\/\/preprod.accessprotec.com\/?post_type=product&#038;p=1718"},"modified":"2025-07-13T22:07:49","modified_gmt":"2025-07-13T20:07:49","slug":"adhesif-de-masquage","status":"publish","type":"product","link":"https:\/\/preprod.accessprotec.com\/index.php\/produit\/adhesif-de-masquage\/","title":{"rendered":"Adh\u00e9sif de Masquage"},"content":{"rendered":"<p>Pour les travaux de peinture, l&rsquo;adh\u00e9sif de masquage vous permet de d\u00e9limiter la zone \u00e0 peindre. Ne laisse aucun r\u00e9sidus de colle sur votre surface lors de la d\u00e9pose. Se d\u00e9roule facilement et se coupe au cutter.<\/p>\n<p>Compos\u00e9 d&rsquo;un papier semi cr\u00eap\u00e9 blanc et d&rsquo;un adh\u00e9sif \u00e0 base de caoutchouc synth\u00e9tique.<\/p>\n<p>Dimensions : 50 mm x 50 m.<\/p>\n<p>Pour vos travaux de peinture, d\u00e9couvrez aussi notre gamme de<strong> <a href=\"https:\/\/accessprotec.fr\/protection-temporaire-de-chantier\/feutrine-etanche\/\" target=\"_blank\" rel=\"noopener noreferrer\">Feutrines \u00e9tanches <\/a>!<\/strong><\/p>\n","protected":false},"excerpt":{"rendered":"<p>Pour les travaux de peinture, l&rsquo;adh\u00e9sif de masquage vous permet de d\u00e9limiter la zone \u00e0 peindre. Ne laisse aucun r\u00e9sidus de colle sur votre surface lors de la d\u00e9pose.<\/p>\n<p>Dimensions : 50 mm x 50 m.<\/p>\n<p>Retrouvez ici la\u00a0<strong><a href=\"https:\/\/www.accessprotec.fr\/fiches-produits\/FICHE-TECHNIQUE-ADHESIF-DE-MASQUAGE.pdf\" target=\"_blank\" rel=\"noopener noreferrer\">fiche technique<\/a><\/strong><\/p>\n","protected":false},"featured_media":0,"comment_status":"closed","ping_status":"closed","template":"","meta":[],"product_brand":[],"product_cat":[24],"product_tag":[],"class_list":{"0":"post-1718","1":"product","2":"type-product","3":"status-publish","5":"product_cat-adhesifs-de-chantier","6":"product_shipping_class-chrono-relais","8":"first","9":"instock","10":"taxable","11":"shipping-taxable","12":"purchasable","13":"product-type-simple"},"df_price":2.96,"df_sale_price":"","df_regular_price":2.96,"df_image_link":"https:\/\/preprod.accessprotec.com\/wp-content\/uploads\/woocommerce-placeholder-300x300.png","_links":{"self":[{"href":"https:\/\/preprod.accessprotec.com\/index.php\/wp-json\/wp\/v2\/product\/1718","targetHints":{"allow":["GET"]}}],"collection":[{"href":"https:\/\/preprod.accessprotec.com\/index.php\/wp-json\/wp\/v2\/product"}],"about":[{"href":"https:\/\/preprod.accessprotec.com\/index.php\/wp-json\/wp\/v2\/types\/product"}],"replies":[{"embeddable":true,"href":"https:\/\/preprod.accessprotec.com\/index.php\/wp-json\/wp\/v2\/comments?post=1718"}],"wp:attachment":[{"href":"https:\/\/preprod.accessprotec.com\/index.php\/wp-json\/wp\/v2\/media?parent=1718"}],"wp:term":[{"taxonomy":"product_brand","embeddable":true,"href":"https:\/\/preprod.accessprotec.com\/index.php\/wp-json\/wp\/v2\/product_brand?post=1718"},{"taxonomy":"product_cat","embeddable":true,"href":"https:\/\/preprod.accessprotec.com\/index.php\/wp-json\/wp\/v2\/product_cat?post=1718"},{"taxonomy":"product_tag","embeddable":true,"href":"https:\/\/preprod.accessprotec.com\/index.php\/wp-json\/wp\/v2\/product_tag?post=1718"}],"curies":[{"name":"wp","href":"https:\/\/api.w.org\/{rel}","templated":true}]}}