{"id":1719,"date":"2025-03-25T21:07:32","date_gmt":"2025-03-25T20:07:32","guid":{"rendered":"http:\/\/preprod.accessprotec.com\/?post_type=product&#038;p=1719"},"modified":"2025-07-13T22:07:38","modified_gmt":"2025-07-13T20:07:38","slug":"adhesif-double-face-longue-duree","status":"publish","type":"product","link":"https:\/\/preprod.accessprotec.com\/index.php\/produit\/adhesif-double-face-longue-duree\/","title":{"rendered":"Adh\u00e9sif Double Face Longue Dur\u00e9e"},"content":{"rendered":"<h2>Adh\u00e9sif Double Face Longue Dur\u00e9e<\/h2>\n<p>Adh\u00e9sif double face longue dur\u00e9e sur support film polypropyl\u00e8ne,<strong> utilis\u00e9 dans de nombreuses applications industrielles<\/strong>, pour la fixation d\u2019objets l\u00e9gers, le confinement, la fixation de moquette, d\u2019\u00e9chantillons ou \u00e9galement pi\u00e8ces en feutre.<\/p>\n<p>Dimensions : <strong>50 mm x 25 m.<\/strong><\/p>\n<p>Masse adh\u00e9sive : Caoutchouc synth\u00e9tique, blanc<br \/>\n\u00c9paisseur totale : 130 microns<br \/>\nType de protecteur : Papier silicon\u00e9 couleur miel<br \/>\nSupport et couleur du ruban : Film BOPP transparent<br \/>\nPelage sur acier : 20 N\/25mm<br \/>\nR\u00e9sistance \u00e0 la rupture : 125 N\/25mm<br \/>\nAllongement \u00e0 la rupture : 140 %<br \/>\nTemp\u00e9rature de stockage : -10\u00b0C \u00e0 +30\u00b0C<br \/>\nDur\u00e9e de stockage : 1 an<\/p>\n<p>Pour une pose rapide, utilisez notre <a href=\"https:\/\/accessprotec.fr\/protection-temporaire-de-chantier\/devidoir-adhesif-manuel\/\" target=\"_blank\" rel=\"noopener noreferrer\"><strong>d\u00e9vidoir manuel pour adh\u00e9sifs !<\/strong><\/a><\/p>\n","protected":false},"excerpt":{"rendered":"<h3>Adh\u00e9sif Double Face Longue Dur\u00e9e<\/h3>\n<p><strong>L&rsquo;adh\u00e9sif double face longue dur\u00e9e<\/strong> est con\u00e7u pour la fixation d&rsquo;objets l\u00e9gers, de moquettes, d&rsquo;\u00e9chantillons ou de pi\u00e8ces en feutres.<br \/>\nSupport : film polypropyl\u00e8ne.<br \/>\nDimensions : 50 mm x 25 m.<\/p>\n<p><a href=\"https:\/\/www.accessprotec.fr\/fiches-produits\/FICHE-TECHNIQUE-ADHESIF-DFLD.pdf\" target=\"_blank\" rel=\"noopener noreferrer\"><img loading=\"lazy\" decoding=\"async\" class=\"alignleft wp-image-1160 size-full\" src=\"https:\/\/accessprotec.fr\/wp-content\/uploads\/2017\/08\/1200px-Adobe_PDF.svg-e1504783240942.png\" alt=\"\" width=\"70\" height=\"68\" \/><\/a><\/p>\n<p>Retrouvez ici la\u00a0<strong><a href=\"https:\/\/www.accessprotec.fr\/fiches-produits\/FICHE-TECHNIQUE-ADHESIF-DFLD.pdf\" target=\"_blank\" rel=\"noopener noreferrer\">fiche technique<\/a><\/strong><\/p>\n<p><strong>VOIR LA DESCRIPTION CI-DESSOUS<\/strong><\/p>\n<p>Code article :\u00a022ADHRNCDFL5025<\/p>\n","protected":false},"featured_media":2241,"comment_status":"closed","ping_status":"closed","template":"","meta":[],"product_brand":[],"product_cat":[24],"product_tag":[],"class_list":{"0":"post-1719","1":"product","2":"type-product","3":"status-publish","4":"has-post-thumbnail","6":"product_cat-adhesifs-de-chantier","7":"product_shipping_class-chrono-relais","9":"first","10":"instock","11":"taxable","12":"shipping-taxable","13":"purchasable","14":"product-type-simple"},"df_price":10.4,"df_sale_price":"","df_regular_price":10.4,"df_image_link":"https:\/\/preprod.accessprotec.com\/wp-content\/uploads\/2025\/03\/Design-sans-titre-2025-07-11T153546.587-300x300.png","_links":{"self":[{"href":"https:\/\/preprod.accessprotec.com\/index.php\/wp-json\/wp\/v2\/product\/1719","targetHints":{"allow":["GET"]}}],"collection":[{"href":"https:\/\/preprod.accessprotec.com\/index.php\/wp-json\/wp\/v2\/product"}],"about":[{"href":"https:\/\/preprod.accessprotec.com\/index.php\/wp-json\/wp\/v2\/types\/product"}],"replies":[{"embeddable":true,"href":"https:\/\/preprod.accessprotec.com\/index.php\/wp-json\/wp\/v2\/comments?post=1719"}],"wp:featuredmedia":[{"embeddable":true,"href":"https:\/\/preprod.accessprotec.com\/index.php\/wp-json\/wp\/v2\/media\/2241"}],"wp:attachment":[{"href":"https:\/\/preprod.accessprotec.com\/index.php\/wp-json\/wp\/v2\/media?parent=1719"}],"wp:term":[{"taxonomy":"product_brand","embeddable":true,"href":"https:\/\/preprod.accessprotec.com\/index.php\/wp-json\/wp\/v2\/product_brand?post=1719"},{"taxonomy":"product_cat","embeddable":true,"href":"https:\/\/preprod.accessprotec.com\/index.php\/wp-json\/wp\/v2\/product_cat?post=1719"},{"taxonomy":"product_tag","embeddable":true,"href":"https:\/\/preprod.accessprotec.com\/index.php\/wp-json\/wp\/v2\/product_tag?post=1719"}],"curies":[{"name":"wp","href":"https:\/\/api.w.org\/{rel}","templated":true}]}}