{"id":1721,"date":"2025-03-25T21:07:33","date_gmt":"2025-03-25T20:07:33","guid":{"rendered":"http:\/\/preprod.accessprotec.com\/?post_type=product&#038;p=1721"},"modified":"2025-07-13T22:05:26","modified_gmt":"2025-07-13T20:05:26","slug":"adhesif-ignifuge-m1-blanc","status":"publish","type":"product","link":"https:\/\/preprod.accessprotec.com\/index.php\/produit\/adhesif-ignifuge-m1-blanc\/","title":{"rendered":"Adh\u00e9sif Ignifug\u00e9 M1 Blanc"},"content":{"rendered":"<p>L&rsquo;adh\u00e9sif ignifug\u00e9 M1 est utilis\u00e9 principalement pour la jonction de protections temporaires ignifug\u00e9es telles que le<strong> <a href=\"https:\/\/accessprotec.fr\/protection-temporaire-de-chantier\/panneaux\/\" target=\"_blank\" rel=\"noopener noreferrer\">panneau M1.<\/a><\/strong>\u00a0Il s&rsquo;agit d&rsquo;un adh\u00e9sif PVC.<\/p>\n<p>Dimensions : 50 mm x 33 m.<\/p>\n<ul>\n<li>Retardateur de flamme<\/li>\n<li>Auto-extinguible<\/li>\n<li>Facile \u00e0 d\u00e9couper<\/li>\n<li>Facile \u00e0 d\u00e9rouler<\/li>\n<li>Flexible<\/li>\n<li>Conformable<\/li>\n<li>Imperm\u00e9able<\/li>\n<li>Bonne r\u00e9sistance \u00e0 l\u2019abrasion<\/li>\n<li>R\u00e9sistant aux U.V.<\/li>\n<li>Adh\u00e9sif non-corrosif<\/li>\n<\/ul>\n<p>Sp\u00e9cification<br \/>\nEn conformit\u00e9* avec la norme BS EN 60454 -3-1\/Type 2 (Avant BS 3924).<\/p>\n<p>D\u00e9couvrez \u00e9galement notre\u00a0<strong><a href=\"http:\/\/accessprotec.fr\/protection-chantier\/adhesifs\/\" target=\"_blank\" rel=\"noopener noreferrer\">gamme compl\u00e8te d\u2019adh\u00e9sifs.<\/a><\/strong><\/p>\n","protected":false},"excerpt":{"rendered":"<p>L&rsquo;adh\u00e9sif ignifug\u00e9 M1 vous assure une s\u00e9curit\u00e9 contre les flammes lors des travaux en milieu sensible, pour la fixation ou la jonction de protections ignifug\u00e9es.<\/p>\n<p>Dimensions : 50 mm x 33 m.<\/p>\n<p>Retrouvez ici la\u00a0<strong><a href=\"https:\/\/www.accessprotec.fr\/fiches-produits\/FICHE-TECHNIQUE-ADHESIF-PVC-M1-BLANC.pdf\" target=\"_blank\" rel=\"noopener noreferrer\">fiche technique<\/a><\/strong><\/p>\n","protected":false},"featured_media":2245,"comment_status":"closed","ping_status":"closed","template":"","meta":[],"product_brand":[],"product_cat":[24],"product_tag":[],"class_list":{"0":"post-1721","1":"product","2":"type-product","3":"status-publish","4":"has-post-thumbnail","6":"product_cat-adhesifs-de-chantier","7":"product_shipping_class-chrono-relais","9":"first","10":"instock","11":"taxable","12":"shipping-taxable","13":"purchasable","14":"product-type-simple"},"df_price":10.97,"df_sale_price":"","df_regular_price":10.97,"df_image_link":"https:\/\/preprod.accessprotec.com\/wp-content\/uploads\/2025\/03\/Design-sans-titre-2025-07-11T153316.177-300x300.png","_links":{"self":[{"href":"https:\/\/preprod.accessprotec.com\/index.php\/wp-json\/wp\/v2\/product\/1721","targetHints":{"allow":["GET"]}}],"collection":[{"href":"https:\/\/preprod.accessprotec.com\/index.php\/wp-json\/wp\/v2\/product"}],"about":[{"href":"https:\/\/preprod.accessprotec.com\/index.php\/wp-json\/wp\/v2\/types\/product"}],"replies":[{"embeddable":true,"href":"https:\/\/preprod.accessprotec.com\/index.php\/wp-json\/wp\/v2\/comments?post=1721"}],"wp:featuredmedia":[{"embeddable":true,"href":"https:\/\/preprod.accessprotec.com\/index.php\/wp-json\/wp\/v2\/media\/2245"}],"wp:attachment":[{"href":"https:\/\/preprod.accessprotec.com\/index.php\/wp-json\/wp\/v2\/media?parent=1721"}],"wp:term":[{"taxonomy":"product_brand","embeddable":true,"href":"https:\/\/preprod.accessprotec.com\/index.php\/wp-json\/wp\/v2\/product_brand?post=1721"},{"taxonomy":"product_cat","embeddable":true,"href":"https:\/\/preprod.accessprotec.com\/index.php\/wp-json\/wp\/v2\/product_cat?post=1721"},{"taxonomy":"product_tag","embeddable":true,"href":"https:\/\/preprod.accessprotec.com\/index.php\/wp-json\/wp\/v2\/product_tag?post=1721"}],"curies":[{"name":"wp","href":"https:\/\/api.w.org\/{rel}","templated":true}]}}