{"id":1722,"date":"2025-03-25T21:07:33","date_gmt":"2025-03-25T20:07:33","guid":{"rendered":"http:\/\/preprod.accessprotec.com\/?post_type=product&#038;p=1722"},"modified":"2025-07-11T15:44:47","modified_gmt":"2025-07-11T13:44:47","slug":"adhesif-toile-enduite-pe-argente-haute-adhesion","status":"publish","type":"product","link":"https:\/\/preprod.accessprotec.com\/index.php\/produit\/adhesif-toile-enduite-pe-argente-haute-adhesion\/","title":{"rendered":"Adh\u00e9sif Toile Enduite PE Argent\u00e9 Haute Adh\u00e9sion"},"content":{"rendered":"<h2>Adh\u00e9sif Toile Enduite PE Arm\u00e9<\/h2>\n<p>L&rsquo;adh\u00e9sif toile enduite haute adh\u00e9sion est id\u00e9ale pour les fixations n\u00e9cessitant une haute r\u00e9sistance.<\/p>\n<p>Compos\u00e9 d&rsquo;une toile lamin\u00e9e poly\u00e9thyl\u00e8ne standard, enduit d\u2019une masse caoutchouc synth\u00e9tique.<br \/>\nBonne r\u00e9sistance m\u00e9canique. Cet adh\u00e9sif poss\u00e8de l&rsquo;avantage d&rsquo;\u00eatre souple.<br \/>\nSa structure lui donne \u00e9galement une bonne r\u00e9sistance en temp\u00e9rature (-10\u00b0C \u00e0 + 60 \u00b0C).<\/p>\n<p>Domaines d&rsquo;application usuels :<\/p>\n<p>La maintenance, les travaux du b\u00e2timent, le confinement, les travaux de d\u00e9samiantage, ainsi que la r\u00e9paration temporaire.<\/p>\n<p>Recommandations d&rsquo;utilisation :<\/p>\n<p>Les surfaces d&rsquo;application doivent \u00eatre propres, s\u00e8ches, exemptes de poussi\u00e8res, de graisse, d\u2019huile ou de tout autre contaminant. Retrouvez toutes les informations d&rsquo;utilisation sur la fiche technique du produit.<\/p>\n<p>Coloris disponible : gris argent\u00e9.<\/p>\n<p>Dimensions :<\/p>\n<p>Largeur : 48 mm,<\/p>\n<p>Longueur : 45 m.<\/p>\n<p>(Anciennement mod\u00e8le 50 mm x 50m)<\/p>\n<p>D\u00e9couvrez \u00e9galement notre\u00a0<strong><a href=\"http:\/\/accessprotec.fr\/protection-chantier\/adhesifs\/\" target=\"_blank\" rel=\"noopener noreferrer\">gamme compl\u00e8te d\u2019adh\u00e9sifs.<\/a><\/strong><\/p>\n","protected":false},"excerpt":{"rendered":"<h2>Adh\u00e9sif Toile Enduite PE Arm\u00e9<\/h2>\n<p>L&rsquo;adh\u00e9sif toile enduite PE arm\u00e9 est utilis\u00e9 dans les travaux de fixations n\u00e9cessitant une forte adh\u00e9rence.<br \/>\nSe d\u00e9coupe facilement.<\/p>\n<p>Dimensions : 48 mm x 45 m.<\/p>\n<p>(Anciennement mod\u00e8le 50 mm x 50m)<\/p>\n<p><a href=\"https:\/\/www.accessprotec.fr\/fiches-produits\/FICHE-TECHNIQUE-ADHESIF-TOILE-ENDUITE-PE.pdf\" target=\"_blank\" rel=\"noopener noreferrer\"><img loading=\"lazy\" decoding=\"async\" class=\"alignleft wp-image-1160 size-full\" src=\"https:\/\/accessprotec.fr\/wp-content\/uploads\/2017\/08\/1200px-Adobe_PDF.svg-e1504783240942.png\" alt=\"\" width=\"70\" height=\"68\" \/><\/a><\/p>\n<p>Retrouvez ici la\u00a0<strong><a href=\"https:\/\/www.accessprotec.fr\/fiches-produits\/FICHE-TECHNIQUE-ADHESIF-TOILE-ENDUITE-PE.pdf\" target=\"_blank\" rel=\"noopener noreferrer\">fiche technique<\/a><\/strong><\/p>\n<p><strong>VOIR LA DESCRIPTION CI-DESSOUS<\/strong><\/p>\n<p>Code article :\u00a022ADHRNCPEA5050<\/p>\n","protected":false},"featured_media":2240,"comment_status":"closed","ping_status":"closed","template":"","meta":[],"product_brand":[],"product_cat":[24],"product_tag":[],"class_list":{"0":"post-1722","1":"product","2":"type-product","3":"status-publish","4":"has-post-thumbnail","6":"product_cat-adhesifs-de-chantier","7":"product_shipping_class-chrono-relais","9":"first","10":"instock","11":"taxable","12":"shipping-taxable","13":"purchasable","14":"product-type-simple"},"df_price":5.25,"df_sale_price":"","df_regular_price":5.25,"df_image_link":"https:\/\/preprod.accessprotec.com\/wp-content\/uploads\/2025\/03\/Design-sans-titre-2025-07-11T153612.484-300x300.png","_links":{"self":[{"href":"https:\/\/preprod.accessprotec.com\/index.php\/wp-json\/wp\/v2\/product\/1722","targetHints":{"allow":["GET"]}}],"collection":[{"href":"https:\/\/preprod.accessprotec.com\/index.php\/wp-json\/wp\/v2\/product"}],"about":[{"href":"https:\/\/preprod.accessprotec.com\/index.php\/wp-json\/wp\/v2\/types\/product"}],"replies":[{"embeddable":true,"href":"https:\/\/preprod.accessprotec.com\/index.php\/wp-json\/wp\/v2\/comments?post=1722"}],"wp:featuredmedia":[{"embeddable":true,"href":"https:\/\/preprod.accessprotec.com\/index.php\/wp-json\/wp\/v2\/media\/2240"}],"wp:attachment":[{"href":"https:\/\/preprod.accessprotec.com\/index.php\/wp-json\/wp\/v2\/media?parent=1722"}],"wp:term":[{"taxonomy":"product_brand","embeddable":true,"href":"https:\/\/preprod.accessprotec.com\/index.php\/wp-json\/wp\/v2\/product_brand?post=1722"},{"taxonomy":"product_cat","embeddable":true,"href":"https:\/\/preprod.accessprotec.com\/index.php\/wp-json\/wp\/v2\/product_cat?post=1722"},{"taxonomy":"product_tag","embeddable":true,"href":"https:\/\/preprod.accessprotec.com\/index.php\/wp-json\/wp\/v2\/product_tag?post=1722"}],"curies":[{"name":"wp","href":"https:\/\/api.w.org\/{rel}","templated":true}]}}