{"id":1723,"date":"2025-03-25T21:07:33","date_gmt":"2025-03-25T20:07:33","guid":{"rendered":"http:\/\/preprod.accessprotec.com\/?post_type=product&#038;p=1723"},"modified":"2025-07-11T15:42:17","modified_gmt":"2025-07-11T13:42:17","slug":"adhesif-pvc-noir","status":"publish","type":"product","link":"https:\/\/preprod.accessprotec.com\/index.php\/produit\/adhesif-pvc-noir\/","title":{"rendered":"Adh\u00e9sif PVC Noir"},"content":{"rendered":"<p>L&rsquo;adh\u00e9sif pvc noir est principalement utilis\u00e9 dans le b\u00e2timent, les travaux publics et tous types de chantiers pour :<\/p>\n<ul>\n<li>L&rsquo;isolation : raccord pare-vapeur entre les l\u00e8s de laine de verre.<\/li>\n<li>L&rsquo;\u00e9lectricit\u00e9 ainsi que la voirie : bouchage des gaines en attente, frettage.<\/li>\n<li>Les enduits, la peinture, et le nettoyage H.P. : protection de courte dur\u00e9e des menuiseries, fixation des<br \/>\nfilms de protection.<\/li>\n<li>Les travaux de d\u00e9samiantage ou en en milieu hostile : montage sas, \u00e9tanch\u00e9it\u00e9 des combinaisons.<\/li>\n<li>L&rsquo;agriculture : pour tous types d&rsquo;usages, il est en effet pratique pour les petites r\u00e9parations d\u2019urgence.Tr\u00e8s r\u00e9sistant, \u00e9lastique et souple, facile \u00e0 d\u00e9chirer \u00e9tanche \u00e0 l\u2019eau et d\u2019une bonne tenue aux U.V.<br \/>\nce ruban adh\u00e9sif est recommand\u00e9 pour tous les travaux en ext\u00e9rieur.<\/li>\n<\/ul>\n<p><strong>Dimensions :<\/strong><\/p>\n<p>Largeur : 50 mm,<\/p>\n<p>Longueur : 33 m.<\/p>\n<p>D\u00e9couvrez \u00e9galement notre <strong><a href=\"http:\/\/accessprotec.fr\/protection-chantier\/adhesifs\/\" target=\"_blank\" rel=\"noopener noreferrer\">gamme compl\u00e8te d&rsquo;adh\u00e9sifs.<\/a><\/strong><\/p>\n","protected":false},"excerpt":{"rendered":"<p>L&rsquo;adh\u00e9sif pvc noir est principalement utilis\u00e9 dans le b\u00e2timent, les travaux publics et tous types de chantiers pour la fixation et la jonction.<\/p>\n<p>Dimensions : 50 mm x 33 m.<\/p>\n<p>Retrouvez ici la\u00a0<strong><a href=\"https:\/\/www.accessprotec.fr\/fiches-produits\/FICHE-TECHNIQUE-ADHESIF-PVC-NOIR.pdf\" target=\"_blank\" rel=\"noopener noreferrer\">fiche technique<\/a><\/strong><\/p>\n","protected":false},"featured_media":2244,"comment_status":"closed","ping_status":"closed","template":"","meta":[],"product_brand":[],"product_cat":[24],"product_tag":[],"class_list":{"0":"post-1723","1":"product","2":"type-product","3":"status-publish","4":"has-post-thumbnail","6":"product_cat-adhesifs-de-chantier","7":"product_shipping_class-chrono-relais","9":"first","10":"instock","11":"taxable","12":"shipping-taxable","13":"purchasable","14":"product-type-simple"},"df_price":3.8,"df_sale_price":"","df_regular_price":3.8,"df_image_link":"https:\/\/preprod.accessprotec.com\/wp-content\/uploads\/2025\/03\/Design-sans-titre-2025-07-11T153408.578-300x300.png","_links":{"self":[{"href":"https:\/\/preprod.accessprotec.com\/index.php\/wp-json\/wp\/v2\/product\/1723","targetHints":{"allow":["GET"]}}],"collection":[{"href":"https:\/\/preprod.accessprotec.com\/index.php\/wp-json\/wp\/v2\/product"}],"about":[{"href":"https:\/\/preprod.accessprotec.com\/index.php\/wp-json\/wp\/v2\/types\/product"}],"replies":[{"embeddable":true,"href":"https:\/\/preprod.accessprotec.com\/index.php\/wp-json\/wp\/v2\/comments?post=1723"}],"wp:featuredmedia":[{"embeddable":true,"href":"https:\/\/preprod.accessprotec.com\/index.php\/wp-json\/wp\/v2\/media\/2244"}],"wp:attachment":[{"href":"https:\/\/preprod.accessprotec.com\/index.php\/wp-json\/wp\/v2\/media?parent=1723"}],"wp:term":[{"taxonomy":"product_brand","embeddable":true,"href":"https:\/\/preprod.accessprotec.com\/index.php\/wp-json\/wp\/v2\/product_brand?post=1723"},{"taxonomy":"product_cat","embeddable":true,"href":"https:\/\/preprod.accessprotec.com\/index.php\/wp-json\/wp\/v2\/product_cat?post=1723"},{"taxonomy":"product_tag","embeddable":true,"href":"https:\/\/preprod.accessprotec.com\/index.php\/wp-json\/wp\/v2\/product_tag?post=1723"}],"curies":[{"name":"wp","href":"https:\/\/api.w.org\/{rel}","templated":true}]}}