{"id":1724,"date":"2025-03-25T21:07:33","date_gmt":"2025-03-25T20:07:33","guid":{"rendered":"http:\/\/preprod.accessprotec.com\/?post_type=product&#038;p=1724"},"modified":"2025-07-11T15:44:23","modified_gmt":"2025-07-11T13:44:23","slug":"devidoir-adhesif-manuel","status":"publish","type":"product","link":"https:\/\/preprod.accessprotec.com\/index.php\/produit\/devidoir-adhesif-manuel\/","title":{"rendered":"D\u00e9vidoir adh\u00e9sif manuel"},"content":{"rendered":"<p>Ce d\u00e9vidoir adh\u00e9sif manuel\u00a0<strong>universel<\/strong> vous permet une <strong>pose rapide et sans efforts<\/strong> de tous nos adh\u00e9sifs.<\/p>\n<p>Sa lame crant\u00e9e permet une coupe nette de l&rsquo;adh\u00e9sif.<\/p>\n<p>Largeur des rouleaux adh\u00e9sifs pouvant \u00eatre ins\u00e9r\u00e9s : 50 mm<\/p>\n<p>D\u00e9couvrez \u00e9galement le reste de la\u00a0<a href=\"https:\/\/accessprotec.fr\/protection-chantier\/adhesifs\/\" target=\"_blank\" rel=\"noopener noreferrer\"><strong>gamme adh\u00e9sifs.<\/strong><\/a><\/p>\n","protected":false},"excerpt":{"rendered":"<p>Ce d\u00e9vidoir universel vous permet une pose rapide et sans efforts de tous nos adh\u00e9sifs.<\/p>\n<p>Sa lame crant\u00e9e permet une coupe nette de l&rsquo;adh\u00e9sif.<\/p>\n<p>Pour une largeur de rouleau de 50 mm<\/p>\n","protected":false},"featured_media":2247,"comment_status":"closed","ping_status":"closed","template":"","meta":[],"product_brand":[],"product_cat":[24],"product_tag":[],"class_list":{"0":"post-1724","1":"product","2":"type-product","3":"status-publish","4":"has-post-thumbnail","6":"product_cat-adhesifs-de-chantier","7":"product_shipping_class-chrono-relais","9":"first","10":"instock","11":"taxable","12":"shipping-taxable","13":"purchasable","14":"product-type-simple"},"df_price":12.56,"df_sale_price":"","df_regular_price":12.56,"df_image_link":"https:\/\/preprod.accessprotec.com\/wp-content\/uploads\/2025\/03\/Design-sans-titre-2025-07-11T153238.023-300x300.png","_links":{"self":[{"href":"https:\/\/preprod.accessprotec.com\/index.php\/wp-json\/wp\/v2\/product\/1724","targetHints":{"allow":["GET"]}}],"collection":[{"href":"https:\/\/preprod.accessprotec.com\/index.php\/wp-json\/wp\/v2\/product"}],"about":[{"href":"https:\/\/preprod.accessprotec.com\/index.php\/wp-json\/wp\/v2\/types\/product"}],"replies":[{"embeddable":true,"href":"https:\/\/preprod.accessprotec.com\/index.php\/wp-json\/wp\/v2\/comments?post=1724"}],"wp:featuredmedia":[{"embeddable":true,"href":"https:\/\/preprod.accessprotec.com\/index.php\/wp-json\/wp\/v2\/media\/2247"}],"wp:attachment":[{"href":"https:\/\/preprod.accessprotec.com\/index.php\/wp-json\/wp\/v2\/media?parent=1724"}],"wp:term":[{"taxonomy":"product_brand","embeddable":true,"href":"https:\/\/preprod.accessprotec.com\/index.php\/wp-json\/wp\/v2\/product_brand?post=1724"},{"taxonomy":"product_cat","embeddable":true,"href":"https:\/\/preprod.accessprotec.com\/index.php\/wp-json\/wp\/v2\/product_cat?post=1724"},{"taxonomy":"product_tag","embeddable":true,"href":"https:\/\/preprod.accessprotec.com\/index.php\/wp-json\/wp\/v2\/product_tag?post=1724"}],"curies":[{"name":"wp","href":"https:\/\/api.w.org\/{rel}","templated":true}]}}