{"id":1726,"date":"2025-03-25T21:07:34","date_gmt":"2025-03-25T20:07:34","guid":{"rendered":"http:\/\/preprod.accessprotec.com\/?post_type=product&#038;p=1726"},"modified":"2025-03-25T21:07:46","modified_gmt":"2025-03-25T20:07:46","slug":"bache-de-protection-personnalisee-micro-perforee","status":"publish","type":"product","link":"https:\/\/preprod.accessprotec.com\/index.php\/produit\/bache-de-protection-personnalisee-micro-perforee\/","title":{"rendered":"B\u00e2che de Protection Personnalis\u00e9e Micro-Perfor\u00e9e"},"content":{"rendered":"<h2>B\u00e2che personnalis\u00e9e micro-perfor\u00e9e<\/h2>\n<p>Vous souhaitez occulter vos cl\u00f4tures de chantier tout en communiquant ? Nous imprimons sur-mesure vos impressions personnalis\u00e9es de b\u00e2ches micro-perfor\u00e9e. Ainsi, profitez d&rsquo;une b\u00e2che personnalis\u00e9e r\u00e9sistante (\u0153illets tous les 50 cm et ourlet sur le pourtour) et r\u00e9utilisable sur vos diff\u00e9rents chantiers.<\/p>\n<p>Mati\u00e8re : PVC.<\/p>\n<p>Dimensions : 1,76 m x 3,38 m.<\/p>\n<p>Fixation \u00e0 la cl\u00f4ture au niveau des \u0153illets gr\u00e2ce aux liens plastiques.<\/p>\n<p>Cette b\u00e2che est bien entendu lavable et r\u00e9utilisable sur tous vos chantiers !<\/p>\n<p>En somme, pourquoi ne pas utiliser vos b\u00e2ches sur cl\u00f4tures comme outils de communication ? D\u00e9crivez en particulier votre chantier en cours et les prochains \u00e0 venir, ou pr\u00e9sentez votre entreprise par exemple.<\/p>\n<p>Vous souhaitez r\u00e9duire les nuisances sonores sur votre chantier ? D\u00e9couvrez la<strong><a href=\"https:\/\/accessprotec.fr\/protection-temporaire-de-chantier\/bache-acoustique\/\" target=\"_blank\" rel=\"noopener\"> b\u00e2che acoustique<\/a> <\/strong>pour cl\u00f4tures !<\/p>\n","protected":false},"excerpt":{"rendered":"<h2>B\u00e2che personnalis\u00e9e micro-perfor\u00e9e<\/h2>\n<p>Contactez-nous pour la cr\u00e9ation de votre b\u00e2che micro-perfor\u00e9e personnalis\u00e9e par impression. Nous imprimons vos visuels &amp; logo pour une communication efficace sur vos chantiers !<\/p>\n<p>Dimensions : 1,76 m x 3,38 m.<\/p>\n<p>Contact : <a href=\"mailto:commercial@accessprotec.fr\">commercial@accessprotec.fr\u00a0<\/a>\u00a0\u00a0\u00a0\u00a0\u00a0\u00a0\u00a0\u00a0\u00a0\u00a0\u00a0T\u00e9l : 03.20.80.20.53<\/p>\n<div class=\"product-info summary col-fit col entry-summary product-summary text-left\">\n<div class=\"product-short-description\">\n<p><strong>VOIR LA DESCRIPTION CI-DESSOUS<\/strong><\/p>\n<\/div>\n<\/div>\n","protected":false},"featured_media":1761,"comment_status":"closed","ping_status":"closed","template":"","meta":[],"product_brand":[],"product_cat":[26,27,28],"product_tag":[],"class_list":{"0":"post-1726","1":"product","2":"type-product","3":"status-publish","4":"has-post-thumbnail","6":"product_cat-baches-filets-de-protection","7":"product_cat-baches-de-protection","8":"product_cat-les-indispensables","10":"first","11":"instock","12":"virtual","13":"taxable","14":"purchasable","15":"product-type-simple"},"df_price":"","df_sale_price":"","df_regular_price":"","df_image_link":"https:\/\/preprod.accessprotec.com\/wp-content\/uploads\/2025\/03\/bache-micro-perforee-imprimee-300x199.jpg","_links":{"self":[{"href":"https:\/\/preprod.accessprotec.com\/index.php\/wp-json\/wp\/v2\/product\/1726","targetHints":{"allow":["GET"]}}],"collection":[{"href":"https:\/\/preprod.accessprotec.com\/index.php\/wp-json\/wp\/v2\/product"}],"about":[{"href":"https:\/\/preprod.accessprotec.com\/index.php\/wp-json\/wp\/v2\/types\/product"}],"replies":[{"embeddable":true,"href":"https:\/\/preprod.accessprotec.com\/index.php\/wp-json\/wp\/v2\/comments?post=1726"}],"wp:featuredmedia":[{"embeddable":true,"href":"https:\/\/preprod.accessprotec.com\/index.php\/wp-json\/wp\/v2\/media\/1761"}],"wp:attachment":[{"href":"https:\/\/preprod.accessprotec.com\/index.php\/wp-json\/wp\/v2\/media?parent=1726"}],"wp:term":[{"taxonomy":"product_brand","embeddable":true,"href":"https:\/\/preprod.accessprotec.com\/index.php\/wp-json\/wp\/v2\/product_brand?post=1726"},{"taxonomy":"product_cat","embeddable":true,"href":"https:\/\/preprod.accessprotec.com\/index.php\/wp-json\/wp\/v2\/product_cat?post=1726"},{"taxonomy":"product_tag","embeddable":true,"href":"https:\/\/preprod.accessprotec.com\/index.php\/wp-json\/wp\/v2\/product_tag?post=1726"}],"curies":[{"name":"wp","href":"https:\/\/api.w.org\/{rel}","templated":true}]}}