{"id":1727,"date":"2025-03-25T21:07:34","date_gmt":"2025-03-25T20:07:34","guid":{"rendered":"http:\/\/preprod.accessprotec.com\/?post_type=product&#038;p=1727"},"modified":"2025-06-23T22:54:08","modified_gmt":"2025-06-23T20:54:08","slug":"liens-plastiques-pour-fixation-des-baches-filets-lot-de-100","status":"publish","type":"product","link":"https:\/\/preprod.accessprotec.com\/index.php\/produit\/liens-plastiques-pour-fixation-des-baches-filets-lot-de-100\/","title":{"rendered":"Liens Plastiques pour Fixation des B\u00e2ches et Filets lot de 100"},"content":{"rendered":"<p><strong>Les liens de serrage plastiques<\/strong> sont indispensables pour la <strong>fixation<\/strong> de vos b\u00e2ches et filets sur cl\u00f4tures ou barri\u00e8res.<\/p>\n<p>Essentiellement utilis\u00e9s pour le <strong>maintien des b\u00e2ches<\/strong>, ces liens peuvent s&rsquo;av\u00e9rer tr\u00e8s pratiques sur chantier pour tous types d&rsquo;usages car ils assurent un <strong>serrage r\u00e9sistant<\/strong> et sans risques de rel\u00e2chement.<\/p>\n<p>Solution \u00e9conomique vendu par lots de 100 unit\u00e9s, recommand\u00e9 en compl\u00e9ment de tout achat de b\u00e2ches.<\/p>\n<p>Dimensions : 30 cm x 5 mm.<\/p>\n<p>Retrouvez notre gamme <strong><a href=\"http:\/\/accessprotec.fr\/protection-chantier\/baches-filets\/\" target=\"_blank\" rel=\"noopener noreferrer\">b\u00e2ches &amp; filets<\/a><\/strong> ainsi que la <strong><a href=\"https:\/\/accessprotec.fr\/protection-temporaire-de-chantier\/bache-acoustique\/\" target=\"_blank\" rel=\"noopener noreferrer\">b\u00e2che acoustique<\/a><\/strong> !<\/p>\n<p>Vous souhaitez probablement faire livrer ce produit directement sur votre chantier ? D\u00e9finissez alors l&rsquo;adresse de livraison qui vous convient en fin d&rsquo;achat !<\/p>\n","protected":false},"excerpt":{"rendered":"<p>Liens de serrage en plastique pour la <strong>fixation de vos b\u00e2ches et filets sur cl\u00f4tures ou barri\u00e8res.<\/strong><\/p>\n<p>Vendu par <strong>lots de 100 unit\u00e9s<\/strong>.<\/p>\n<p>Dimensions : 30 cm x 5 mm.<\/p>\n<p>Retrouvez notre gamme <a href=\"http:\/\/accessprotec.fr\/categorie-produit\/gamme-baches-filets\/\" rel=\"noopener\">b\u00e2ches &amp; filets<\/a> ainsi que la <a href=\"http:\/\/accessprotec.fr\/produit\/bache-acoustique\/\" rel=\"noopener\">b\u00e2che acoustique<\/a> !<\/p>\n","protected":false},"featured_media":1765,"comment_status":"closed","ping_status":"closed","template":"","meta":[],"product_brand":[],"product_cat":[26,27,29],"product_tag":[],"class_list":{"0":"post-1727","1":"product","2":"type-product","3":"status-publish","4":"has-post-thumbnail","6":"product_cat-baches-filets-de-protection","7":"product_cat-baches-de-protection","8":"product_cat-filets-de-protection","10":"first","11":"instock","12":"taxable","13":"shipping-taxable","14":"purchasable","15":"product-type-simple"},"df_price":6.67,"df_sale_price":"","df_regular_price":6.67,"df_image_link":"https:\/\/preprod.accessprotec.com\/wp-content\/uploads\/2025\/03\/bache-acoustique-liens-300x199.jpg","_links":{"self":[{"href":"https:\/\/preprod.accessprotec.com\/index.php\/wp-json\/wp\/v2\/product\/1727","targetHints":{"allow":["GET"]}}],"collection":[{"href":"https:\/\/preprod.accessprotec.com\/index.php\/wp-json\/wp\/v2\/product"}],"about":[{"href":"https:\/\/preprod.accessprotec.com\/index.php\/wp-json\/wp\/v2\/types\/product"}],"replies":[{"embeddable":true,"href":"https:\/\/preprod.accessprotec.com\/index.php\/wp-json\/wp\/v2\/comments?post=1727"}],"wp:featuredmedia":[{"embeddable":true,"href":"https:\/\/preprod.accessprotec.com\/index.php\/wp-json\/wp\/v2\/media\/1765"}],"wp:attachment":[{"href":"https:\/\/preprod.accessprotec.com\/index.php\/wp-json\/wp\/v2\/media?parent=1727"}],"wp:term":[{"taxonomy":"product_brand","embeddable":true,"href":"https:\/\/preprod.accessprotec.com\/index.php\/wp-json\/wp\/v2\/product_brand?post=1727"},{"taxonomy":"product_cat","embeddable":true,"href":"https:\/\/preprod.accessprotec.com\/index.php\/wp-json\/wp\/v2\/product_cat?post=1727"},{"taxonomy":"product_tag","embeddable":true,"href":"https:\/\/preprod.accessprotec.com\/index.php\/wp-json\/wp\/v2\/product_tag?post=1727"}],"curies":[{"name":"wp","href":"https:\/\/api.w.org\/{rel}","templated":true}]}}