{"id":1728,"date":"2025-03-25T21:07:34","date_gmt":"2025-03-25T20:07:34","guid":{"rendered":"http:\/\/preprod.accessprotec.com\/?post_type=product&#038;p=1728"},"modified":"2025-07-11T13:18:35","modified_gmt":"2025-07-11T11:18:35","slug":"bache-pour-cloture-et-barriere-a-oeillets-haute-densite-176-m-x-341-m","status":"publish","type":"product","link":"https:\/\/preprod.accessprotec.com\/index.php\/produit\/bache-pour-cloture-et-barriere-a-oeillets-haute-densite-176-m-x-341-m\/","title":{"rendered":"B\u00e2che pour cl\u00f4ture et barri\u00e8re \u00e0 \u0153illets haute densit\u00e9 1,76 m x 3,41 m"},"content":{"rendered":"<p>Cette b\u00e2che cl\u00f4ture et barri\u00e8re pour chantiers d&rsquo;ext\u00e9rieur vous assure une bonne tenue face aux intemp\u00e9ries.<\/p>\n<p>Mati\u00e8re : Poly\u00e9thyl\u00e8ne haute densit\u00e9 &#8211; toile de bandelettes, enduction poly\u00e9thyl\u00e8ne basse densit\u00e9.<\/p>\n<p>Existe en 4 coloris diff\u00e9rents : blanc, bleu, vert et noir, ainsi qu&rsquo;en version ignifug\u00e9e M1 (blanc ou vert).<\/p>\n<p>\u0152illets en aluminium, diam\u00e8tre int\u00e9rieur de 12\u00a0mm, situ\u00e9s tous les 50\u00a0cm.<\/p>\n<p>Pour r\u00e9duire les nuisances sonores issues de votre chantier, optez pour la<strong><br \/>\n<a href=\"https:\/\/accessprotec.fr\/protection-temporaire-de-chantier\/bache-acoustique\/\" target=\"_blank\" rel=\"noopener noreferrer\">b\u00e2che acoustique<\/a><\/strong> !<\/p>\n","protected":false},"excerpt":{"rendered":"<p>B\u00e2che <strong>pour cl\u00f4tures et barri\u00e8res de chantier<\/strong>. Protection <strong>r\u00e9sistante contre les intemp\u00e9ries, <\/strong>munie d\u2019\u0153illets pour la fixation.\u00a0<strong>Existe en 4 coloris diff\u00e9rents ainsi qu&rsquo;en version ignifug\u00e9e M1.<\/strong><\/p>\n<p>Retrouvez ici la\u00a0<strong><a href=\"http:\/\/www.accessprotec.fr\/fiches-produits\/FICHE-TECHNIQUE-B\u00c2CHE-CLOTURE-MOBILE-1,76x3,41.pdf\" target=\"_blank\" rel=\"noopener noreferrer\">fiche technique de la version classique.<\/a><br \/>\n<\/strong>Retrouvez ici la<strong>\u00a0<a href=\"http:\/\/www.accessprotec.fr\/fiches-produits\/FICHE-TECHNIQUE-B\u00c2CHE-CLOTURE-MOBILE-IGNIFUG\u00c9E-1,76x3,41.pdf\" target=\"_blank\" rel=\"noopener noreferrer\">fiche technique de la version ignifug\u00e9e.<\/a><\/strong><\/p>\n","protected":false},"featured_media":2218,"comment_status":"closed","ping_status":"closed","template":"","meta":[],"product_brand":[],"product_cat":[26,27],"product_tag":[],"class_list":{"0":"post-1728","1":"product","2":"type-product","3":"status-publish","4":"has-post-thumbnail","6":"product_cat-baches-filets-de-protection","7":"product_cat-baches-de-protection","9":"first","10":"instock","11":"taxable","12":"shipping-taxable","13":"purchasable","14":"product-type-variable"},"df_price":9.31,"df_sale_price":"","df_regular_price":9.31,"df_image_link":"https:\/\/preprod.accessprotec.com\/wp-content\/uploads\/2025\/03\/Design-sans-titre-85-300x300.png","_links":{"self":[{"href":"https:\/\/preprod.accessprotec.com\/index.php\/wp-json\/wp\/v2\/product\/1728","targetHints":{"allow":["GET"]}}],"collection":[{"href":"https:\/\/preprod.accessprotec.com\/index.php\/wp-json\/wp\/v2\/product"}],"about":[{"href":"https:\/\/preprod.accessprotec.com\/index.php\/wp-json\/wp\/v2\/types\/product"}],"replies":[{"embeddable":true,"href":"https:\/\/preprod.accessprotec.com\/index.php\/wp-json\/wp\/v2\/comments?post=1728"}],"wp:featuredmedia":[{"embeddable":true,"href":"https:\/\/preprod.accessprotec.com\/index.php\/wp-json\/wp\/v2\/media\/2218"}],"wp:attachment":[{"href":"https:\/\/preprod.accessprotec.com\/index.php\/wp-json\/wp\/v2\/media?parent=1728"}],"wp:term":[{"taxonomy":"product_brand","embeddable":true,"href":"https:\/\/preprod.accessprotec.com\/index.php\/wp-json\/wp\/v2\/product_brand?post=1728"},{"taxonomy":"product_cat","embeddable":true,"href":"https:\/\/preprod.accessprotec.com\/index.php\/wp-json\/wp\/v2\/product_cat?post=1728"},{"taxonomy":"product_tag","embeddable":true,"href":"https:\/\/preprod.accessprotec.com\/index.php\/wp-json\/wp\/v2\/product_tag?post=1728"}],"curies":[{"name":"wp","href":"https:\/\/api.w.org\/{rel}","templated":true}]}}