{"id":1729,"date":"2025-03-25T21:07:34","date_gmt":"2025-03-25T20:07:34","guid":{"rendered":"http:\/\/preprod.accessprotec.com\/?post_type=product&#038;p=1729"},"modified":"2025-07-11T13:23:55","modified_gmt":"2025-07-11T11:23:55","slug":"bache-armee-ultra-resistante-pour-clotures-echafaudages-170-g-m2","status":"publish","type":"product","link":"https:\/\/preprod.accessprotec.com\/index.php\/produit\/bache-armee-ultra-resistante-pour-clotures-echafaudages-170-g-m2\/","title":{"rendered":"B\u00e2che Arm\u00e9e Ultra R\u00e9sistante pour Cl\u00f4tures et \u00c9chafaudages 170 g\/m\u00b2"},"content":{"rendered":"<p><strong>B\u00e2che arm\u00e9e tr\u00e8s r\u00e9sistante<\/strong> pour vos cl\u00f4tures de chantier. Convient aussi pour les \u00e9chafaudages.<br \/>\nDisponible en plusieurs dimensions ainsi qu&rsquo;en version <strong>ignifug\u00e9e M1<\/strong> pour vos chantiers en milieu sensible.<\/p>\n<p>Polypropyl\u00e8ne tiss\u00e9 avec rev\u00eatement poly\u00e9thyl\u00e8ne basse densit\u00e9,<br \/>\nDensit\u00e9 : <strong>170 g\/m\u00b2 pour la version translucide<\/strong> et <strong>150 g\/m\u00b2 pour la version translucide ignifug\u00e9e<\/strong>.<br \/>\n\u0152illets de diam\u00e8tre 15 mm situ\u00e9s tous les 10 cm sur le pourtour.<\/p>\n<p>Les dimensions et finitions disponibles selon vos besoins :<\/p>\n<ul>\n<li>Translucide 170 g\/m\u00b2 &#8211; 2,70 m x 20 m,<\/li>\n<li>translucide 170 g\/m\u00b2 &#8211; 2 m x 45 m,<\/li>\n<li>translucide 170 g\/m\u00b2 &#8211; 3,20 m x 20 m,<\/li>\n<li>translucide 170 g\/m\u00b2 &#8211; 3 m x 45 m,<\/li>\n<li>translucide ignifug\u00e9 150 g\/m\u00b2 &#8211; 2,70 m x 20 m,<\/li>\n<li>translucide ignifug\u00e9 150 g\/m\u00b2 &#8211; 3,20 m x 20 m.<\/li>\n<\/ul>\n<p>Pour son installation, utilisez nos <strong><a href=\"https:\/\/accessprotec.fr\/protection-temporaire-de-chantier\/liens-de-serrage\/\" target=\"_blank\" rel=\"noopener noreferrer\">liens plastiques<\/a><\/strong> ou <a href=\"https:\/\/accessprotec.fr\/protection-temporaire-de-chantier\/liens-elastiques-flexibles\/\" target=\"_blank\" rel=\"noopener noreferrer\"><strong>liens \u00e9lastiques<\/strong><\/a> !<\/p>\n","protected":false},"excerpt":{"rendered":"<p><strong>B\u00e2che arm\u00e9e<\/strong> pour \u00e9chafaudage ou cl\u00f4tures de chantier. Existe en format translucide (170 g\/m\u00b2) ou <strong>translucide ignifug\u00e9 M1<\/strong> (150 g\/m\u00b2 &#8211; r\u00e9sistant aux flammes). Cette b\u00e2che est <strong>tr\u00e8s r\u00e9sistante<\/strong> et vous apporte une s\u00e9curit\u00e9 optimale sur vos chantiers.<\/p>\n<p>Plusieurs dimensions sont disponibles.<\/p>\n<p>Retrouvez ici la\u00a0<strong><a href=\"http:\/\/www.accessprotec.fr\/fiches-produits\/FICHE-TECHNIQUE-B\u00c2CHE-ARM\u00c9E-170-g-m\u00b2.pdf\" target=\"_blank\" rel=\"noopener noreferrer\">fiche technique version translucide 170 g\/m\u00b2<\/a><br \/>\n<\/strong>Retrouvez ici la<a href=\"http:\/\/www.accessprotec.fr\/fiches-produits\/FICHE-TECHNIQUE-B\u00c2CHE-ARM\u00c9E-IGNIFUG\u00c9E-150 g-m\u00b2.pdf\"><strong> fiche technique de la version translucide ignifug\u00e9e 150 g\/m\u00b2<\/strong><\/a><\/p>\n<p>&nbsp;<\/p>\n","protected":false},"featured_media":2219,"comment_status":"closed","ping_status":"closed","template":"","meta":[],"product_brand":[],"product_cat":[26,27],"product_tag":[],"class_list":{"0":"post-1729","1":"product","2":"type-product","3":"status-publish","4":"has-post-thumbnail","6":"product_cat-baches-filets-de-protection","7":"product_cat-baches-de-protection","9":"first","10":"instock","11":"taxable","12":"shipping-taxable","13":"purchasable","14":"product-type-variable"},"df_price":78.22,"df_sale_price":"","df_regular_price":78.22,"df_image_link":"https:\/\/preprod.accessprotec.com\/wp-content\/uploads\/2025\/03\/Design-sans-titre-87-300x300.png","_links":{"self":[{"href":"https:\/\/preprod.accessprotec.com\/index.php\/wp-json\/wp\/v2\/product\/1729","targetHints":{"allow":["GET"]}}],"collection":[{"href":"https:\/\/preprod.accessprotec.com\/index.php\/wp-json\/wp\/v2\/product"}],"about":[{"href":"https:\/\/preprod.accessprotec.com\/index.php\/wp-json\/wp\/v2\/types\/product"}],"replies":[{"embeddable":true,"href":"https:\/\/preprod.accessprotec.com\/index.php\/wp-json\/wp\/v2\/comments?post=1729"}],"wp:featuredmedia":[{"embeddable":true,"href":"https:\/\/preprod.accessprotec.com\/index.php\/wp-json\/wp\/v2\/media\/2219"}],"wp:attachment":[{"href":"https:\/\/preprod.accessprotec.com\/index.php\/wp-json\/wp\/v2\/media?parent=1729"}],"wp:term":[{"taxonomy":"product_brand","embeddable":true,"href":"https:\/\/preprod.accessprotec.com\/index.php\/wp-json\/wp\/v2\/product_brand?post=1729"},{"taxonomy":"product_cat","embeddable":true,"href":"https:\/\/preprod.accessprotec.com\/index.php\/wp-json\/wp\/v2\/product_cat?post=1729"},{"taxonomy":"product_tag","embeddable":true,"href":"https:\/\/preprod.accessprotec.com\/index.php\/wp-json\/wp\/v2\/product_tag?post=1729"}],"curies":[{"name":"wp","href":"https:\/\/api.w.org\/{rel}","templated":true}]}}