{"id":1731,"date":"2025-03-25T21:07:35","date_gmt":"2025-03-25T20:07:35","guid":{"rendered":"http:\/\/preprod.accessprotec.com\/?post_type=product&#038;p=1731"},"modified":"2025-06-23T22:51:45","modified_gmt":"2025-06-23T20:51:45","slug":"filet-pour-echafaudage-haute-densite-resistant-2m-x-50m-ou-3m-x-50m","status":"publish","type":"product","link":"https:\/\/preprod.accessprotec.com\/index.php\/produit\/filet-pour-echafaudage-haute-densite-resistant-2m-x-50m-ou-3m-x-50m\/","title":{"rendered":"Filet pour \u00e9chafaudage haute densit\u00e9 r\u00e9sistant 2m x 50m ou 3m x 50m"},"content":{"rendered":"<p><strong>Le filet \u00e9chafaudage<\/strong> vous assure une protection <strong>contre les chutes d&rsquo;objets et de d\u00e9bris<\/strong>. Recommand\u00e9 non seulement pour le travail sur \u00e9chafaudage et tous types de <strong>travaux en hauteur.\u00a0<\/strong><\/p>\n<p>Existe en deux formats : 2 m x 50 m ou 3 m x 50 m.<\/p>\n<p>\u0152illets de fixation tous les 5 cm sur le pourtour.<\/p>\n<p>Mati\u00e8re : poly\u00e9thyl\u00e8ne haute-densit\u00e9 cousu, mono-filament.<\/p>\n<p>Densit\u00e9 : 50 g\/m\u00b2.<\/p>\n<p>Retrouvez toutes nos <strong><a href=\"https:\/\/accessprotec.fr\/protection-chantier\/baches-filets\/\" target=\"_blank\" rel=\"noopener noreferrer\">b\u00e2ches et filets<\/a><\/strong> pour chantiers en ext\u00e9rieur.<\/p>\n","protected":false},"excerpt":{"rendered":"<p><strong>Filet pour \u00e9chafaudage<\/strong> et autres chantiers en ext\u00e9rieur.<br \/>\nFormat 2 m x 50 m ou 3 m x 50 m.<\/p>\n<p>Retrouvez ici la\u00a0<strong><a href=\"https:\/\/www.accessprotec.fr\/fiches-produits\/FICHE-TECHNIQUE-FILET-\u00c9CHAFAUDAGE.pdf\" target=\"_blank\" rel=\"noopener noreferrer\">fiche technique<\/a><\/strong><\/p>\n","protected":false},"featured_media":1773,"comment_status":"closed","ping_status":"closed","template":"","meta":[],"product_brand":[],"product_cat":[26,29],"product_tag":[],"class_list":{"0":"post-1731","1":"product","2":"type-product","3":"status-publish","4":"has-post-thumbnail","6":"product_cat-baches-filets-de-protection","7":"product_cat-filets-de-protection","9":"first","10":"instock","11":"taxable","12":"shipping-taxable","13":"purchasable","14":"product-type-variable"},"df_price":57.5,"df_sale_price":"","df_regular_price":57.5,"df_image_link":"https:\/\/preprod.accessprotec.com\/wp-content\/uploads\/2025\/03\/filet-echafaudage-scaled-1-300x225.jpg","_links":{"self":[{"href":"https:\/\/preprod.accessprotec.com\/index.php\/wp-json\/wp\/v2\/product\/1731","targetHints":{"allow":["GET"]}}],"collection":[{"href":"https:\/\/preprod.accessprotec.com\/index.php\/wp-json\/wp\/v2\/product"}],"about":[{"href":"https:\/\/preprod.accessprotec.com\/index.php\/wp-json\/wp\/v2\/types\/product"}],"replies":[{"embeddable":true,"href":"https:\/\/preprod.accessprotec.com\/index.php\/wp-json\/wp\/v2\/comments?post=1731"}],"wp:featuredmedia":[{"embeddable":true,"href":"https:\/\/preprod.accessprotec.com\/index.php\/wp-json\/wp\/v2\/media\/1773"}],"wp:attachment":[{"href":"https:\/\/preprod.accessprotec.com\/index.php\/wp-json\/wp\/v2\/media?parent=1731"}],"wp:term":[{"taxonomy":"product_brand","embeddable":true,"href":"https:\/\/preprod.accessprotec.com\/index.php\/wp-json\/wp\/v2\/product_brand?post=1731"},{"taxonomy":"product_cat","embeddable":true,"href":"https:\/\/preprod.accessprotec.com\/index.php\/wp-json\/wp\/v2\/product_cat?post=1731"},{"taxonomy":"product_tag","embeddable":true,"href":"https:\/\/preprod.accessprotec.com\/index.php\/wp-json\/wp\/v2\/product_tag?post=1731"}],"curies":[{"name":"wp","href":"https:\/\/api.w.org\/{rel}","templated":true}]}}