{"id":1732,"date":"2025-03-25T21:07:35","date_gmt":"2025-03-25T20:07:35","guid":{"rendered":"http:\/\/preprod.accessprotec.com\/?post_type=product&#038;p=1732"},"modified":"2025-06-23T22:54:41","modified_gmt":"2025-06-23T20:54:41","slug":"liens-elastiques-flexibles-pour-baches-et-filets-lot-de-100","status":"publish","type":"product","link":"https:\/\/preprod.accessprotec.com\/index.php\/produit\/liens-elastiques-flexibles-pour-baches-et-filets-lot-de-100\/","title":{"rendered":"Liens \u00c9lastiques Flexibles pour B\u00e2ches et Filets lot de 100"},"content":{"rendered":"<p><strong>Les liens \u00e9lastiques flexibles<\/strong> vous permettent de mettre en place facilement les <strong>b\u00e2ches et filets<\/strong> sur tous types de barri\u00e8res et cl\u00f4tures. Ils sont extensibles pour une facilit\u00e9 de mise en place et r\u00e9siste aux forts vents en ext\u00e9rieur.<\/p>\n<p>Vendus par lot de 100 unit\u00e9s.<br \/>\nLongueur : 30 cm.<br \/>\n\u00c0 utiliser au niveau des \u0153illets de vos b\u00e2ches et filets.<\/p>\n<p>D\u00e9couvrez aussi nos <a href=\"https:\/\/accessprotec.fr\/protection-temporaire-de-chantier\/liens-de-serrage\/\" target=\"_blank\" rel=\"noopener noreferrer\"><strong>liens plastiques<\/strong><\/a> pour la fixation de vos b\u00e2ches et filets sur cl\u00f4tures de chantier.<\/p>\n","protected":false},"excerpt":{"rendered":"<p>Lot de 100 liens \u00e9lastiques flexibles pour la mise en place de vos b\u00e2ches et filets sur chantiers.<br \/>\nLongueur de 30 cm extensible.<\/p>\n","protected":false},"featured_media":1774,"comment_status":"closed","ping_status":"closed","template":"","meta":[],"product_brand":[],"product_cat":[26,27,29],"product_tag":[],"class_list":{"0":"post-1732","1":"product","2":"type-product","3":"status-publish","4":"has-post-thumbnail","6":"product_cat-baches-filets-de-protection","7":"product_cat-baches-de-protection","8":"product_cat-filets-de-protection","10":"first","11":"instock","12":"taxable","13":"shipping-taxable","14":"purchasable","15":"product-type-simple"},"df_price":49.85,"df_sale_price":"","df_regular_price":49.85,"df_image_link":"https:\/\/preprod.accessprotec.com\/wp-content\/uploads\/2025\/03\/lien-elastique-300x199.jpg","_links":{"self":[{"href":"https:\/\/preprod.accessprotec.com\/index.php\/wp-json\/wp\/v2\/product\/1732","targetHints":{"allow":["GET"]}}],"collection":[{"href":"https:\/\/preprod.accessprotec.com\/index.php\/wp-json\/wp\/v2\/product"}],"about":[{"href":"https:\/\/preprod.accessprotec.com\/index.php\/wp-json\/wp\/v2\/types\/product"}],"replies":[{"embeddable":true,"href":"https:\/\/preprod.accessprotec.com\/index.php\/wp-json\/wp\/v2\/comments?post=1732"}],"wp:featuredmedia":[{"embeddable":true,"href":"https:\/\/preprod.accessprotec.com\/index.php\/wp-json\/wp\/v2\/media\/1774"}],"wp:attachment":[{"href":"https:\/\/preprod.accessprotec.com\/index.php\/wp-json\/wp\/v2\/media?parent=1732"}],"wp:term":[{"taxonomy":"product_brand","embeddable":true,"href":"https:\/\/preprod.accessprotec.com\/index.php\/wp-json\/wp\/v2\/product_brand?post=1732"},{"taxonomy":"product_cat","embeddable":true,"href":"https:\/\/preprod.accessprotec.com\/index.php\/wp-json\/wp\/v2\/product_cat?post=1732"},{"taxonomy":"product_tag","embeddable":true,"href":"https:\/\/preprod.accessprotec.com\/index.php\/wp-json\/wp\/v2\/product_tag?post=1732"}],"curies":[{"name":"wp","href":"https:\/\/api.w.org\/{rel}","templated":true}]}}