{"id":1785,"date":"2025-03-25T21:08:00","date_gmt":"2025-03-25T20:08:00","guid":{"rendered":"http:\/\/preprod.accessprotec.com\/?post_type=product&#038;p=1785"},"modified":"2025-06-23T22:39:53","modified_gmt":"2025-06-23T20:39:53","slug":"film-polyethylene-m1-ignifuge-pour-cloison-anti-poussiere-3x41m-4mx32","status":"publish","type":"product","link":"https:\/\/preprod.accessprotec.com\/index.php\/produit\/film-polyethylene-m1-ignifuge-pour-cloison-anti-poussiere-3x41m-4mx32\/","title":{"rendered":"Film Poly\u00e9thyl\u00e8ne M1 Ignifug\u00e9 pour Cloison Anti-Poussi\u00e8re 3x41m\/4mx32"},"content":{"rendered":"<p><strong>Le film poly\u00e9thyl\u00e8ne M1<\/strong> <strong>ignifug\u00e9 <\/strong>est l\u2019\u00e9l\u00e9ment principal de la <a href=\"https:\/\/accessprotec.fr\/protection-chantier\/cloison-anti-poussiere\/\" target=\"_blank\" rel=\"noopener noreferrer\"><strong>cloison anti-poussi\u00e8re<\/strong><\/a> puisqu&rsquo;il constitue sa paroi \u00e9tanche.<br \/>\nD&rsquo;une \u00e9paisseur de 100 microns, il est tr\u00e8s r\u00e9sistant et procure une s\u00e9curit\u00e9 anti-feu lors de vos chantiers en zone occup\u00e9e. D&rsquo;autre part, il se d\u00e9coupe facilement au cutter lors de l&rsquo;installation de votre sas \u00e9tanche.<br \/>\nLe film poly\u00e9thyl\u00e8ne <strong>prot\u00e8ge \u00e0 la fois des poussi\u00e8res et des liquides<\/strong>. Il peut \u00e9galement vous servir \u00e0 prot\u00e9ger vos objets lors du stockage ou du transport !<\/p>\n<p>Disponible en format <strong>3 m x 41 m ou 4 m x 32 m.<\/strong><\/p>\n<p>D\u00e9couvrez aussi <a href=\"https:\/\/accessprotec.fr\/protection-chantier\/gamme-polyethylene\/\" target=\"_blank\" rel=\"noopener noreferrer\"><strong>nos autres formats de films poly\u00e9thyl\u00e8nes !<\/strong><\/a><\/p>\n","protected":false},"excerpt":{"rendered":"<p><strong>Le film poly\u00e9thyl\u00e8ne M1<\/strong> <strong>ignifug\u00e9 <\/strong>est l\u2019\u00e9l\u00e9ment principal de la <a href=\"https:\/\/accessprotec.fr\/protection-chantier\/cloison-anti-poussiere\/\" target=\"_blank\" rel=\"noopener noreferrer\"><strong>cloison anti-poussi\u00e8re<\/strong><\/a> puisqu&rsquo;il constitue sa paroi \u00e9tanche.<\/p>\n<p>Retrouvez ici la\u00a0<strong><a href=\"https:\/\/www.accessprotec.fr\/fiches-produits\/FICHE-TECHNIQUE-FILM-POLY\u00c9THYL\u00c8NE-M1-BLANC.pdf\" target=\"_blank\" rel=\"noopener noreferrer\">fiche technique<\/a><\/strong><\/p>\n","protected":false},"featured_media":1805,"comment_status":"closed","ping_status":"closed","template":"","meta":[],"product_brand":[],"product_cat":[31,30],"product_tag":[32],"class_list":{"0":"post-1785","1":"product","2":"type-product","3":"status-publish","4":"has-post-thumbnail","6":"product_cat-cloison-anti-poussiere","7":"product_cat-protection-des-murs","8":"product_tag-cloison-anti-poussiere","10":"first","11":"instock","12":"taxable","13":"shipping-taxable","14":"purchasable","15":"product-type-variable"},"df_price":129.36,"df_sale_price":"","df_regular_price":129.36,"df_image_link":"https:\/\/preprod.accessprotec.com\/wp-content\/uploads\/2025\/03\/polyethylene-internet-300x200.jpg","_links":{"self":[{"href":"https:\/\/preprod.accessprotec.com\/index.php\/wp-json\/wp\/v2\/product\/1785","targetHints":{"allow":["GET"]}}],"collection":[{"href":"https:\/\/preprod.accessprotec.com\/index.php\/wp-json\/wp\/v2\/product"}],"about":[{"href":"https:\/\/preprod.accessprotec.com\/index.php\/wp-json\/wp\/v2\/types\/product"}],"replies":[{"embeddable":true,"href":"https:\/\/preprod.accessprotec.com\/index.php\/wp-json\/wp\/v2\/comments?post=1785"}],"wp:featuredmedia":[{"embeddable":true,"href":"https:\/\/preprod.accessprotec.com\/index.php\/wp-json\/wp\/v2\/media\/1805"}],"wp:attachment":[{"href":"https:\/\/preprod.accessprotec.com\/index.php\/wp-json\/wp\/v2\/media?parent=1785"}],"wp:term":[{"taxonomy":"product_brand","embeddable":true,"href":"https:\/\/preprod.accessprotec.com\/index.php\/wp-json\/wp\/v2\/product_brand?post=1785"},{"taxonomy":"product_cat","embeddable":true,"href":"https:\/\/preprod.accessprotec.com\/index.php\/wp-json\/wp\/v2\/product_cat?post=1785"},{"taxonomy":"product_tag","embeddable":true,"href":"https:\/\/preprod.accessprotec.com\/index.php\/wp-json\/wp\/v2\/product_tag?post=1785"}],"curies":[{"name":"wp","href":"https:\/\/api.w.org\/{rel}","templated":true}]}}