{"id":1786,"date":"2025-03-25T21:08:00","date_gmt":"2025-03-25T20:08:00","guid":{"rendered":"http:\/\/preprod.accessprotec.com\/?post_type=product&#038;p=1786"},"modified":"2025-07-07T16:54:06","modified_gmt":"2025-07-07T14:54:06","slug":"tube-telescopique-pour-cloison-anti-poussiere-3m-4m","status":"publish","type":"product","link":"https:\/\/preprod.accessprotec.com\/index.php\/produit\/tube-telescopique-pour-cloison-anti-poussiere-3m-4m\/","title":{"rendered":"Tube T\u00e9lescopique pour Cloison Anti-Poussi\u00e8re 3m \/ 4m"},"content":{"rendered":"<p><strong>Le support t\u00e9lescopique<\/strong> est l&rsquo;un des \u00e9l\u00e9ments principaux de votre <a href=\"https:\/\/accessprotec.fr\/protection-chantier\/cloison-anti-poussiere\/\" target=\"_blank\" rel=\"noopener noreferrer\"><strong>cloison anti-poussi\u00e8re.<\/strong><\/a> Il vous aide \u00e0 tendre votre film poly\u00e9thyl\u00e8ne du sol au plafond cr\u00e9ant ainsi un sas ferm\u00e9 aux poussi\u00e8res et autres salet\u00e9s. Poss\u00e9dant une plaque carr\u00e9e sur sa partie inf\u00e9rieure, le support est tr\u00e8s stable une fois install\u00e9 !<\/p>\n<p>Le support existe en deux hauteurs : <strong>3 et 4 m\u00e8tres<\/strong> mais nous pouvons \u00e9galement <strong>confectionner vos supports sur-mesure<\/strong> selon vos besoins sur chantier. Nous poss\u00e9dons en effet <strong>notre propre atelier de production<\/strong>, vous garantissant ainsi une meilleure r\u00e9activit\u00e9 !<\/p>\n<p>Retrouvez le reste des \u00e9l\u00e9ments n\u00e9cessaires au montage de votre <strong><a href=\"https:\/\/accessprotec.fr\/protection-chantier\/cloison-anti-poussiere\/\" target=\"_blank\" rel=\"noopener noreferrer\">cloison anti-poussi\u00e8re.<\/a><\/strong><\/p>\n","protected":false},"excerpt":{"rendered":"<p>Support pour le montage de la <strong>cloison anti-poussi\u00e8re<\/strong> sur votre chantier.<br \/>\nHauteur 3 ou 4 m.<br \/>\n<strong>Confection sur-mesure possible dans notre atelier (nous contacter).<\/strong><\/p>\n<p>Retrouvez ici la\u00a0<strong><a href=\"https:\/\/preprod.accessprotec.com\/wp-content\/uploads\/2025\/07\/FT-support-telescopique.pdf\" target=\"_blank\" rel=\"noopener noreferrer\">fiche technique<\/a><\/strong><\/p>\n","protected":false},"featured_media":1806,"comment_status":"closed","ping_status":"closed","template":"","meta":[],"product_brand":[],"product_cat":[31,30],"product_tag":[],"class_list":{"0":"post-1786","1":"product","2":"type-product","3":"status-publish","4":"has-post-thumbnail","6":"product_cat-cloison-anti-poussiere","7":"product_cat-protection-des-murs","9":"first","10":"instock","11":"taxable","12":"shipping-taxable","13":"purchasable","14":"product-type-variable"},"df_price":"","df_sale_price":"","df_regular_price":"","df_image_link":"https:\/\/preprod.accessprotec.com\/wp-content\/uploads\/2025\/03\/IMG_052911958-225x300.jpg","_links":{"self":[{"href":"https:\/\/preprod.accessprotec.com\/index.php\/wp-json\/wp\/v2\/product\/1786","targetHints":{"allow":["GET"]}}],"collection":[{"href":"https:\/\/preprod.accessprotec.com\/index.php\/wp-json\/wp\/v2\/product"}],"about":[{"href":"https:\/\/preprod.accessprotec.com\/index.php\/wp-json\/wp\/v2\/types\/product"}],"replies":[{"embeddable":true,"href":"https:\/\/preprod.accessprotec.com\/index.php\/wp-json\/wp\/v2\/comments?post=1786"}],"wp:featuredmedia":[{"embeddable":true,"href":"https:\/\/preprod.accessprotec.com\/index.php\/wp-json\/wp\/v2\/media\/1806"}],"wp:attachment":[{"href":"https:\/\/preprod.accessprotec.com\/index.php\/wp-json\/wp\/v2\/media?parent=1786"}],"wp:term":[{"taxonomy":"product_brand","embeddable":true,"href":"https:\/\/preprod.accessprotec.com\/index.php\/wp-json\/wp\/v2\/product_brand?post=1786"},{"taxonomy":"product_cat","embeddable":true,"href":"https:\/\/preprod.accessprotec.com\/index.php\/wp-json\/wp\/v2\/product_cat?post=1786"},{"taxonomy":"product_tag","embeddable":true,"href":"https:\/\/preprod.accessprotec.com\/index.php\/wp-json\/wp\/v2\/product_tag?post=1786"}],"curies":[{"name":"wp","href":"https:\/\/api.w.org\/{rel}","templated":true}]}}