{"id":1788,"date":"2025-03-25T21:08:00","date_gmt":"2025-03-25T20:08:00","guid":{"rendered":"http:\/\/preprod.accessprotec.com\/?post_type=product&#038;p=1788"},"modified":"2025-06-23T22:24:46","modified_gmt":"2025-06-23T20:24:46","slug":"mousse-detancheite-pour-cloison-anti-poussiere-1m20","status":"publish","type":"product","link":"https:\/\/preprod.accessprotec.com\/index.php\/produit\/mousse-detancheite-pour-cloison-anti-poussiere-1m20\/","title":{"rendered":"Mousse d&rsquo;\u00c9tanch\u00e9it\u00e9 pour Cloison Anti-Poussi\u00e8re 1m20"},"content":{"rendered":"<p>Cette mousse d&rsquo;\u00e9tanch\u00e9it\u00e9 vient se poser sur vos <strong><a href=\"https:\/\/accessprotec.fr\/protection-temporaire-de-chantier\/support-telescopique\/\" target=\"_blank\" rel=\"noopener noreferrer\">supports t\u00e9lescopiques<\/a><\/strong> afin de plaquer compl\u00e8tement le <a href=\"https:\/\/accessprotec.fr\/protection-temporaire-de-chantier\/film-polyethylene-m1\/\" target=\"_blank\" rel=\"noopener noreferrer\"><strong>film poly\u00e9thyl\u00e8ne M1<\/strong><\/a> de votre <a href=\"https:\/\/accessprotec.fr\/protection-chantier\/cloison-anti-poussiere\/\" target=\"_blank\" rel=\"noopener noreferrer\"><strong>cloison anti-poussi\u00e8re<\/strong><\/a> contre le mur. Ainsi, vous obtenez une \u00e9tanch\u00e9it\u00e9 optimale contre la poussi\u00e8re pouvant se d\u00e9placer lors de courants d&rsquo;air.<\/p>\n<p>Elle est <strong>tr\u00e8s l\u00e9g\u00e8re<\/strong> et donc facile \u00e0 transporter. Vous pouvez facilement la d\u00e9couper au cutter si besoin et elle est r\u00e9utilisable.<\/p>\n<p>La mousse s&rsquo;installe et se retire en une seconde, sans adh\u00e9sif ni colle !<\/p>\n<p><strong><a href=\"https:\/\/accessprotec.fr\/protection-chantier\/cloison-anti-poussiere\/\" target=\"_blank\" rel=\"noopener noreferrer\">La cloison anti-poussi\u00e8re<\/a><\/strong> vous aide \u00e0 cr\u00e9er un sas \u00e9tanche aux poussi\u00e8res et liquides afin de s\u00e9parer deux zones de travaux sur votre chantier.<\/p>\n<p><strong>Longueur : 1,20 m.<\/strong><\/p>\n","protected":false},"excerpt":{"rendered":"<p>Cette mousse vous aide \u00e0 fixer le <a href=\"https:\/\/accessprotec.fr\/produit\/film-polyethylene-m1\/\"><strong>film poly\u00e9thyl\u00e8ne M1<\/strong><\/a> de votre <a href=\"https:\/\/accessprotec.fr\/categorie-produit\/cloison-anti-poussiere\/\"><strong>cloison anti-poussi\u00e8re<\/strong><\/a> au mur pour une \u00e9tanch\u00e9it\u00e9 maximale contre les poussi\u00e8res. Elle se fixe directement contre le<strong> <a href=\"https:\/\/accessprotec.fr\/produit\/support-telescopique\/\">support t\u00e9lescopique.<\/a><\/strong><\/p>\n<p>Longueur : 1,20 m.<\/p>\n<p>Retrouvez ici la\u00a0<strong><a href=\"https:\/\/www.accessprotec.fr\/fiches-produits\/FICHE-TECHNIQUE-MOUSSE-D'\u00c9TANCH\u00c9IT\u00c9.pdf\" target=\"_blank\" rel=\"noopener noreferrer\">fiche technique<\/a><\/strong><\/p>\n","protected":false},"featured_media":1810,"comment_status":"closed","ping_status":"closed","template":"","meta":[],"product_brand":[],"product_cat":[31,30],"product_tag":[],"class_list":{"0":"post-1788","1":"product","2":"type-product","3":"status-publish","4":"has-post-thumbnail","6":"product_cat-cloison-anti-poussiere","7":"product_cat-protection-des-murs","9":"first","10":"instock","11":"taxable","12":"shipping-taxable","13":"purchasable","14":"product-type-simple"},"df_price":13.27,"df_sale_price":"","df_regular_price":13.27,"df_image_link":"https:\/\/preprod.accessprotec.com\/wp-content\/uploads\/2025\/03\/mousse-etancheite-murale-300x249.jpg","_links":{"self":[{"href":"https:\/\/preprod.accessprotec.com\/index.php\/wp-json\/wp\/v2\/product\/1788","targetHints":{"allow":["GET"]}}],"collection":[{"href":"https:\/\/preprod.accessprotec.com\/index.php\/wp-json\/wp\/v2\/product"}],"about":[{"href":"https:\/\/preprod.accessprotec.com\/index.php\/wp-json\/wp\/v2\/types\/product"}],"replies":[{"embeddable":true,"href":"https:\/\/preprod.accessprotec.com\/index.php\/wp-json\/wp\/v2\/comments?post=1788"}],"wp:featuredmedia":[{"embeddable":true,"href":"https:\/\/preprod.accessprotec.com\/index.php\/wp-json\/wp\/v2\/media\/1810"}],"wp:attachment":[{"href":"https:\/\/preprod.accessprotec.com\/index.php\/wp-json\/wp\/v2\/media?parent=1788"}],"wp:term":[{"taxonomy":"product_brand","embeddable":true,"href":"https:\/\/preprod.accessprotec.com\/index.php\/wp-json\/wp\/v2\/product_brand?post=1788"},{"taxonomy":"product_cat","embeddable":true,"href":"https:\/\/preprod.accessprotec.com\/index.php\/wp-json\/wp\/v2\/product_cat?post=1788"},{"taxonomy":"product_tag","embeddable":true,"href":"https:\/\/preprod.accessprotec.com\/index.php\/wp-json\/wp\/v2\/product_tag?post=1788"}],"curies":[{"name":"wp","href":"https:\/\/api.w.org\/{rel}","templated":true}]}}