{"id":1789,"date":"2025-03-25T21:08:01","date_gmt":"2025-03-25T20:08:01","guid":{"rendered":"http:\/\/preprod.accessprotec.com\/?post_type=product&#038;p=1789"},"modified":"2025-06-23T22:25:42","modified_gmt":"2025-06-23T20:25:42","slug":"porte-zip-adhesive-pour-creation-dacces-dans-cloisons-anti-poussiere","status":"publish","type":"product","link":"https:\/\/preprod.accessprotec.com\/index.php\/produit\/porte-zip-adhesive-pour-creation-dacces-dans-cloisons-anti-poussiere\/","title":{"rendered":"Porte Zip Adh\u00e9sive pour Cr\u00e9ation d&rsquo;Acc\u00e8s dans Cloisons Anti-Poussi\u00e8re"},"content":{"rendered":"<p><strong>L&rsquo;acc\u00e8s zip<\/strong> est une bande zip adh\u00e9sive permettant de <strong>cr\u00e9er un acc\u00e8s sur votre <a href=\"https:\/\/accessprotec.fr\/protection-chantier\/cloison-anti-poussiere\/\" target=\"_blank\" rel=\"noopener noreferrer\">cloisonnement anti-poussi\u00e8re<\/a><\/strong>. Se pose facilement sur le film poly\u00e9thyl\u00e8ne. Livr\u00e9e enroul\u00e9e sous sachet plastique, <strong>avec une notice d&rsquo;installation.<\/strong> L&rsquo;acc\u00e8s zip se place entre deux supports t\u00e9lescopique afin de ne pas g\u00eaner la stabilit\u00e9 de la cloison anti-poussi\u00e8re.<br \/>\n<strong>La largeur est ajustable<\/strong> selon votre besoin (\u00e0 fixer entre deux <a href=\"https:\/\/accessprotec.fr\/protection-temporaire-de-chantier\/support-telescopique\/\" target=\"_blank\" rel=\"noopener noreferrer\"><strong>supports t\u00e9lescopiques<\/strong><\/a>).<\/p>\n<ul>\n<li>Hauteur : 2,13 m<\/li>\n<li>Largeur de l\u2019acc\u00e8s : ajustable<\/li>\n<li>Largeur du zip : 0,76 cm<\/li>\n<li>Mati\u00e8re : <strong>Poly\u00e9thyl\u00e8ne<\/strong><\/li>\n<li>Tissu : Nylon<\/li>\n<\/ul>\n<p>Veuillez consulter la notice d\u2019installation fournie avec le produit.<br \/>\nUtiliser un cutter pour la d\u00e9coupe du film poly\u00e9thyl\u00e8ne.<\/p>\n","protected":false},"excerpt":{"rendered":"<p><strong>Bande zip adh\u00e9sive<\/strong> permettant de cr\u00e9er un acc\u00e8s sur votre <strong>cloison anti-poussi\u00e8re.<\/strong> Largeur r\u00e9glable entre deux supports t\u00e9lescopique \/ hauteur : 2,15 m.<\/p>\n<p>Retrouvez ici la\u00a0<strong><a href=\"https:\/\/www.accessprotec.fr\/fiches-produits\/FICHE-TECHNIQUE-ACCES-ZIP.pdf\" target=\"_blank\" rel=\"noopener noreferrer\">fiche technique<\/a><\/strong><\/p>\n","protected":false},"featured_media":1811,"comment_status":"closed","ping_status":"closed","template":"","meta":[],"product_brand":[],"product_cat":[31,28,30,33],"product_tag":[],"class_list":{"0":"post-1789","1":"product","2":"type-product","3":"status-publish","4":"has-post-thumbnail","6":"product_cat-cloison-anti-poussiere","7":"product_cat-les-indispensables","8":"product_cat-protection-des-murs","9":"product_cat-protections-traditionnelles","11":"first","12":"instock","13":"taxable","14":"shipping-taxable","15":"purchasable","16":"product-type-simple"},"df_price":24.52,"df_sale_price":"","df_regular_price":24.52,"df_image_link":"https:\/\/preprod.accessprotec.com\/wp-content\/uploads\/2025\/03\/acces-zip-cloison-antipoussiere-225x300.jpg","_links":{"self":[{"href":"https:\/\/preprod.accessprotec.com\/index.php\/wp-json\/wp\/v2\/product\/1789","targetHints":{"allow":["GET"]}}],"collection":[{"href":"https:\/\/preprod.accessprotec.com\/index.php\/wp-json\/wp\/v2\/product"}],"about":[{"href":"https:\/\/preprod.accessprotec.com\/index.php\/wp-json\/wp\/v2\/types\/product"}],"replies":[{"embeddable":true,"href":"https:\/\/preprod.accessprotec.com\/index.php\/wp-json\/wp\/v2\/comments?post=1789"}],"wp:featuredmedia":[{"embeddable":true,"href":"https:\/\/preprod.accessprotec.com\/index.php\/wp-json\/wp\/v2\/media\/1811"}],"wp:attachment":[{"href":"https:\/\/preprod.accessprotec.com\/index.php\/wp-json\/wp\/v2\/media?parent=1789"}],"wp:term":[{"taxonomy":"product_brand","embeddable":true,"href":"https:\/\/preprod.accessprotec.com\/index.php\/wp-json\/wp\/v2\/product_brand?post=1789"},{"taxonomy":"product_cat","embeddable":true,"href":"https:\/\/preprod.accessprotec.com\/index.php\/wp-json\/wp\/v2\/product_cat?post=1789"},{"taxonomy":"product_tag","embeddable":true,"href":"https:\/\/preprod.accessprotec.com\/index.php\/wp-json\/wp\/v2\/product_tag?post=1789"}],"curies":[{"name":"wp","href":"https:\/\/api.w.org\/{rel}","templated":true}]}}