{"id":1790,"date":"2025-03-25T21:08:01","date_gmt":"2025-03-25T20:08:01","guid":{"rendered":"http:\/\/preprod.accessprotec.com\/?post_type=product&#038;p=1790"},"modified":"2025-07-07T16:59:10","modified_gmt":"2025-07-07T14:59:10","slug":"tapis-anti-poussiere-adhesif-et-anti-bacteries-pour-chantier-40x90cm","status":"publish","type":"product","link":"https:\/\/preprod.accessprotec.com\/index.php\/produit\/tapis-anti-poussiere-adhesif-et-anti-bacteries-pour-chantier-40x90cm\/","title":{"rendered":"Tapis Anti-Poussi\u00e8re Adh\u00e9sif et Anti-bact\u00e9ries pour Chantier 40x90cm"},"content":{"rendered":"<p>Tapis de protection<em><strong> anti-poussi\u00e8re 40 x 90 cm <\/strong>Fushia<\/em>\u00a0\u00e0 installer sur <strong><em>tout type de sols<\/em><\/strong> pour prot\u00e9ger n&rsquo;importe quel endroit.<\/p>\n<p><strong>30 feuilles num\u00e9rot\u00e9es pour une identification simplifi\u00e9e.<\/strong><\/p>\n<p>Usage g\u00e9n\u00e9ral dans le <em>b\u00e2timent, les travaux publics,<\/em>\u2026 Enl\u00e8vement de la poussi\u00e8re de particules sous pied-port\u00e9es dans<br \/>\nl\u2019environnement contr\u00f4l\u00e9.<\/p>\n<p>Les tapis anti-poussi\u00e8re sont compos\u00e9s de <strong>film poly\u00e9thyl\u00e8ne avec adh\u00e9sif<\/strong>. Ils retiennent la poussi\u00e8re, <em>contamin\u00e9e ou non<\/em>, transport\u00e9e sour les pieds avant d\u2019entrer dans une pi\u00e8ce propre. La formulation chimique avanc\u00e9e de l\u2019adh\u00e9sif rend le tapis collant uniforme sur la surface enti\u00e8re de chaque feuille. Par ce syst\u00e8me adh\u00e9sif, les particules sur la plante des chaussures sont pi\u00e9g\u00e9es et restent sur le tapis.<\/p>\n<div id=\"attachment_286288\" style=\"width: 610px\" class=\"wp-caption alignnone\"><img loading=\"lazy\" decoding=\"async\" aria-describedby=\"caption-attachment-286288\" class=\"size-medium wp-image-286288\" src=\"https:\/\/accessprotec.fr\/wp-content\/uploads\/2019\/11\/IMG_3617-600x400.jpg\" alt=\"Application du tapis anti-poussi\u00e8re, les particules sous la chaussure sont pi\u00e9g\u00e9es\" width=\"600\" height=\"400\" \/><p id=\"caption-attachment-286288\" class=\"wp-caption-text\"><em>Application du tapis anti-poussi\u00e8re, les particules sous la chaussure sont pi\u00e9g\u00e9es<\/em><\/p><\/div>\n","protected":false},"excerpt":{"rendered":"<p>Tapis de protection<em><strong> anti-poussi\u00e8re 40 x 90 cm <\/strong>Fushia<\/em>\u00a0\u00e0 installer sur <strong><em>tout type de sols<\/em><\/strong> pour prot\u00e9ger n&rsquo;importe quel endroit.<\/p>\n<p><strong>30 feuilles num\u00e9rot\u00e9es pour une identification simplifi\u00e9e.<\/strong><\/p>\n<p>Retrouvez ici la <a href=\"https:\/\/preprod.accessprotec.com\/wp-content\/uploads\/2025\/07\/FT-tapis-antipoussiere.pdf\">Fiche technique<\/a><\/p>\n","protected":false},"featured_media":2204,"comment_status":"closed","ping_status":"closed","template":"","meta":[],"product_brand":[],"product_cat":[28,34],"product_tag":[35,36,37,38,39,40],"class_list":{"0":"post-1790","1":"product","2":"type-product","3":"status-publish","4":"has-post-thumbnail","6":"product_cat-les-indispensables","7":"product_cat-protection-antibacterienne","8":"product_tag-anti-poussiere","9":"product_tag-poussiere","10":"product_tag-protection","11":"product_tag-protection-des-chantiers","12":"product_tag-sols","13":"product_tag-tapis","15":"first","16":"instock","17":"taxable","18":"shipping-taxable","19":"purchasable","20":"product-type-simple"},"df_price":19.02,"df_sale_price":"","df_regular_price":19.02,"df_image_link":"https:\/\/preprod.accessprotec.com\/wp-content\/uploads\/2025\/03\/29TAPISANTI4590-300x188.png","_links":{"self":[{"href":"https:\/\/preprod.accessprotec.com\/index.php\/wp-json\/wp\/v2\/product\/1790","targetHints":{"allow":["GET"]}}],"collection":[{"href":"https:\/\/preprod.accessprotec.com\/index.php\/wp-json\/wp\/v2\/product"}],"about":[{"href":"https:\/\/preprod.accessprotec.com\/index.php\/wp-json\/wp\/v2\/types\/product"}],"replies":[{"embeddable":true,"href":"https:\/\/preprod.accessprotec.com\/index.php\/wp-json\/wp\/v2\/comments?post=1790"}],"wp:featuredmedia":[{"embeddable":true,"href":"https:\/\/preprod.accessprotec.com\/index.php\/wp-json\/wp\/v2\/media\/2204"}],"wp:attachment":[{"href":"https:\/\/preprod.accessprotec.com\/index.php\/wp-json\/wp\/v2\/media?parent=1790"}],"wp:term":[{"taxonomy":"product_brand","embeddable":true,"href":"https:\/\/preprod.accessprotec.com\/index.php\/wp-json\/wp\/v2\/product_brand?post=1790"},{"taxonomy":"product_cat","embeddable":true,"href":"https:\/\/preprod.accessprotec.com\/index.php\/wp-json\/wp\/v2\/product_cat?post=1790"},{"taxonomy":"product_tag","embeddable":true,"href":"https:\/\/preprod.accessprotec.com\/index.php\/wp-json\/wp\/v2\/product_tag?post=1790"}],"curies":[{"name":"wp","href":"https:\/\/api.w.org\/{rel}","templated":true}]}}