{"id":1795,"date":"2025-03-25T21:08:02","date_gmt":"2025-03-25T20:08:02","guid":{"rendered":"http:\/\/preprod.accessprotec.com\/?post_type=product&#038;p=1795"},"modified":"2025-07-27T23:50:24","modified_gmt":"2025-07-27T21:50:24","slug":"feutrine-etanche-et-resistante-pour-toutes-surfaces-1m-x-25m","status":"publish","type":"product","link":"https:\/\/preprod.accessprotec.com\/index.php\/produit\/feutrine-etanche-et-resistante-pour-toutes-surfaces-1m-x-25m\/","title":{"rendered":"Feutrine \u00c9tanche et R\u00e9sistante pour Toutes Surfaces 1m x 25m"},"content":{"rendered":"<p><strong>La feutrine \u00e9tanche<\/strong> existe en<strong> 3 densit\u00e9s diff\u00e9rentes<\/strong> suivant le besoin de protection sur votre chantier (fr\u00e9quence de passage, type de travaux etc).<\/p>\n<p>Munie d&rsquo;un <strong>film poly\u00e9thyl\u00e8ne<\/strong> sur la face inf\u00e9rieure, elle est enti\u00e8rement<strong> \u00e9tanche aux chutes de liquides.<\/strong><br \/>\nD\u00e9coupez la longueur souhait\u00e9e au cutter et fixez la feutrine gr\u00e2ce \u00e0 nos <strong><a href=\"http:\/\/accessprotec.fr\/protection-chantier\/adhesifs\/\" target=\"_blank\" rel=\"noopener noreferrer\">adh\u00e9sifs<\/a>.<\/strong><\/p>\n<p>Dimensions : <strong>rouleaux de 1 m x 25 m.<\/strong><\/p>\n<h4><strong>Densit\u00e9s disponibles :<\/strong><\/h4>\n<ul>\n<li>180 g\/m\u00b2 (film poly\u00e9thyl\u00e8ne transparent).<\/li>\n<li>300 g\/m\u00b2 (film poly\u00e9thyl\u00e8ne noir opaque).<\/li>\n<li>500 g\/m\u00b2 (film poly\u00e9thyl\u00e8ne noir opaque).<\/li>\n<\/ul>\n<p>Pour vos sols d\u00e9licats (parquets, marbres, carrelages) pensez \u00e0 la <strong><a href=\"http:\/\/accessprotec.fr\/produit\/fibre-respirante\/\">Fibre Respirante<\/a> !<\/strong><\/p>\n<p>Faites vous livrer directement \u00e0 l&rsquo;adresse de votre chantier afin de gagner du temps !<\/p>\n","protected":false},"excerpt":{"rendered":"<p>Nos feutrines existent en <strong>3 grammages diff\u00e9rents<\/strong> en fonction de l&rsquo;intensit\u00e9 du passage sur la zone \u00e0 prot\u00e9ger : <strong>180, 300 et 500 g\/m\u00b2.<\/strong><\/p>\n<p>La feutrine absorbe les liquides sur sa face sup\u00e9rieure tout en \u00e9tant \u00e9tanche sur sa face inf\u00e9rieure gr\u00e2ce \u00e0 son film poly\u00e9thyl\u00e8ne.<\/p>\n<p>Dimensions des rouleaux : <strong>1 m x 25 m.<\/strong><\/p>\n<p>Retrouvez ici la\u00a0<strong><a href=\"http:\/\/www.accessprotec.fr\/fiches-produits\/Fiche-Produit-Feutrines.pdf\" target=\"_blank\" rel=\"noopener noreferrer\">fiche technique<\/a><\/strong><\/p>\n","protected":false},"featured_media":1833,"comment_status":"closed","ping_status":"closed","template":"","meta":[],"product_brand":[],"product_cat":[42,111,41],"product_tag":[],"class_list":{"0":"post-1795","1":"product","2":"type-product","3":"status-publish","4":"has-post-thumbnail","6":"product_cat-feutrines-de-protection","7":"product_cat-meilleures-ventes","8":"product_cat-protection-des-sols","10":"first","11":"instock","12":"taxable","13":"shipping-taxable","14":"purchasable","15":"product-type-variable"},"df_price":24.69,"df_sale_price":"","df_regular_price":24.69,"df_image_link":"https:\/\/preprod.accessprotec.com\/wp-content\/uploads\/2025\/03\/feutrine-etanche-500-grammes-protection-300x199.jpg","_links":{"self":[{"href":"https:\/\/preprod.accessprotec.com\/index.php\/wp-json\/wp\/v2\/product\/1795","targetHints":{"allow":["GET"]}}],"collection":[{"href":"https:\/\/preprod.accessprotec.com\/index.php\/wp-json\/wp\/v2\/product"}],"about":[{"href":"https:\/\/preprod.accessprotec.com\/index.php\/wp-json\/wp\/v2\/types\/product"}],"replies":[{"embeddable":true,"href":"https:\/\/preprod.accessprotec.com\/index.php\/wp-json\/wp\/v2\/comments?post=1795"}],"wp:featuredmedia":[{"embeddable":true,"href":"https:\/\/preprod.accessprotec.com\/index.php\/wp-json\/wp\/v2\/media\/1833"}],"wp:attachment":[{"href":"https:\/\/preprod.accessprotec.com\/index.php\/wp-json\/wp\/v2\/media?parent=1795"}],"wp:term":[{"taxonomy":"product_brand","embeddable":true,"href":"https:\/\/preprod.accessprotec.com\/index.php\/wp-json\/wp\/v2\/product_brand?post=1795"},{"taxonomy":"product_cat","embeddable":true,"href":"https:\/\/preprod.accessprotec.com\/index.php\/wp-json\/wp\/v2\/product_cat?post=1795"},{"taxonomy":"product_tag","embeddable":true,"href":"https:\/\/preprod.accessprotec.com\/index.php\/wp-json\/wp\/v2\/product_tag?post=1795"}],"curies":[{"name":"wp","href":"https:\/\/api.w.org\/{rel}","templated":true}]}}