{"id":1802,"date":"2025-03-25T21:08:03","date_gmt":"2025-03-25T20:08:03","guid":{"rendered":"http:\/\/preprod.accessprotec.com\/?post_type=product&#038;p=1802"},"modified":"2025-07-11T15:06:53","modified_gmt":"2025-07-11T13:06:53","slug":"corniere-en-mousse-de-protection-adhesive-repositionnable-50mmx50mmx2m","status":"publish","type":"product","link":"https:\/\/preprod.accessprotec.com\/index.php\/produit\/corniere-en-mousse-de-protection-adhesive-repositionnable-50mmx50mmx2m\/","title":{"rendered":"Corni\u00e8re en Mousse de Protection Adh\u00e9sive Repositionnable 50mmx50mmx2m"},"content":{"rendered":"<p>Tout comme la<strong> <a href=\"https:\/\/accessprotec.fr\/protection-temporaire-de-chantier\/corniere-mousse\/\" target=\"_blank\" rel=\"noopener noreferrer\">corni\u00e8re mousse<\/a><\/strong> classique, la corni\u00e8re mousse adh\u00e9sive est une protection d&rsquo;angles et d&rsquo;ar\u00eates prot\u00e8ge des chocs l\u00e9gers et des coups pouvant survenir sur les zones de passage intensif.<\/p>\n<p>Elle pr\u00e9sente le grand avantage d&rsquo;\u00eatre couverte d&rsquo;un l\u00e9ger adh\u00e9sif qui facilite amplement la mise en place. Vous pouvez de surcro\u00eet la repositionner sur d&rsquo;autres zones !<\/p>\n<p>Dimensions: 50 mm x 50 mm x 2 m.<\/p>\n<p>Protection ultra-l\u00e9g\u00e8re mais n\u00e9anmoins r\u00e9sistante aux chocs l\u00e9gers, elle se d\u00e9coupe facilement au cutter.<\/p>\n<p>Ne n\u00e9cessitant aucun adh\u00e9sif suppl\u00e9mentaire, vous gagnez ainsi du temps lors de la pose de vos protections!<\/p>\n","protected":false},"excerpt":{"rendered":"<p>Similaire \u00e0 la corni\u00e8re mousse, cette version poss\u00e8de un adh\u00e9sif vous offrant une pose plus rapide et facile. Ne n\u00e9cessite plus d&rsquo;adh\u00e9sif de fixation. Prot\u00e8ge des chocs l\u00e9gers et rayures lors de vos chantiers.<\/p>\n<p>Elle est \u00e9galement repositionnable.<\/p>\n<p>Dimensions : 50 mm x 50 mm x 2 m<\/p>\n<p>Retrouvez ici la\u00a0<strong><a href=\"https:\/\/www.accessprotec.fr\/fiches-produits\/FICHE-TECHNIQUE-CORNI\u00c8RE-MOUSSE-ADH\u00c9SIVE.pdf\" target=\"_blank\" rel=\"noopener noreferrer\">fiche technique<\/a><\/strong><\/p>\n","protected":false},"featured_media":2227,"comment_status":"closed","ping_status":"closed","template":"","meta":[],"product_brand":[],"product_cat":[43],"product_tag":[],"class_list":{"0":"post-1802","1":"product","2":"type-product","3":"status-publish","4":"has-post-thumbnail","6":"product_cat-protection-des-angles","8":"first","9":"instock","10":"taxable","11":"shipping-taxable","12":"purchasable","13":"product-type-simple"},"df_price":1.43,"df_sale_price":"","df_regular_price":1.43,"df_image_link":"https:\/\/preprod.accessprotec.com\/wp-content\/uploads\/2025\/03\/Design-sans-titre-95-300x300.png","_links":{"self":[{"href":"https:\/\/preprod.accessprotec.com\/index.php\/wp-json\/wp\/v2\/product\/1802","targetHints":{"allow":["GET"]}}],"collection":[{"href":"https:\/\/preprod.accessprotec.com\/index.php\/wp-json\/wp\/v2\/product"}],"about":[{"href":"https:\/\/preprod.accessprotec.com\/index.php\/wp-json\/wp\/v2\/types\/product"}],"replies":[{"embeddable":true,"href":"https:\/\/preprod.accessprotec.com\/index.php\/wp-json\/wp\/v2\/comments?post=1802"}],"wp:featuredmedia":[{"embeddable":true,"href":"https:\/\/preprod.accessprotec.com\/index.php\/wp-json\/wp\/v2\/media\/2227"}],"wp:attachment":[{"href":"https:\/\/preprod.accessprotec.com\/index.php\/wp-json\/wp\/v2\/media?parent=1802"}],"wp:term":[{"taxonomy":"product_brand","embeddable":true,"href":"https:\/\/preprod.accessprotec.com\/index.php\/wp-json\/wp\/v2\/product_brand?post=1802"},{"taxonomy":"product_cat","embeddable":true,"href":"https:\/\/preprod.accessprotec.com\/index.php\/wp-json\/wp\/v2\/product_cat?post=1802"},{"taxonomy":"product_tag","embeddable":true,"href":"https:\/\/preprod.accessprotec.com\/index.php\/wp-json\/wp\/v2\/product_tag?post=1802"}],"curies":[{"name":"wp","href":"https:\/\/api.w.org\/{rel}","templated":true}]}}