{"id":1803,"date":"2025-03-25T21:08:03","date_gmt":"2025-03-25T20:08:03","guid":{"rendered":"http:\/\/preprod.accessprotec.com\/?post_type=product&#038;p=1803"},"modified":"2025-07-11T15:09:14","modified_gmt":"2025-07-11T13:09:14","slug":"corniere-en-carton-pour-protection-des-angles-et-aretes-50mm-x50mm-x2m","status":"publish","type":"product","link":"https:\/\/preprod.accessprotec.com\/index.php\/produit\/corniere-en-carton-pour-protection-des-angles-et-aretes-50mm-x50mm-x2m\/","title":{"rendered":"Corni\u00e8re en Carton pour Protection des Angles et Ar\u00eates 50mm x50mm x2m"},"content":{"rendered":"<p>La corni\u00e8re carton s&rsquo;applique sur vos angles de murs, ar\u00eates et bordures de fen\u00eatres. C&rsquo;est une protection contre les chocs l\u00e9gers et les salissures (liquides, peintures et poussi\u00e8res). Contrairement \u00e0 la <strong><a href=\"https:\/\/accessprotec.fr\/protection-temporaire-de-chantier\/corniere-mousse\/\" target=\"_blank\" rel=\"noopener noreferrer\">corni\u00e8re mousse<\/a><\/strong> et la <strong><a href=\"https:\/\/accessprotec.fr\/protection-temporaire-de-chantier\/corniere-mousse-adhesive-repositionnable\/\" target=\"_blank\" rel=\"noopener noreferrer\">corni\u00e8re mousse adh\u00e9sive<\/a>,<\/strong> celle-ci est enti\u00e8rement rigide mais peut \u00e9galement se d\u00e9couper au cutter.<\/p>\n<p>La corni\u00e8re \u00e9tant l\u00e9g\u00e8re et embo\u00eetable, vous pouvez ainsi la transporter facilement. Id\u00e9ale pour la protection de vos objets fragiles ou de votre mobilier lors du transport ou du stockage.<\/p>\n<p>Produit enti\u00e8rement recyclable.<\/p>\n<p>Dimensions : 5 cm x 5 cm x 2 m. Profil\u00e9 \u00e0 90\u00b0.<\/p>\n<p>Mati\u00e8re : carton.<\/p>\n","protected":false},"excerpt":{"rendered":"<p>Protection temporaire d&rsquo;angles, d&rsquo;ar\u00eates et de bordures, contre les chocs l\u00e9gers et salissures (liquides, poussi\u00e8res&#8230;).<\/p>\n<p>Facile \u00e0 couper au cutter et l\u00e9ger \u00e0 transporter.<\/p>\n<p>Dimensions : 50 mm x 50 mm x 2 m. Profil\u00e9 \u00e0 90\u00b0<\/p>\n","protected":false},"featured_media":2229,"comment_status":"closed","ping_status":"closed","template":"","meta":[],"product_brand":[],"product_cat":[43],"product_tag":[],"class_list":{"0":"post-1803","1":"product","2":"type-product","3":"status-publish","4":"has-post-thumbnail","6":"product_cat-protection-des-angles","8":"first","9":"instock","10":"taxable","11":"shipping-taxable","12":"purchasable","13":"product-type-simple"},"df_price":1.33,"df_sale_price":"","df_regular_price":1.33,"df_image_link":"https:\/\/preprod.accessprotec.com\/wp-content\/uploads\/2025\/03\/Design-sans-titre-96-300x300.png","_links":{"self":[{"href":"https:\/\/preprod.accessprotec.com\/index.php\/wp-json\/wp\/v2\/product\/1803","targetHints":{"allow":["GET"]}}],"collection":[{"href":"https:\/\/preprod.accessprotec.com\/index.php\/wp-json\/wp\/v2\/product"}],"about":[{"href":"https:\/\/preprod.accessprotec.com\/index.php\/wp-json\/wp\/v2\/types\/product"}],"replies":[{"embeddable":true,"href":"https:\/\/preprod.accessprotec.com\/index.php\/wp-json\/wp\/v2\/comments?post=1803"}],"wp:featuredmedia":[{"embeddable":true,"href":"https:\/\/preprod.accessprotec.com\/index.php\/wp-json\/wp\/v2\/media\/2229"}],"wp:attachment":[{"href":"https:\/\/preprod.accessprotec.com\/index.php\/wp-json\/wp\/v2\/media?parent=1803"}],"wp:term":[{"taxonomy":"product_brand","embeddable":true,"href":"https:\/\/preprod.accessprotec.com\/index.php\/wp-json\/wp\/v2\/product_brand?post=1803"},{"taxonomy":"product_cat","embeddable":true,"href":"https:\/\/preprod.accessprotec.com\/index.php\/wp-json\/wp\/v2\/product_cat?post=1803"},{"taxonomy":"product_tag","embeddable":true,"href":"https:\/\/preprod.accessprotec.com\/index.php\/wp-json\/wp\/v2\/product_tag?post=1803"}],"curies":[{"name":"wp","href":"https:\/\/api.w.org\/{rel}","templated":true}]}}