{"id":1804,"date":"2025-03-25T21:08:03","date_gmt":"2025-03-25T20:08:03","guid":{"rendered":"http:\/\/preprod.accessprotec.com\/?post_type=product&#038;p=1804"},"modified":"2025-07-27T23:51:35","modified_gmt":"2025-07-27T21:51:35","slug":"film-fenetre-de-protection-anti-rayures-et-anti-salissures-62cm-x-200m","status":"publish","type":"product","link":"https:\/\/preprod.accessprotec.com\/index.php\/produit\/film-fenetre-de-protection-anti-rayures-et-anti-salissures-62cm-x-200m\/","title":{"rendered":"Film Fen\u00eatre de Protection Anti-Rayures et Anti Salissures"},"content":{"rendered":"<p>Le film fen\u00eatre est un rouleau adh\u00e9sif transparent applicable sur vos fen\u00eatres et tous types de surfaces vitr\u00e9es. Facile \u00e0 appliquer puis \u00e0 retirer, il prot\u00e8ge des rayures, salissures et \u00e9galement des \u00e9claboussures de liquides gr\u00e2ce \u00e0 son \u00e9tanch\u00e9it\u00e9.<\/p>\n<p>Cette protection temporaire convient particuli\u00e8rement aux vitrages nouvellement pos\u00e9s sur chantier durant tout le temps d&rsquo;intervention des diff\u00e9rents corps de m\u00e9tiers. Limitez ainsi le risque de d\u00e9gradations et \u00e9vitez-vous d&rsquo;\u00e9ventuels frais de r\u00e9parations de l&rsquo;existant.<\/p>\n<p>En r\u00e9sum\u00e9 : un produit simple et rapide \u00e0 appliquer, qui prot\u00e9gera efficacement vos fen\u00eatres !<\/p>\n<p>Largeur : 620 mm<br \/>\nLongueur: 100 ou 200 m<\/p>\n<p>\u00c9paisseur : 50 \u00b5m.<\/p>\n<p>Pour prot\u00e9ger les montants, d\u00e9couvrez aussi <a href=\"https:\/\/accessprotec.fr\/protection-temporaire-de-chantier\/corniere-mousse-adhesive-repositionnable\/\" target=\"_blank\" rel=\"noopener noreferrer\"><strong>la corni\u00e8re mousse adh\u00e9sive<\/strong><\/a>\u00a0et repositionnable !<\/p>\n","protected":false},"excerpt":{"rendered":"<p>Film adh\u00e9sif \u00e9tanche pour protection de vos fen\u00eatres et tous types de surfaces vitr\u00e9es. Se pose et se retire facilement, prot\u00e8ge des rayures et \u00e9claboussures.<\/p>\n<p>Largeur : 620 mm<br \/>\nLongueur: 100 ou 200 m<\/p>\n<p>\u00c9paisseur : 50 microns.<\/p>\n<p>Retrouvez ici la\u00a0<strong><a href=\"https:\/\/www.accessprotec.fr\/fiches-produits\/FICHE-TECHNIQUE-FILM-FEN\u00caTRE.pdf\" target=\"_blank\" rel=\"noopener noreferrer\">fiche technique<\/a><\/strong><\/p>\n","protected":false},"featured_media":1853,"comment_status":"closed","ping_status":"closed","template":"","meta":[],"product_brand":[],"product_cat":[111,45,44],"product_tag":[],"class_list":{"0":"post-1804","1":"product","2":"type-product","3":"status-publish","4":"has-post-thumbnail","6":"product_cat-meilleures-ventes","7":"product_cat-protection-des-fenetres","8":"product_cat-protection-des-menuiseries","10":"first","11":"instock","12":"taxable","13":"shipping-taxable","14":"purchasable","15":"product-type-variable"},"df_price":62.44,"df_sale_price":"","df_regular_price":62.44,"df_image_link":"https:\/\/preprod.accessprotec.com\/wp-content\/uploads\/2025\/03\/film-fenetre-vitre-300x199.jpg","_links":{"self":[{"href":"https:\/\/preprod.accessprotec.com\/index.php\/wp-json\/wp\/v2\/product\/1804","targetHints":{"allow":["GET"]}}],"collection":[{"href":"https:\/\/preprod.accessprotec.com\/index.php\/wp-json\/wp\/v2\/product"}],"about":[{"href":"https:\/\/preprod.accessprotec.com\/index.php\/wp-json\/wp\/v2\/types\/product"}],"replies":[{"embeddable":true,"href":"https:\/\/preprod.accessprotec.com\/index.php\/wp-json\/wp\/v2\/comments?post=1804"}],"wp:featuredmedia":[{"embeddable":true,"href":"https:\/\/preprod.accessprotec.com\/index.php\/wp-json\/wp\/v2\/media\/1853"}],"wp:attachment":[{"href":"https:\/\/preprod.accessprotec.com\/index.php\/wp-json\/wp\/v2\/media?parent=1804"}],"wp:term":[{"taxonomy":"product_brand","embeddable":true,"href":"https:\/\/preprod.accessprotec.com\/index.php\/wp-json\/wp\/v2\/product_brand?post=1804"},{"taxonomy":"product_cat","embeddable":true,"href":"https:\/\/preprod.accessprotec.com\/index.php\/wp-json\/wp\/v2\/product_cat?post=1804"},{"taxonomy":"product_tag","embeddable":true,"href":"https:\/\/preprod.accessprotec.com\/index.php\/wp-json\/wp\/v2\/product_tag?post=1804"}],"curies":[{"name":"wp","href":"https:\/\/api.w.org\/{rel}","templated":true}]}}