{"id":1817,"date":"2025-03-25T21:08:35","date_gmt":"2025-03-25T20:08:35","guid":{"rendered":"http:\/\/preprod.accessprotec.com\/?post_type=product&#038;p=1817"},"modified":"2025-06-23T22:32:59","modified_gmt":"2025-06-23T20:32:59","slug":"corniere-en-mousse-de-protection-des-angles-de-murs-50mm-x-50mm-x-2m","status":"publish","type":"product","link":"https:\/\/preprod.accessprotec.com\/index.php\/produit\/corniere-en-mousse-de-protection-des-angles-de-murs-50mm-x-50mm-x-2m\/","title":{"rendered":"Corni\u00e8re en Mousse de Protection des Angles de Murs 50mm x 50mm x 2m"},"content":{"rendered":"<p><strong>La corni\u00e8re mousse<\/strong> prot\u00e8ge efficacement vos angles et ar\u00eates<strong> contre les chocs l\u00e9gers<\/strong> lors du passage. C&rsquo;est la protection id\u00e9ale pour toutes les <strong>zones de passage intensif<\/strong> puisque ces zones repr\u00e9sentent un risque \u00e9lev\u00e9 de d\u00e9t\u00e9rioration de l&rsquo;existant. Cette protection de chantier s&rsquo;utilise aussi bien s\u00fbr des <strong>angles de murs<\/strong>, des bordures de fen\u00eatres, des montants de portes ou des objets et mobiliers dont les ar\u00eates sont fragiles.<\/p>\n<p><strong>Se d\u00e9coupe facilement<\/strong> au cutter.<\/p>\n<p><strong>Les corni\u00e8res mousse<\/strong> se transportent facilement car elles sont facilement embo\u00eetable et tr\u00e8s <strong>l\u00e9g\u00e8res<\/strong>.<\/p>\n<p>Dimensions : 50 mm x 50 mm x 2 m.<\/p>\n<p>Utilisez un <strong><a href=\"https:\/\/accessprotec.fr\/protection-chantier\/adhesifs\/\" target=\"_blank\" rel=\"noopener noreferrer\">adh\u00e9sif<\/a> <\/strong>de fixation.<\/p>\n<p>D\u00e9couvrez la<strong> <a href=\"https:\/\/accessprotec.fr\/protection-temporaire-de-chantier\/corniere-mousse-adhesive-repositionnable\/\" target=\"_blank\" rel=\"noopener noreferrer\">version adh\u00e9sive repositionnable<\/a><\/strong> pour une pose rapide et facilit\u00e9e !<\/p>\n","protected":false},"excerpt":{"rendered":"<p><strong>La corni\u00e8re mousse<\/strong> prot\u00e8ge les angles, ar\u00eates et bordures des chocs l\u00e9gers et salissures.<\/p>\n<p>Dimensions : 50 mm x 50 mm x 2 m.<\/p>\n<p>Utilisez un <a href=\"https:\/\/accessprotec.fr\/categorie-produit\/adhesifs\/\">adh\u00e9sif<\/a> de fixation.<\/p>\n<p>Retrouvez ici la\u00a0<strong><a href=\"https:\/\/www.accessprotec.fr\/fiches-produits\/FICHE-TECHNIQUE-CORNI\u00c8RE-MOUSSE.pdf\" target=\"_blank\" rel=\"noopener noreferrer\">fiche technique<\/a><\/strong><\/p>\n","protected":false},"featured_media":1855,"comment_status":"closed","ping_status":"closed","template":"","meta":[],"product_brand":[],"product_cat":[43],"product_tag":[],"class_list":{"0":"post-1817","1":"product","2":"type-product","3":"status-publish","4":"has-post-thumbnail","6":"product_cat-protection-des-angles","8":"first","9":"instock","10":"taxable","11":"shipping-taxable","12":"purchasable","13":"product-type-simple"},"df_price":1.33,"df_sale_price":"","df_regular_price":1.33,"df_image_link":"https:\/\/preprod.accessprotec.com\/wp-content\/uploads\/2025\/03\/corniere-mousse-chantier-300x200.jpg","_links":{"self":[{"href":"https:\/\/preprod.accessprotec.com\/index.php\/wp-json\/wp\/v2\/product\/1817","targetHints":{"allow":["GET"]}}],"collection":[{"href":"https:\/\/preprod.accessprotec.com\/index.php\/wp-json\/wp\/v2\/product"}],"about":[{"href":"https:\/\/preprod.accessprotec.com\/index.php\/wp-json\/wp\/v2\/types\/product"}],"replies":[{"embeddable":true,"href":"https:\/\/preprod.accessprotec.com\/index.php\/wp-json\/wp\/v2\/comments?post=1817"}],"wp:featuredmedia":[{"embeddable":true,"href":"https:\/\/preprod.accessprotec.com\/index.php\/wp-json\/wp\/v2\/media\/1855"}],"wp:attachment":[{"href":"https:\/\/preprod.accessprotec.com\/index.php\/wp-json\/wp\/v2\/media?parent=1817"}],"wp:term":[{"taxonomy":"product_brand","embeddable":true,"href":"https:\/\/preprod.accessprotec.com\/index.php\/wp-json\/wp\/v2\/product_brand?post=1817"},{"taxonomy":"product_cat","embeddable":true,"href":"https:\/\/preprod.accessprotec.com\/index.php\/wp-json\/wp\/v2\/product_cat?post=1817"},{"taxonomy":"product_tag","embeddable":true,"href":"https:\/\/preprod.accessprotec.com\/index.php\/wp-json\/wp\/v2\/product_tag?post=1817"}],"curies":[{"name":"wp","href":"https:\/\/api.w.org\/{rel}","templated":true}]}}