{"id":1818,"date":"2025-03-25T21:08:35","date_gmt":"2025-03-25T20:08:35","guid":{"rendered":"http:\/\/preprod.accessprotec.com\/?post_type=product&#038;p=1818"},"modified":"2025-07-11T15:27:31","modified_gmt":"2025-07-11T13:27:31","slug":"film-anti-eclats-de-verre-adhesif-pour-travaux-de-demolition-chantier","status":"publish","type":"product","link":"https:\/\/preprod.accessprotec.com\/index.php\/produit\/film-anti-eclats-de-verre-adhesif-pour-travaux-de-demolition-chantier\/","title":{"rendered":"Film Anti \u00c9clats de Verre Adh\u00e9sif pour Travaux de D\u00e9molition Chantier"},"content":{"rendered":"<p><strong>Le film \u00e9clats de verre<\/strong> est un film adh\u00e9sif con\u00e7u pour <strong>retenir tous les d\u00e9bris de verre<\/strong> lors des travaux de <strong>d\u00e9molition<\/strong> sur chantier. Vous assurez ainsi une <strong>s\u00e9curit\u00e9 maximale<\/strong> et \u00e9vitez tout risque de coupures et d&rsquo;accidents. Ce film est tr\u00e8s adh\u00e9sif et \u00e9pais pour une <strong>bonne r\u00e9sistance aux chocs.<\/strong><\/p>\n<p>Le film se d\u00e9roule facilement lors de la pose et est facile \u00e0 couper au cutter. Se transporte et se stocke facilement.<\/p>\n<p>Dimensions : 65 cm x 100 cm,<br \/>\n\u00c9paisseur : 100 microns,<br \/>\nColoris : transparent incolore.<\/p>\n<p>D\u00e9couvrez \u00e9galement notre <strong><a href=\"https:\/\/accessprotec.fr\/protection-temporaire-de-chantier\/film-fenetre\/\" target=\"_blank\" rel=\"noopener noreferrer\">film fen\u00eatre<\/a><\/strong>, protection classique \u00e9tanche et anti-rayures pour surfaces vitr\u00e9es.<\/p>\n","protected":false},"excerpt":{"rendered":"<p>Film adh\u00e9sif pour la retenue des \u00e9clats de verre lors des travaux de d\u00e9molition. Bonne r\u00e9sistance, \u00e9pais et facile \u00e0 installer<\/p>\n<p>Retrouvez ici la\u00a0<strong><a href=\"https:\/\/www.accessprotec.fr\/fiches-produits\/FICHE-TECHNIQUE-FILM-ECLATS-DE-VERRE.pdf\" target=\"_blank\" rel=\"noopener noreferrer\">fiche technique<\/a><\/strong><\/p>\n","protected":false},"featured_media":2236,"comment_status":"closed","ping_status":"closed","template":"","meta":[],"product_brand":[],"product_cat":[45,44],"product_tag":[],"class_list":{"0":"post-1818","1":"product","2":"type-product","3":"status-publish","4":"has-post-thumbnail","6":"product_cat-protection-des-fenetres","7":"product_cat-protection-des-menuiseries","9":"first","10":"instock","11":"taxable","12":"shipping-taxable","13":"purchasable","14":"product-type-simple"},"df_price":159.88,"df_sale_price":"","df_regular_price":159.88,"df_image_link":"https:\/\/preprod.accessprotec.com\/wp-content\/uploads\/2025\/03\/Design-sans-titre-2025-07-11T152409.834-300x300.png","_links":{"self":[{"href":"https:\/\/preprod.accessprotec.com\/index.php\/wp-json\/wp\/v2\/product\/1818","targetHints":{"allow":["GET"]}}],"collection":[{"href":"https:\/\/preprod.accessprotec.com\/index.php\/wp-json\/wp\/v2\/product"}],"about":[{"href":"https:\/\/preprod.accessprotec.com\/index.php\/wp-json\/wp\/v2\/types\/product"}],"replies":[{"embeddable":true,"href":"https:\/\/preprod.accessprotec.com\/index.php\/wp-json\/wp\/v2\/comments?post=1818"}],"wp:featuredmedia":[{"embeddable":true,"href":"https:\/\/preprod.accessprotec.com\/index.php\/wp-json\/wp\/v2\/media\/2236"}],"wp:attachment":[{"href":"https:\/\/preprod.accessprotec.com\/index.php\/wp-json\/wp\/v2\/media?parent=1818"}],"wp:term":[{"taxonomy":"product_brand","embeddable":true,"href":"https:\/\/preprod.accessprotec.com\/index.php\/wp-json\/wp\/v2\/product_brand?post=1818"},{"taxonomy":"product_cat","embeddable":true,"href":"https:\/\/preprod.accessprotec.com\/index.php\/wp-json\/wp\/v2\/product_cat?post=1818"},{"taxonomy":"product_tag","embeddable":true,"href":"https:\/\/preprod.accessprotec.com\/index.php\/wp-json\/wp\/v2\/product_tag?post=1818"}],"curies":[{"name":"wp","href":"https:\/\/api.w.org\/{rel}","templated":true}]}}