{"id":1819,"date":"2025-03-25T21:08:35","date_gmt":"2025-03-25T20:08:35","guid":{"rendered":"http:\/\/preprod.accessprotec.com\/?post_type=product&#038;p=1819"},"modified":"2025-07-11T15:30:41","modified_gmt":"2025-07-11T13:30:41","slug":"film-metal-adhesif-de-protection-des-surfaces-en-metal-15-65cm-x-100m","status":"publish","type":"product","link":"https:\/\/preprod.accessprotec.com\/index.php\/produit\/film-metal-adhesif-de-protection-des-surfaces-en-metal-15-65cm-x-100m\/","title":{"rendered":"Film M\u00e9tal Adh\u00e9sif de Protection des Surfaces en M\u00e9tal 15\/65cm x 100m"},"content":{"rendered":"<p><strong>Film m\u00e9tal<\/strong> adh\u00e9sif pour la <strong>protection des surfaces en m\u00e9tal<\/strong> telles que les portes, montants de portes et ch\u00e2ssis de fen\u00eatres.<\/p>\n<p>Disponible en format <strong>65 cm x 100 m<\/strong> mais aussi en petit format : <strong>15 cm x 100 m<\/strong> pour les montants. Son \u00e9paisseur est de 100 microns pour assurer une r\u00e9sistance suffisante face au risque de rayures.<br \/>\nLe film m\u00e9tal est enti\u00e8rement \u00e9tanche, se pose et se retire facilement. Il peut se d\u00e9couper au cutter.<br \/>\nEn prot\u00e9geant vos surfaces m\u00e9talliques, vous \u00e9vitez d&rsquo;\u00e9ventuelles d\u00e9t\u00e9riorations sur votre chantier !<\/p>\n<p>D\u00e9couvrez \u00e9galement notre <a href=\"https:\/\/accessprotec.fr\/protection-temporaire-de-chantier\/film-fenetre\/\" target=\"_blank\" rel=\"noopener noreferrer\"><strong>film fen\u00eatre<\/strong><\/a> pour la protection de vos vitrages sur chantier !<\/p>\n","protected":false},"excerpt":{"rendered":"<p>Ce film adh\u00e9sif prot\u00e9gera vos <strong>surfaces m\u00e9talliques<\/strong> telles que les montants de portes, ch\u00e2ssis de fen\u00eatre et portes en m\u00e9tal sur chantier. <strong>Anti-rayures, \u00e9tanche et disponible en 2 formats.<\/strong><\/p>\n<p>Retrouvez ici la\u00a0<strong><a href=\"http:\/\/www.accessprotec.fr\/fiches-produits\/FICHE-TECHNIQUE-FILM-M\u00c9TAL.pdf\" target=\"_blank\" rel=\"noopener noreferrer\">fiche technique<\/a><\/strong><\/p>\n","protected":false},"featured_media":2239,"comment_status":"closed","ping_status":"closed","template":"","meta":[],"product_brand":[],"product_cat":[46,45,44,47],"product_tag":[],"class_list":{"0":"post-1819","1":"product","2":"type-product","3":"status-publish","4":"has-post-thumbnail","6":"product_cat-protection-des-escaliers","7":"product_cat-protection-des-fenetres","8":"product_cat-protection-des-menuiseries","9":"product_cat-protection-des-portes","11":"first","12":"instock","13":"taxable","14":"shipping-taxable","15":"purchasable","16":"product-type-variable"},"df_price":42.44,"df_sale_price":"","df_regular_price":42.44,"df_image_link":"https:\/\/preprod.accessprotec.com\/wp-content\/uploads\/2025\/03\/Design-sans-titre-2025-07-11T152833.301-1-300x300.png","_links":{"self":[{"href":"https:\/\/preprod.accessprotec.com\/index.php\/wp-json\/wp\/v2\/product\/1819","targetHints":{"allow":["GET"]}}],"collection":[{"href":"https:\/\/preprod.accessprotec.com\/index.php\/wp-json\/wp\/v2\/product"}],"about":[{"href":"https:\/\/preprod.accessprotec.com\/index.php\/wp-json\/wp\/v2\/types\/product"}],"replies":[{"embeddable":true,"href":"https:\/\/preprod.accessprotec.com\/index.php\/wp-json\/wp\/v2\/comments?post=1819"}],"wp:featuredmedia":[{"embeddable":true,"href":"https:\/\/preprod.accessprotec.com\/index.php\/wp-json\/wp\/v2\/media\/2239"}],"wp:attachment":[{"href":"https:\/\/preprod.accessprotec.com\/index.php\/wp-json\/wp\/v2\/media?parent=1819"}],"wp:term":[{"taxonomy":"product_brand","embeddable":true,"href":"https:\/\/preprod.accessprotec.com\/index.php\/wp-json\/wp\/v2\/product_brand?post=1819"},{"taxonomy":"product_cat","embeddable":true,"href":"https:\/\/preprod.accessprotec.com\/index.php\/wp-json\/wp\/v2\/product_cat?post=1819"},{"taxonomy":"product_tag","embeddable":true,"href":"https:\/\/preprod.accessprotec.com\/index.php\/wp-json\/wp\/v2\/product_tag?post=1819"}],"curies":[{"name":"wp","href":"https:\/\/api.w.org\/{rel}","templated":true}]}}