{"id":1823,"date":"2025-03-25T21:08:36","date_gmt":"2025-03-25T20:08:36","guid":{"rendered":"http:\/\/preprod.accessprotec.com\/?post_type=product&#038;p=1823"},"modified":"2025-07-11T14:50:43","modified_gmt":"2025-07-11T12:50:43","slug":"film-polyethylene-etanche-de-protection-50-160-200-m","status":"publish","type":"product","link":"https:\/\/preprod.accessprotec.com\/index.php\/produit\/film-polyethylene-etanche-de-protection-50-160-200-m\/","title":{"rendered":"Film Poly\u00e9thyl\u00e8ne \u00c9tanche de Protection 50\/160\/200 \u00b5m"},"content":{"rendered":"<p>Le film poly\u00e9thyl\u00e8ne est <strong>\u00e9tanche<\/strong> et permet de <strong>couvrir une tr\u00e8s grande surface. <\/strong>Avec un rouleau, couvrez jusqu&rsquo;\u00e0 342 m\u00e8tres carr\u00e9s. <strong>C&rsquo;est la protection classique<\/strong> pour vos travaux de peinture. Une protection anti-poussi\u00e8re \u00e9tanche mais aussi pour la protection de votre mobilier sur chantier.<br \/>\nIl est disponible en <strong>version recycl\u00e9e 50 microns <\/strong>et\u00a0en version<strong> renforc\u00e9e 160 et 200 microns. <\/strong>Existe\u00a0aussi en version<strong> ignifug\u00e9e M1<\/strong> !<\/p>\n<p>D&rsquo;autre part, la version ignifug\u00e9e est l&rsquo;\u00e9l\u00e9ment principale de <a href=\"https:\/\/accessprotec.fr\/protection-chantier\/cloison-anti-poussiere\/\" target=\"_blank\" rel=\"noopener noreferrer\"><strong>la cloison anti-poussi\u00e8re !<\/strong><\/a><\/p>\n<p>Se d\u00e9coupe facilement au cutter et peut se fixer au sol \u00e0 l&rsquo;aide de nos <strong><a href=\"https:\/\/accessprotec.fr\/protection-chantier\/adhesifs\/\" target=\"_blank\" rel=\"noopener noreferrer\">adh\u00e9sifs.<\/a><\/strong><\/p>\n<p>Faites-vous livrer directement sur vos chantiers !<\/p>\n","protected":false},"excerpt":{"rendered":"<p>Film poly\u00e9thyl\u00e8ne de<strong> protection sur chantier<\/strong> (sol, mur, outils, mobilier&#8230;). Compl\u00e8tement <strong>\u00e9tanche<\/strong>, nos films se d\u00e9coupe facilement et sont <strong>tr\u00e8s r\u00e9sistants ! <\/strong>Existe en 3 versions :<\/p>\n<p>&#8211; recycl\u00e9 50 microns<br \/>\n&#8211; 160 microns<br \/>\n&#8211; 200 microns<\/p>\n<p>Retrouvez ici la\u00a0<strong><a href=\"http:\/\/www.accessprotec.fr\/fiches-produits\/FICHE-TECHNIQUE-FILM-POLY\u00c9THYL\u00c8NE-50-\u00b5m-RECYCL\u00c9.pdf\" target=\"_blank\" rel=\"noopener noreferrer\">fiche technique de la version 50\u00b5m recycl\u00e9.<br \/>\n<\/a><\/strong>Retrouvez ici la<strong><a href=\"http:\/\/www.accessprotec.fr\/fiches-produits\/FICHE-TECHNIQUE-FILM-POLY\u00c9THYL\u00c8NE-160-\u00b5m.pdf\" target=\"_blank\" rel=\"noopener noreferrer\">\u00a0fiche technique de la version 160\u00b5m.<br \/>\n<\/a><\/strong>Retrouvez ici la<strong><a href=\"http:\/\/www.accessprotec.fr\/fiches-produits\/FICHE-TECHNIQUE-FILM-POLY\u00c9THYL\u00c8NE-200-\u00b5m.pdf\" target=\"_blank\" rel=\"noopener noreferrer\">\u00a0fiche technique de la version 200\u00b5m.<\/a><\/strong><\/p>\n","protected":false},"featured_media":2220,"comment_status":"closed","ping_status":"closed","template":"","meta":[],"product_brand":[],"product_cat":[110,28,45,41],"product_tag":[],"class_list":{"0":"post-1823","1":"product","2":"type-product","3":"status-publish","4":"has-post-thumbnail","6":"product_cat-moquette-de-protection","7":"product_cat-les-indispensables","8":"product_cat-protection-des-fenetres","9":"product_cat-protection-des-sols","11":"first","12":"instock","13":"taxable","14":"shipping-taxable","15":"purchasable","16":"product-type-variable"},"df_price":39.8,"df_sale_price":"","df_regular_price":39.8,"df_image_link":"https:\/\/preprod.accessprotec.com\/wp-content\/uploads\/2025\/03\/Design-sans-titre-88-300x300.png","_links":{"self":[{"href":"https:\/\/preprod.accessprotec.com\/index.php\/wp-json\/wp\/v2\/product\/1823","targetHints":{"allow":["GET"]}}],"collection":[{"href":"https:\/\/preprod.accessprotec.com\/index.php\/wp-json\/wp\/v2\/product"}],"about":[{"href":"https:\/\/preprod.accessprotec.com\/index.php\/wp-json\/wp\/v2\/types\/product"}],"replies":[{"embeddable":true,"href":"https:\/\/preprod.accessprotec.com\/index.php\/wp-json\/wp\/v2\/comments?post=1823"}],"wp:featuredmedia":[{"embeddable":true,"href":"https:\/\/preprod.accessprotec.com\/index.php\/wp-json\/wp\/v2\/media\/2220"}],"wp:attachment":[{"href":"https:\/\/preprod.accessprotec.com\/index.php\/wp-json\/wp\/v2\/media?parent=1823"}],"wp:term":[{"taxonomy":"product_brand","embeddable":true,"href":"https:\/\/preprod.accessprotec.com\/index.php\/wp-json\/wp\/v2\/product_brand?post=1823"},{"taxonomy":"product_cat","embeddable":true,"href":"https:\/\/preprod.accessprotec.com\/index.php\/wp-json\/wp\/v2\/product_cat?post=1823"},{"taxonomy":"product_tag","embeddable":true,"href":"https:\/\/preprod.accessprotec.com\/index.php\/wp-json\/wp\/v2\/product_tag?post=1823"}],"curies":[{"name":"wp","href":"https:\/\/api.w.org\/{rel}","templated":true}]}}