{"id":1824,"date":"2025-03-25T21:08:36","date_gmt":"2025-03-25T20:08:36","guid":{"rendered":"http:\/\/preprod.accessprotec.com\/?post_type=product&#038;p=1824"},"modified":"2025-07-11T12:32:18","modified_gmt":"2025-07-11T10:32:18","slug":"caillebotis-en-caoutchouc-antiderapant-pour-chantier-1m-x-150m","status":"publish","type":"product","link":"https:\/\/preprod.accessprotec.com\/index.php\/produit\/caillebotis-en-caoutchouc-antiderapant-pour-chantier-1m-x-150m\/","title":{"rendered":"Caillebotis en Caoutchouc Antid\u00e9rapant pour Chantier 1m x 1,50m"},"content":{"rendered":"<p><strong>Le caillebotis<\/strong> assure une <strong>tr\u00e8s bonne accroche<\/strong> pour r\u00e9duire le risque de mouvement lors du passage. Il <strong>permet d&rsquo;enlever rapidement les salet\u00e9s<\/strong> sous vos chaussures aux entr\u00e9es de vos chantiers.<br \/>\n<strong>Facilement nettoyable <\/strong>au jet d&rsquo;eau et r\u00e9utilisable d&rsquo;un chantier \u00e0 l&rsquo;autre !<\/p>\n<p>Bords droits, semelle anti-d\u00e9rapante et drainante. Ce produit r\u00e9siste au gel et aux U.V. vous pouvez ainsi l&rsquo;utiliser tout au long de l&rsquo;ann\u00e9e \u00e0 l&rsquo;ext\u00e9rieur de vos chantiers.<\/p>\n<p>Vous pouvez \u00e9galement le rouler lors du transport.<\/p>\n<p>Retrouvez aussi nos <a href=\"https:\/\/accessprotec.fr\/protection-temporaire-de-chantier\/surchaussures-lot-de-100\/\" target=\"_blank\" rel=\"noopener noreferrer\"><strong>sur-chaussures<\/strong><\/a>\u00a0et la <a href=\"https:\/\/accessprotec.fr\/protection-temporaire-de-chantier\/combinaison-jetable-xl-xxl\/\" target=\"_blank\" rel=\"noopener noreferrer\"><strong>combinaison jetable<\/strong><\/a> pour votre personnel afin de garantir plus de propret\u00e9 \u00e0 l&rsquo;int\u00e9rieur !<\/p>\n","protected":false},"excerpt":{"rendered":"<p><strong>Caillebotis en caoutchouc<\/strong> pour nettoyage des chaussures aux <strong>entr\u00e9es de vos chantiers<\/strong>. Facilement lavable, souple avec une <strong>tr\u00e8s bonne accroche.<\/strong><\/p>\n<p>Dimensions : <strong>1 m x 1,50 m.<\/strong><\/p>\n<p>Code article :\u00a029CAICAOU150100<\/p>\n","protected":false},"featured_media":2209,"comment_status":"closed","ping_status":"closed","template":"","meta":[],"product_brand":[],"product_cat":[41,51],"product_tag":[],"class_list":{"0":"post-1824","1":"product","2":"type-product","3":"status-publish","4":"has-post-thumbnail","6":"product_cat-protection-des-sols","7":"product_cat-tapis-de-cheminement","9":"first","10":"instock","11":"taxable","12":"shipping-taxable","13":"purchasable","14":"product-type-simple"},"df_price":66.99,"df_sale_price":"","df_regular_price":66.99,"df_image_link":"https:\/\/preprod.accessprotec.com\/wp-content\/uploads\/2025\/03\/Design-sans-titre-79-1-300x300.png","_links":{"self":[{"href":"https:\/\/preprod.accessprotec.com\/index.php\/wp-json\/wp\/v2\/product\/1824","targetHints":{"allow":["GET"]}}],"collection":[{"href":"https:\/\/preprod.accessprotec.com\/index.php\/wp-json\/wp\/v2\/product"}],"about":[{"href":"https:\/\/preprod.accessprotec.com\/index.php\/wp-json\/wp\/v2\/types\/product"}],"replies":[{"embeddable":true,"href":"https:\/\/preprod.accessprotec.com\/index.php\/wp-json\/wp\/v2\/comments?post=1824"}],"wp:featuredmedia":[{"embeddable":true,"href":"https:\/\/preprod.accessprotec.com\/index.php\/wp-json\/wp\/v2\/media\/2209"}],"wp:attachment":[{"href":"https:\/\/preprod.accessprotec.com\/index.php\/wp-json\/wp\/v2\/media?parent=1824"}],"wp:term":[{"taxonomy":"product_brand","embeddable":true,"href":"https:\/\/preprod.accessprotec.com\/index.php\/wp-json\/wp\/v2\/product_brand?post=1824"},{"taxonomy":"product_cat","embeddable":true,"href":"https:\/\/preprod.accessprotec.com\/index.php\/wp-json\/wp\/v2\/product_cat?post=1824"},{"taxonomy":"product_tag","embeddable":true,"href":"https:\/\/preprod.accessprotec.com\/index.php\/wp-json\/wp\/v2\/product_tag?post=1824"}],"curies":[{"name":"wp","href":"https:\/\/api.w.org\/{rel}","templated":true}]}}