{"id":1825,"date":"2025-03-25T21:08:36","date_gmt":"2025-03-25T20:08:36","guid":{"rendered":"http:\/\/preprod.accessprotec.com\/?post_type=product&#038;p=1825"},"modified":"2025-03-25T21:11:41","modified_gmt":"2025-03-25T20:11:41","slug":"panneau-de-protection-etanche-antichoc-personnalisable","status":"publish","type":"product","link":"https:\/\/preprod.accessprotec.com\/index.php\/produit\/panneau-de-protection-etanche-antichoc-personnalisable\/","title":{"rendered":"Panneau de Protection \u00c9tanche Antichoc &#8211; Personnalisable"},"content":{"rendered":"<h2>Panneau impression personnalis\u00e9e<\/h2>\n<p>Panneau impression personnalis\u00e9e :<\/p>\n<p>Il s&rsquo;agit d&rsquo;une <strong>protection de sol ou mur \u00e9tanche en pvc alv\u00e9olaire<\/strong> qui prot\u00e8ge vos surfaces contre les chocs et les liquides.<br \/>\nDe dimensions de 1,20 m x 2 m et d&rsquo;\u00e9paisseur 3,5 mm.<br \/>\nNous vous proposons <strong>l&rsquo;impression de vos visuels<\/strong> pour un <strong>minimum de quantit\u00e9 de 50 panneaux.<\/strong><\/p>\n<p>Quoi de mieux que de profiter de vos protections de surfaces sur chantier pour <strong>communiquer autour de votre entreprise !<\/strong><br \/>\nLes plaques se fixe au sol et au mur \u00e0 l&rsquo;aide d&rsquo;adh\u00e9sifs. Elles peuvent aussi \u00eatre livr\u00e9es directement sur votre chantier !<\/p>\n<p>Pour communiquer \u00e0 l&rsquo;ext\u00e9rieur de vos chantiers, d\u00e9couvrez aussi nos <a href=\"https:\/\/accessprotec.fr\/protection-temporaire-de-chantier\/bache-personnalisee\/\" target=\"_blank\" rel=\"noopener noreferrer\"><strong>b\u00e2ches micro-perfor\u00e9es imprim\u00e9es selon vos besoins !<\/strong><\/a><\/p>\n","protected":false},"excerpt":{"rendered":"<h3>Panneau blanc impression personnalis\u00e9e<\/h3>\n<p>Plaque de pvc antichoc sur laquelle <strong>nous imprimons vos logos et visuels<\/strong> pour prot\u00e9ger tout en communiquant !<br \/>\nMinimum de quantit\u00e9 : 50 panneaux.<\/p>\n<p>Dimensions : 1,20 x 2 m.<br \/>\n\u00c9paisseur : 3,5 mm<\/p>\n<p><strong>VOIR LA DESCRIPTION CI-DESSOUS<\/strong><\/p>\n","protected":false},"featured_media":1893,"comment_status":"closed","ping_status":"closed","template":"","meta":[],"product_brand":[],"product_cat":[28,52,41,33],"product_tag":[],"class_list":{"0":"post-1825","1":"product","2":"type-product","3":"status-publish","4":"has-post-thumbnail","6":"product_cat-les-indispensables","7":"product_cat-panneaux-de-protection","8":"product_cat-protection-des-sols","9":"product_cat-protections-traditionnelles","11":"first","12":"instock","13":"taxable","14":"shipping-taxable","15":"purchasable","16":"product-type-variable"},"df_price":"","df_sale_price":"","df_regular_price":"","df_image_link":"https:\/\/preprod.accessprotec.com\/wp-content\/uploads\/2025\/03\/panneau-personnalise-impression-300x199.jpg","_links":{"self":[{"href":"https:\/\/preprod.accessprotec.com\/index.php\/wp-json\/wp\/v2\/product\/1825","targetHints":{"allow":["GET"]}}],"collection":[{"href":"https:\/\/preprod.accessprotec.com\/index.php\/wp-json\/wp\/v2\/product"}],"about":[{"href":"https:\/\/preprod.accessprotec.com\/index.php\/wp-json\/wp\/v2\/types\/product"}],"replies":[{"embeddable":true,"href":"https:\/\/preprod.accessprotec.com\/index.php\/wp-json\/wp\/v2\/comments?post=1825"}],"wp:featuredmedia":[{"embeddable":true,"href":"https:\/\/preprod.accessprotec.com\/index.php\/wp-json\/wp\/v2\/media\/1893"}],"wp:attachment":[{"href":"https:\/\/preprod.accessprotec.com\/index.php\/wp-json\/wp\/v2\/media?parent=1825"}],"wp:term":[{"taxonomy":"product_brand","embeddable":true,"href":"https:\/\/preprod.accessprotec.com\/index.php\/wp-json\/wp\/v2\/product_brand?post=1825"},{"taxonomy":"product_cat","embeddable":true,"href":"https:\/\/preprod.accessprotec.com\/index.php\/wp-json\/wp\/v2\/product_cat?post=1825"},{"taxonomy":"product_tag","embeddable":true,"href":"https:\/\/preprod.accessprotec.com\/index.php\/wp-json\/wp\/v2\/product_tag?post=1825"}],"curies":[{"name":"wp","href":"https:\/\/api.w.org\/{rel}","templated":true}]}}