{"id":1826,"date":"2025-03-25T21:08:37","date_gmt":"2025-03-25T20:08:37","guid":{"rendered":"http:\/\/preprod.accessprotec.com\/?post_type=product&#038;p=1826"},"modified":"2025-06-23T21:32:53","modified_gmt":"2025-06-23T19:32:53","slug":"moquette-rouge-de-cheminement-pour-chantier-1x50m","status":"publish","type":"product","link":"https:\/\/preprod.accessprotec.com\/index.php\/produit\/moquette-rouge-de-cheminement-pour-chantier-1x50m\/","title":{"rendered":"Moquette Rouge de Cheminement pour Chantier 1x50m"},"content":{"rendered":"<p>Utilis\u00e9 pour cr\u00e9er des <em><strong>cheminements<\/strong><\/em> sur vos chantiers, ou dans vos bureaux, pour vos \u00e9v\u00e9nements, et pour <strong>n&rsquo;importe quelle autre utilisation<\/strong>. Ce tapis est le rev\u00eatement de sol id\u00e9al pour des \u00e9v\u00e9nements tels que des mariages, des f\u00eates, des spectacles, des vernissages, des anniversaires, des festivals, etc. Fabriqu\u00e9 en tissu de qualit\u00e9 sup\u00e9rieure avec poids lourd, ce tapis d&rsquo;exposition est doux, durable et r\u00e9utilisable et peut \u00eatre facilement enroul\u00e9 pour le stockage et le transport. Le tapis est facile \u00e0 nettoyer avec un aspirateur classique ou aspirateur de chantier.<\/p>\n<p><em><strong>Longueur de 50 m\u00e8tres, largeur de 1 m\u00e8tre,<\/strong><\/em> les fibres sont aiguillet\u00e9es pour un meilleur rendu.<\/p>\n<p>Disponible en couleur <span style=\"color: #d83131;\"><strong>rouge !<\/strong><\/span><\/p>\n<h2><strong>Caract\u00e9ristiques:<\/strong><\/h2>\n<p>&nbsp;<\/p>\n<ul>\n<li>Couleur : rouge<\/li>\n<li>Mat\u00e9riau : tissu<\/li>\n<li>Dimensions : 1,6 x 12 m (l x L)<\/li>\n<li>Poids : 260-280 g \/ m\u00b2<\/li>\n<li>Polyvalent<\/li>\n<li>R\u00e9utilisable<\/li>\n<li>Facile \u00e0 nettoyer<\/li>\n<li>Peut \u00eatre coup\u00e9 avec des ciseaux<\/li>\n<li>Mat\u00e9riel: Polyester: 100%<\/li>\n<\/ul>\n<p>&nbsp;<\/p>\n<p>Pour vos besoins de cheminement, essayez notre <a href=\"https:\/\/accessprotec.fr\/protection-temporaire-de-chantier\/tapis-de-securite-type-spaghetti-rouge\/\">tapis spaghetti<\/a> !!<\/p>\n","protected":false},"excerpt":{"rendered":"<p>Utilis\u00e9 pour cr\u00e9er des <em><strong>cheminements<\/strong><\/em> sur vos chantiers, ou dans vos bureaux, pour vos \u00e9v\u00e9nements, et pour <strong>n&rsquo;importe quelle autre utilisation<\/strong>. Ce tapis est le rev\u00eatement de sol id\u00e9al pour des \u00e9v\u00e9nements tels que des mariages, des f\u00eates, des spectacles, des vernissages, des anniversaires, des festivals, etc. Fabriqu\u00e9 en tissu de qualit\u00e9 sup\u00e9rieure avec poids lourd, ce tapis d&rsquo;exposition est doux, durable et r\u00e9utilisable et peut \u00eatre facilement enroul\u00e9 pour le stockage et le transport. Le tapis est facile \u00e0 nettoyer avec un aspirateur classique ou aspirateur de chantier.<\/p>\n<p><em><strong>Longueur de 50 m\u00e8tres, largeur de 1 m\u00e8tre,<\/strong><\/em> les fibres sont aiguillet\u00e9es pour un meilleur rendu.<\/p>\n<p>Retrouvez ici la <a href=\"https:\/\/accessprotec.fr\/wp-content\/uploads\/2019\/11\/FICHE-TECHNIQUE-MOQUETTE-ROUGE.pdf\">Fiche technique<\/a><\/p>\n","protected":false},"featured_media":1896,"comment_status":"closed","ping_status":"closed","template":"","meta":[],"product_brand":[],"product_cat":[41,51],"product_tag":[53,54,55,40],"class_list":{"0":"post-1826","1":"product","2":"type-product","3":"status-publish","4":"has-post-thumbnail","6":"product_cat-protection-des-sols","7":"product_cat-tapis-de-cheminement","8":"product_tag-50-metre","9":"product_tag-moquette","10":"product_tag-rouge","11":"product_tag-tapis","13":"first","14":"instock","15":"taxable","16":"shipping-taxable","17":"purchasable","18":"product-type-simple"},"df_price":124.7,"df_sale_price":"","df_regular_price":124.7,"df_image_link":"https:\/\/preprod.accessprotec.com\/wp-content\/uploads\/2025\/03\/tapis-rouge-300x200.png","_links":{"self":[{"href":"https:\/\/preprod.accessprotec.com\/index.php\/wp-json\/wp\/v2\/product\/1826","targetHints":{"allow":["GET"]}}],"collection":[{"href":"https:\/\/preprod.accessprotec.com\/index.php\/wp-json\/wp\/v2\/product"}],"about":[{"href":"https:\/\/preprod.accessprotec.com\/index.php\/wp-json\/wp\/v2\/types\/product"}],"replies":[{"embeddable":true,"href":"https:\/\/preprod.accessprotec.com\/index.php\/wp-json\/wp\/v2\/comments?post=1826"}],"wp:featuredmedia":[{"embeddable":true,"href":"https:\/\/preprod.accessprotec.com\/index.php\/wp-json\/wp\/v2\/media\/1896"}],"wp:attachment":[{"href":"https:\/\/preprod.accessprotec.com\/index.php\/wp-json\/wp\/v2\/media?parent=1826"}],"wp:term":[{"taxonomy":"product_brand","embeddable":true,"href":"https:\/\/preprod.accessprotec.com\/index.php\/wp-json\/wp\/v2\/product_brand?post=1826"},{"taxonomy":"product_cat","embeddable":true,"href":"https:\/\/preprod.accessprotec.com\/index.php\/wp-json\/wp\/v2\/product_cat?post=1826"},{"taxonomy":"product_tag","embeddable":true,"href":"https:\/\/preprod.accessprotec.com\/index.php\/wp-json\/wp\/v2\/product_tag?post=1826"}],"curies":[{"name":"wp","href":"https:\/\/api.w.org\/{rel}","templated":true}]}}