{"id":1827,"date":"2025-03-25T21:08:37","date_gmt":"2025-03-25T20:08:37","guid":{"rendered":"http:\/\/preprod.accessprotec.com\/?post_type=product&#038;p=1827"},"modified":"2025-06-23T21:37:41","modified_gmt":"2025-06-23T19:37:41","slug":"tapis-de-securite-de-chantier-spaghetti-antiderapant-4mm-ou-14mm","status":"publish","type":"product","link":"https:\/\/preprod.accessprotec.com\/index.php\/produit\/tapis-de-securite-de-chantier-spaghetti-antiderapant-4mm-ou-14mm\/","title":{"rendered":"Tapis de S\u00e9curit\u00e9 de Chantier Spaghetti Antid\u00e9rapant 4mm ou 14mm"},"content":{"rendered":"<p>Le tapis de s\u00e9curit\u00e9<em> \u00ab\u00a0Spaghetti\u00a0\u00bb<\/em> permet de mat\u00e9rialiser, sur un chantier, le chemin emprunt\u00e9 par les pi\u00e9tons. Il convient \u00e9galement pour les entr\u00e9es de bureaux, magasins, ou encore des restaurants. Le tapis peut \u00eatre pos\u00e9 en ext\u00e9rieur comme en int\u00e9rieur. Le produit est<strong> imputrescible<\/strong> et permet le <strong>drainage des liquides<\/strong>. <strong>Le tapis pr\u00e9vient de la salet\u00e9 et propose d\u2019excellentes qualit\u00e9s antid\u00e9rapantes.<\/strong><\/p>\n<p>Par sa conception, il est adapt\u00e9 aux zones de trafic tr\u00e8s intenses en int\u00e9rieur comme en ext\u00e9rieur.<\/p>\n<p>Le tapis peut \u00eatre fix\u00e9 m\u00e9caniquement, coll\u00e9, &#8230; La pose du tapis de s\u00e9curit\u00e9 est tr\u00e8s facile.<\/p>\n<p>Pour vos besoins de cheminement, essayez notre <a href=\"https:\/\/accessprotec.fr\/protection-temporaire-de-chantier\/moquette-aiguilette-rouge-de-cheminement-1m-x-60-m\/\">moquette aiguillet\u00e9e rouge<\/a> !!<\/p>\n","protected":false},"excerpt":{"rendered":"<p>Tapis de s\u00e9curit\u00e9 en PVC, aspect <strong>\u00ab\u00a0Spaghetti\u00a0\u00bb<\/strong> de couleur <strong><span style=\"color: #d83131;\">rouge<\/span><\/strong>. <strong>Antid\u00e9rapant<\/strong>, <strong>imputrescible<\/strong>, <strong>draine les liquides<\/strong> et <strong>pr\u00e9vient de la salet\u00e9.<\/strong><\/p>\n<p><strong>Rouleau de 10 m x 1 m<\/strong>, \u00e9paisseur <strong>4 mm, 12 mm<\/strong> ou <strong>14 mm<\/strong>.<\/p>\n<p>Retrouvez ici la <a href=\"https:\/\/accessprotec.fr\/wp-content\/uploads\/2020\/01\/FICHE-TECHNIQUE-Tapis-de-s\u00e9curit\u00e9-rouge.pdf\">Fiche technique<\/a><\/p>\n","protected":false},"featured_media":1905,"comment_status":"closed","ping_status":"closed","template":"","meta":[],"product_brand":[],"product_cat":[28,41,51],"product_tag":[56,37,55,57,58,40,59],"class_list":{"0":"post-1827","1":"product","2":"type-product","3":"status-publish","4":"has-post-thumbnail","6":"product_cat-les-indispensables","7":"product_cat-protection-des-sols","8":"product_cat-tapis-de-cheminement","9":"product_tag-cheminement","10":"product_tag-protection","11":"product_tag-rouge","12":"product_tag-sol","13":"product_tag-spaghetti","14":"product_tag-tapis","15":"product_tag-tapis-de-protection","17":"first","18":"instock","19":"taxable","20":"shipping-taxable","21":"purchasable","22":"product-type-variable"},"df_price":119.96,"df_sale_price":"","df_regular_price":119.96,"df_image_link":"https:\/\/preprod.accessprotec.com\/wp-content\/uploads\/2025\/03\/rouleau-tapis-spaghetti-300x200.png","_links":{"self":[{"href":"https:\/\/preprod.accessprotec.com\/index.php\/wp-json\/wp\/v2\/product\/1827","targetHints":{"allow":["GET"]}}],"collection":[{"href":"https:\/\/preprod.accessprotec.com\/index.php\/wp-json\/wp\/v2\/product"}],"about":[{"href":"https:\/\/preprod.accessprotec.com\/index.php\/wp-json\/wp\/v2\/types\/product"}],"replies":[{"embeddable":true,"href":"https:\/\/preprod.accessprotec.com\/index.php\/wp-json\/wp\/v2\/comments?post=1827"}],"wp:featuredmedia":[{"embeddable":true,"href":"https:\/\/preprod.accessprotec.com\/index.php\/wp-json\/wp\/v2\/media\/1905"}],"wp:attachment":[{"href":"https:\/\/preprod.accessprotec.com\/index.php\/wp-json\/wp\/v2\/media?parent=1827"}],"wp:term":[{"taxonomy":"product_brand","embeddable":true,"href":"https:\/\/preprod.accessprotec.com\/index.php\/wp-json\/wp\/v2\/product_brand?post=1827"},{"taxonomy":"product_cat","embeddable":true,"href":"https:\/\/preprod.accessprotec.com\/index.php\/wp-json\/wp\/v2\/product_cat?post=1827"},{"taxonomy":"product_tag","embeddable":true,"href":"https:\/\/preprod.accessprotec.com\/index.php\/wp-json\/wp\/v2\/product_tag?post=1827"}],"curies":[{"name":"wp","href":"https:\/\/api.w.org\/{rel}","templated":true}]}}