{"id":1867,"date":"2025-03-25T21:09:02","date_gmt":"2025-03-25T20:09:02","guid":{"rendered":"http:\/\/preprod.accessprotec.com\/?post_type=product&#038;p=1867"},"modified":"2025-03-26T15:52:14","modified_gmt":"2025-03-26T14:52:14","slug":"moquette-de-protection-de-sols-declassee-2m-x-50m","status":"publish","type":"product","link":"https:\/\/preprod.accessprotec.com\/index.php\/produit\/moquette-de-protection-de-sols-declassee-2m-x-50m\/","title":{"rendered":"Moquette de Protection de Sols D\u00e9class\u00e9e &#8211; 2m x 50m"},"content":{"rendered":"<p>Notre <strong>moquette de protection d\u00e9class\u00e9e<\/strong>\u00a0est une\u00a0<strong>moquette de protection temporaire de chantier<\/strong> l\u00e9g\u00e8rement \u00e9tanche et absorbante, convenant \u00e0 tout type de travaux pour sols durs ou souples. Facile \u00e0 installer, cette <strong>moquette de protection temporaire<\/strong> vous permet la protection des sols et autres surfaces, contre le passage, les chutes de liquides et les impacts survenant sur les chantiers (l\u00e9gers)<\/p>\n<p>Notre moquette convient \u00e9galement pour tout type d&rsquo;autres applications :<\/p>\n<ul>\n<li>Cr\u00e9er des cheminements sur chantier<\/li>\n<li>Utilisation dans les espaces communs (bureaux, espace cuisine..)<\/li>\n<\/ul>\n<p>R\u00e9alis\u00e9 \u00e0 partir de chutes de moquettes de qualit\u00e9.<\/p>\n<p>Disponible en rouleau de 50 m\u00e8tres par 2 m\u00e8tres de large.<\/p>\n","protected":false},"excerpt":{"rendered":"<p>Notre <strong>moquette de protection d\u00e9class\u00e9e<\/strong>\u00a0est une\u00a0<strong>moquette de protection temporaire de chantier<\/strong> l\u00e9g\u00e8rement \u00e9tanche et absorbante, convenant \u00e0 tout type de travaux pour sols durs ou souples. Facile \u00e0 installer, cette <strong>moquette de protection temporaire<\/strong> vous permet la protection des sols et autres surfaces, contre le passage, les chutes de liquides et les impacts survenant sur les chantiers (l\u00e9gers)<\/p>\n<p>Notre moquette convient \u00e9galement pour tout type d&rsquo;autres applications :<\/p>\n<ul>\n<li>Cr\u00e9er des cheminements sur chantier<\/li>\n<li>Utilisation dans les espaces communs (bureaux, espace cuisine..)<\/li>\n<\/ul>\n","protected":false},"featured_media":1923,"comment_status":"closed","ping_status":"closed","template":"","meta":[],"product_brand":[],"product_cat":[19],"product_tag":[75,54,37,57],"class_list":{"0":"post-1867","1":"product","2":"type-product","3":"status-publish","4":"has-post-thumbnail","6":"product_cat-protection-sol","7":"product_tag-declassee","8":"product_tag-moquette","9":"product_tag-protection","10":"product_tag-sol","12":"first","13":"instock","14":"taxable","15":"shipping-taxable","16":"purchasable","17":"product-type-simple"},"df_price":226.8,"df_sale_price":"","df_regular_price":226.8,"df_image_link":"https:\/\/preprod.accessprotec.com\/wp-content\/uploads\/2025\/03\/IMG_4598-scaled-1-300x200.jpg","_links":{"self":[{"href":"https:\/\/preprod.accessprotec.com\/index.php\/wp-json\/wp\/v2\/product\/1867","targetHints":{"allow":["GET"]}}],"collection":[{"href":"https:\/\/preprod.accessprotec.com\/index.php\/wp-json\/wp\/v2\/product"}],"about":[{"href":"https:\/\/preprod.accessprotec.com\/index.php\/wp-json\/wp\/v2\/types\/product"}],"replies":[{"embeddable":true,"href":"https:\/\/preprod.accessprotec.com\/index.php\/wp-json\/wp\/v2\/comments?post=1867"}],"wp:featuredmedia":[{"embeddable":true,"href":"https:\/\/preprod.accessprotec.com\/index.php\/wp-json\/wp\/v2\/media\/1923"}],"wp:attachment":[{"href":"https:\/\/preprod.accessprotec.com\/index.php\/wp-json\/wp\/v2\/media?parent=1867"}],"wp:term":[{"taxonomy":"product_brand","embeddable":true,"href":"https:\/\/preprod.accessprotec.com\/index.php\/wp-json\/wp\/v2\/product_brand?post=1867"},{"taxonomy":"product_cat","embeddable":true,"href":"https:\/\/preprod.accessprotec.com\/index.php\/wp-json\/wp\/v2\/product_cat?post=1867"},{"taxonomy":"product_tag","embeddable":true,"href":"https:\/\/preprod.accessprotec.com\/index.php\/wp-json\/wp\/v2\/product_tag?post=1867"}],"curies":[{"name":"wp","href":"https:\/\/api.w.org\/{rel}","templated":true}]}}