{"id":1884,"date":"2025-03-25T21:09:05","date_gmt":"2025-03-25T20:09:05","guid":{"rendered":"http:\/\/preprod.accessprotec.com\/?post_type=product&#038;p=1884"},"modified":"2025-03-26T15:54:45","modified_gmt":"2025-03-26T14:54:45","slug":"panneau-m1-de-protection-antichoc-reutilisable-et-resistant-3mm","status":"publish","type":"product","link":"https:\/\/preprod.accessprotec.com\/index.php\/produit\/panneau-m1-de-protection-antichoc-reutilisable-et-resistant-3mm\/","title":{"rendered":"Panneau M1 de Protection Antichoc R\u00e9utilisable et R\u00e9sistant 3mm"},"content":{"rendered":"<p><strong>Panneaux de protection ignifug\u00e9 M1<\/strong>\u00a0\u00e9conomiques et faciles \u00e0 installer sur<strong> tous types de sols et murs.<\/strong> Prot\u00e8ge <strong>contre les chocs et les salissures<\/strong> telles que les chutes de liquides, la poussi\u00e8re&#8230;. Le panneau alv\u00e9olaire se nettoie et est <strong>r\u00e9utilisable<\/strong>. Il peut \u00e9galement se d\u00e9couper facilement au cutter afin de s&rsquo;adapter \u00e0 votre pi\u00e8ce ou de cr\u00e9er des coffrages par exemple.<\/p>\n<p>Pour une utilisation sur sol int\u00e9rieur et ext\u00e9rieur (pour la protection des terrasses avec \u00e9chafaudage par exemple\u2026) sol, escalier, moquette, parquet, v\u00e9hicule utilitaire&#8230;<\/p>\n<p>Utilis\u00e9 par tous types de professions :\u00a0 plombier, peintre, entreprise de d\u00e9samiantage\u2026<\/p>\n<p>Plaque l\u00e9g\u00e8re, facile \u00e0 porter et \u00e0 mettre en place. Imperm\u00e9able et <strong>100 % recyclable !<\/strong><\/p>\n<p>Afin de maintenir les panneaux entre eux, vous pouvez utiliser un adh\u00e9sif de jonction (voir <strong><a href=\"http:\/\/accessprotec.fr\/protection-chantier\/adhesifs\/\" target=\"_blank\" rel=\"noopener noreferrer\">gamme adh\u00e9sifs<\/a><\/strong>)<\/p>\n<p>Mati\u00e8re : polypropyl\u00e8ne ignifug\u00e9 M1.<\/p>\n<p><strong>Dimensions : 1,20 m x 2,40 m &#8211; \u00c9paisseur 3mm<\/strong><\/p>\n<p>Le panneau ignifug\u00e9 existe en deux \u00e9paisseurs, 2, 3mm. Choisissez ainsi l&rsquo;\u00e9paisseur en fonction du type de passage sur votre chantier (passage intensif ou peu fr\u00e9quent, passage de chariots, brouettes et trans-palettes&#8230;).<\/p>\n<p>Le panneau existe aussi en\u00a0<strong>version<\/strong><a href=\"https:\/\/accessprotec.fr\/produit\/panneau-impression-personnalisee\/\"><strong> personnalisable par impression<\/strong><\/a> s\u00e9rigraphique 1 ou 2 couleurs !<\/p>\n","protected":false},"excerpt":{"rendered":"<p>Panneau de <strong>protection ignifug\u00e9 M1 \u00e9conomique<\/strong> et facile \u00e0 installer sur <strong>tous types de sols et murs.<\/strong><br \/>\nMati\u00e8re : polypropyl\u00e8ne. <strong>Dimensions : 1,20 m x 2,40 m &#8211; \u00c9paisseur 3mm\u00a0<\/strong><\/p>\n<p>Couleur : Blanc.<a href=\"https:\/\/emojipedia.org\/warning\/\"><br \/>\n<\/a><\/p>\n<p class=\"LC20lb DKV0Md\">\u26a0\ufe0f<span style=\"color: #e14d43;\"><strong>Si petite quantit\u00e9 (en dessous de 20 panneaux) , l<\/strong><\/span><span style=\"color: #e14d43;\"><strong>es panneaux seront syst\u00e9matiquement pli\u00e9s pour exp\u00e9dition.<\/strong><\/span><\/p>\n","protected":false},"featured_media":1932,"comment_status":"closed","ping_status":"closed","template":"","meta":[],"product_brand":[],"product_cat":[19],"product_tag":[68],"class_list":{"0":"post-1884","1":"product","2":"type-product","3":"status-publish","4":"has-post-thumbnail","6":"product_cat-protection-sol","7":"product_tag-3mm","9":"first","10":"instock","11":"taxable","12":"shipping-taxable","13":"purchasable","14":"product-type-variable"},"df_price":6.39,"df_sale_price":"","df_regular_price":6.39,"df_image_link":"https:\/\/preprod.accessprotec.com\/wp-content\/uploads\/2025\/03\/panneau-m1-300x225.png","_links":{"self":[{"href":"https:\/\/preprod.accessprotec.com\/index.php\/wp-json\/wp\/v2\/product\/1884","targetHints":{"allow":["GET"]}}],"collection":[{"href":"https:\/\/preprod.accessprotec.com\/index.php\/wp-json\/wp\/v2\/product"}],"about":[{"href":"https:\/\/preprod.accessprotec.com\/index.php\/wp-json\/wp\/v2\/types\/product"}],"replies":[{"embeddable":true,"href":"https:\/\/preprod.accessprotec.com\/index.php\/wp-json\/wp\/v2\/comments?post=1884"}],"wp:featuredmedia":[{"embeddable":true,"href":"https:\/\/preprod.accessprotec.com\/index.php\/wp-json\/wp\/v2\/media\/1932"}],"wp:attachment":[{"href":"https:\/\/preprod.accessprotec.com\/index.php\/wp-json\/wp\/v2\/media?parent=1884"}],"wp:term":[{"taxonomy":"product_brand","embeddable":true,"href":"https:\/\/preprod.accessprotec.com\/index.php\/wp-json\/wp\/v2\/product_brand?post=1884"},{"taxonomy":"product_cat","embeddable":true,"href":"https:\/\/preprod.accessprotec.com\/index.php\/wp-json\/wp\/v2\/product_cat?post=1884"},{"taxonomy":"product_tag","embeddable":true,"href":"https:\/\/preprod.accessprotec.com\/index.php\/wp-json\/wp\/v2\/product_tag?post=1884"}],"curies":[{"name":"wp","href":"https:\/\/api.w.org\/{rel}","templated":true}]}}