{"id":1885,"date":"2025-03-25T21:09:05","date_gmt":"2025-03-25T20:09:05","guid":{"rendered":"http:\/\/preprod.accessprotec.com\/?post_type=product&#038;p=1885"},"modified":"2025-07-11T15:15:34","modified_gmt":"2025-07-11T13:15:34","slug":"bati-de-porte-en-mousse-de-protection-pour-montants-de-portes","status":"publish","type":"product","link":"https:\/\/preprod.accessprotec.com\/index.php\/produit\/bati-de-porte-en-mousse-de-protection-pour-montants-de-portes\/","title":{"rendered":"B\u00e2ti de Porte en Mousse de Protection pour Montants de Portes"},"content":{"rendered":"<p><strong>Le b\u00e2ti de porte mousse<\/strong> est une <strong>protection l\u00e9g\u00e8re et extensible<\/strong> \u00e0 fixer sans adh\u00e9sifs sur vos<strong> montants de portes.<\/strong> Ces zones de passage sont en effet un lieu de d\u00e9t\u00e9rioration fr\u00e9quente lors des chantiers. Son \u00e9paisseur est suffisamment important pour <strong>prot\u00e9ger efficacement votre montant de porte<\/strong> contre les chocs les plus forts. S&rsquo;adapte \u00e0 tous types de huisseries (en bois, en m\u00e9tal, en alu ou en PVC) et aux montants de fen\u00eatres \u00e9galement (\u00e0 d\u00e9couper pour obtenir la longueur n\u00e9cessaire).<\/p>\n<p><strong>Protection de porte indispensable<\/strong>\u00a0pour une bonne absorption des chocs, rayures mais \u00e9galement <strong>contre les salissures<\/strong> telles que les poussi\u00e8res et liquides. Peut \u00e9galement s&rsquo;utiliser pour pr\u00e9server vos objets fragiles lors du transport ou pour le d\u00e9m\u00e9nagement.<\/p>\n<p>Pour la pose : il vous suffit de placer la protection pour b\u00e2tis sur votre montant, <strong>en quelques secondes seulement<\/strong>. Gr\u00e2ce \u00e0 sa bonne force de serrage naturelle, la mousse de protection ne bougera pas. Pour le retirer, c&rsquo;est tout aussi simple !<\/p>\n<p><strong>Il est extensible en largeur<\/strong> pour s&rsquo;adapter \u00e0 toutes les configurations, mais aussi facile \u00e0 d\u00e9couper pour s&rsquo;adapter en longueur.<\/p>\n<p>Dimensions : largeur extensible 70-230 mm \/ longueur : 2 m.<\/p>\n<p>Ce profil\u00e9 mousse peut \u00eatre <strong>livr\u00e9 directement sur votre chantier<\/strong> pour un gain de temps suppl\u00e9mentaire ! Retrouvez nos tarifs d\u00e9gressifs \u00e0 partir de 12 unit\u00e9s. Ce produit est r\u00e9utilisable d&rsquo;un chantier \u00e0 l&rsquo;autre.<\/p>\n<p>Coloris : rouge.<\/p>\n<p>Pour prot\u00e9ger compl\u00e8tement vos portes, d\u00e9couvrez aussi la <strong><a href=\"https:\/\/accessprotec.fr\/protection-temporaire-de-chantier\/housse-de-porte\/\" target=\"_blank\" rel=\"noopener noreferrer\">housse de porte<\/a>\u00a0<\/strong>pour une protection enti\u00e8rement \u00e9tanche aux liquides et peintures !<\/p>\n<p>&nbsp;<\/p>\n","protected":false},"excerpt":{"rendered":"<p>La protection pour b\u00e2tis de porte se fixe sans adh\u00e9sif gr\u00e2ce \u00e0 sa largeur extensible. Elle assure un bon maintien et une protection antichoc et anti-rayures sur des zones \u00e0 fort passage.<\/p>\n<p>Dimensions :\u00a0largeur extensible 70-230 mm \/ longueur : 2 m.<\/p>\n<p>Retrouvez ici la\u00a0<strong><a href=\"https:\/\/www.accessprotec.fr\/fiches-produits\/FICHE-TECHNIQUE-BATI-PORTE-MOUSSE.pdf\" target=\"_blank\" rel=\"noopener noreferrer\">fiche technique<\/a><\/strong><\/p>\n","protected":false},"featured_media":2231,"comment_status":"closed","ping_status":"closed","template":"","meta":[],"product_brand":[],"product_cat":[21],"product_tag":[],"class_list":{"0":"post-1885","1":"product","2":"type-product","3":"status-publish","4":"has-post-thumbnail","6":"product_cat-protection-menuiserie","8":"first","9":"instock","10":"taxable","11":"shipping-taxable","12":"purchasable","13":"product-type-simple"},"df_price":16.5,"df_sale_price":"","df_regular_price":16.5,"df_image_link":"https:\/\/preprod.accessprotec.com\/wp-content\/uploads\/2025\/03\/Design-sans-titre-97-300x300.png","_links":{"self":[{"href":"https:\/\/preprod.accessprotec.com\/index.php\/wp-json\/wp\/v2\/product\/1885","targetHints":{"allow":["GET"]}}],"collection":[{"href":"https:\/\/preprod.accessprotec.com\/index.php\/wp-json\/wp\/v2\/product"}],"about":[{"href":"https:\/\/preprod.accessprotec.com\/index.php\/wp-json\/wp\/v2\/types\/product"}],"replies":[{"embeddable":true,"href":"https:\/\/preprod.accessprotec.com\/index.php\/wp-json\/wp\/v2\/comments?post=1885"}],"wp:featuredmedia":[{"embeddable":true,"href":"https:\/\/preprod.accessprotec.com\/index.php\/wp-json\/wp\/v2\/media\/2231"}],"wp:attachment":[{"href":"https:\/\/preprod.accessprotec.com\/index.php\/wp-json\/wp\/v2\/media?parent=1885"}],"wp:term":[{"taxonomy":"product_brand","embeddable":true,"href":"https:\/\/preprod.accessprotec.com\/index.php\/wp-json\/wp\/v2\/product_brand?post=1885"},{"taxonomy":"product_cat","embeddable":true,"href":"https:\/\/preprod.accessprotec.com\/index.php\/wp-json\/wp\/v2\/product_cat?post=1885"},{"taxonomy":"product_tag","embeddable":true,"href":"https:\/\/preprod.accessprotec.com\/index.php\/wp-json\/wp\/v2\/product_tag?post=1885"}],"curies":[{"name":"wp","href":"https:\/\/api.w.org\/{rel}","templated":true}]}}