{"id":1901,"date":"2025-03-25T21:09:26","date_gmt":"2025-03-25T20:09:26","guid":{"rendered":"http:\/\/preprod.accessprotec.com\/?post_type=product&#038;p=1901"},"modified":"2025-07-11T14:57:15","modified_gmt":"2025-07-11T12:57:15","slug":"protection-de-rampe-en-mousse-legere-facile-a-installer","status":"publish","type":"product","link":"https:\/\/preprod.accessprotec.com\/index.php\/produit\/protection-de-rampe-en-mousse-legere-facile-a-installer\/","title":{"rendered":"Protection de Rampe en Mousse L\u00e9g\u00e8re Facile \u00e0 installer"},"content":{"rendered":"<p><strong>La protection de rampe<\/strong> mousse vient compl\u00e9ter notre gamme de produits pour escaliers.<\/p>\n<p>Les escaliers sont en effet des zones de passage o\u00f9 les d\u00e9t\u00e9riorations sont fr\u00e9quentes.<\/p>\n<p>Profil\u00e9 en U et extensible, elle convient \u00e0 tous types de largeurs.<\/p>\n<p><strong>Tr\u00e8s l\u00e9g\u00e8re<\/strong> (facile \u00e0 transporter), elle est \u00e9galement <strong>facile \u00e0 d\u00e9couper<\/strong> au cutter.<\/p>\n<p>En appliquant la protection de rampe mousse sur vos balustres\/mains courantes, vous<strong> \u00e9vitez toutes d\u00e9t\u00e9riorations<\/strong> li\u00e9es aux chocs, salissures (peintures, liquides, poussi\u00e8res&#8230;).<\/p>\n<p>Dimensions : 8 \u00e0 10 cm (extensible) \/ longueur : 2 m.<\/p>\n<p>D\u00e9couvrez aussi la version\u00a0<strong><a href=\"https:\/\/accessprotec.fr\/protection-temporaire-de-chantier\/rouleau-de-protection-de-rampe-mousse\/\" target=\"_blank\" rel=\"noopener noreferrer\">rouleau 20 m !<\/a><\/strong><\/p>\n<p>Faites vous livrer directement \u00e0 l&rsquo;adresse de votre chantier lors de la finalisation de votre achat.<\/p>\n","protected":false},"excerpt":{"rendered":"<p><strong>La protection de rampe<\/strong> mousse vous aide \u00e0 prot\u00e9ger vos rampes, balustres et mains courantes <strong>contre les chocs<\/strong>, rayures et \u00e9claboussures lors de vos chantiers.<\/p>\n<p>Profil\u00e9 en U et extensible, elle convient \u00e0 <strong>tous types de largeurs.<\/strong><\/p>\n<p>Dimensions :\u00a08 \u00e0 10 cm (extensible) \/ longueur : 2 m.<\/p>\n<p>Retrouvez ici la\u00a0<strong><a href=\"https:\/\/www.accessprotec.fr\/fiches-produits\/FICHE-TECHNIQUE-PROTECTION-DE-RAMPE-PROFIL\u00c9-U.pdf\" target=\"_blank\" rel=\"noopener noreferrer\">fiche technique<\/a><\/strong><\/p>\n","protected":false},"featured_media":2223,"comment_status":"closed","ping_status":"closed","template":"","meta":[],"product_brand":[],"product_cat":[46,77,21],"product_tag":[],"class_list":{"0":"post-1901","1":"product","2":"type-product","3":"status-publish","4":"has-post-thumbnail","6":"product_cat-protection-des-escaliers","7":"product_cat-protection-des-rampes","8":"product_cat-protection-menuiserie","10":"first","11":"instock","12":"taxable","13":"shipping-taxable","14":"purchasable","15":"product-type-simple"},"df_price":4.8,"df_sale_price":"","df_regular_price":4.8,"df_image_link":"https:\/\/preprod.accessprotec.com\/wp-content\/uploads\/2025\/03\/Design-sans-titre-91-300x300.png","_links":{"self":[{"href":"https:\/\/preprod.accessprotec.com\/index.php\/wp-json\/wp\/v2\/product\/1901","targetHints":{"allow":["GET"]}}],"collection":[{"href":"https:\/\/preprod.accessprotec.com\/index.php\/wp-json\/wp\/v2\/product"}],"about":[{"href":"https:\/\/preprod.accessprotec.com\/index.php\/wp-json\/wp\/v2\/types\/product"}],"replies":[{"embeddable":true,"href":"https:\/\/preprod.accessprotec.com\/index.php\/wp-json\/wp\/v2\/comments?post=1901"}],"wp:featuredmedia":[{"embeddable":true,"href":"https:\/\/preprod.accessprotec.com\/index.php\/wp-json\/wp\/v2\/media\/2223"}],"wp:attachment":[{"href":"https:\/\/preprod.accessprotec.com\/index.php\/wp-json\/wp\/v2\/media?parent=1901"}],"wp:term":[{"taxonomy":"product_brand","embeddable":true,"href":"https:\/\/preprod.accessprotec.com\/index.php\/wp-json\/wp\/v2\/product_brand?post=1901"},{"taxonomy":"product_cat","embeddable":true,"href":"https:\/\/preprod.accessprotec.com\/index.php\/wp-json\/wp\/v2\/product_cat?post=1901"},{"taxonomy":"product_tag","embeddable":true,"href":"https:\/\/preprod.accessprotec.com\/index.php\/wp-json\/wp\/v2\/product_tag?post=1901"}],"curies":[{"name":"wp","href":"https:\/\/api.w.org\/{rel}","templated":true}]}}