{"id":1903,"date":"2025-03-25T21:09:27","date_gmt":"2025-03-25T20:09:27","guid":{"rendered":"http:\/\/preprod.accessprotec.com\/?post_type=product&#038;p=1903"},"modified":"2025-07-11T15:00:51","modified_gmt":"2025-07-11T13:00:51","slug":"housse-de-protection-pour-portes-anti-rayures-et-etanche","status":"publish","type":"product","link":"https:\/\/preprod.accessprotec.com\/index.php\/produit\/housse-de-protection-pour-portes-anti-rayures-et-etanche\/","title":{"rendered":"Housse de Protection pour Portes Anti-Rayures et \u00c9tanche"},"content":{"rendered":"<p>La housse de porte est une <strong>protection anti-rayures et anti-\u00e9claboussures<\/strong> (de peintures notamment) con\u00e7ue pour garder vos portes intactes tandis que les personnes circulent. <strong>Les zones de passages sont souvent \u00e0 hauts risques de d\u00e9gradation<\/strong>. C&rsquo;est pourquoi cette housse vous assure <strong>une parfaite \u00e9tanch\u00e9it\u00e9<\/strong> durant toute la dur\u00e9e de votre chantier, mais aussi une protection contre la poussi\u00e8re.<\/p>\n<p><strong>S&rsquo;installe facilement :<\/strong> il vous suffit d&rsquo;enfiler la housse sur la porte.<\/p>\n<p>La housse est d&rsquo;une fine \u00e9paisseur et par cons\u00e9quent n&#8217;emp\u00eache aucunement l&rsquo;ouverture ou la fermeture de la porte. Elle se retire facilement et est r\u00e9utilisable.<\/p>\n<p>Dimensions : 2,07 m x 0,95 m<\/p>\n<p>Mati\u00e8re : poly\u00e9thyl\u00e8ne.<\/p>\n<p>Protection temporaire \u00e9conomique vendue par lot de 20 unit\u00e9s.<\/p>\n<p>Pour prot\u00e9ger vos montants de porte, d\u00e9couvrez le<strong> <a href=\"https:\/\/accessprotec.fr\/protection-temporaire-de-chantier\/bati-de-porte-mousse\/\" target=\"_blank\" rel=\"noopener noreferrer\">B\u00e2ti de Porte Mousse.<\/a><\/strong><\/p>\n","protected":false},"excerpt":{"rendered":"<p><strong>Housse en poly\u00e9thyl\u00e8ne \u00e9tanche<\/strong> pour protection temporaire des portes.<\/p>\n<p>Prot\u00e8ge des rayures et \u00e9claboussures de peintures notamment.<\/p>\n<p>Dimensions : 2,07 m x 0,95 m<\/p>\n<p><strong>Vendues par lot de 20 unit\u00e9s.<\/strong><\/p>\n<p>Retrouvez ici la\u00a0<strong><a href=\"https:\/\/www.accessprotec.fr\/fiches-produits\/FICHE-TECHNIQUE-HOUSSE-DE-PORTE.pdf\" target=\"_blank\" rel=\"noopener noreferrer\">fiche technique<\/a><\/strong><\/p>\n","protected":false},"featured_media":2225,"comment_status":"closed","ping_status":"closed","template":"","meta":[],"product_brand":[],"product_cat":[21],"product_tag":[],"class_list":{"0":"post-1903","1":"product","2":"type-product","3":"status-publish","4":"has-post-thumbnail","6":"product_cat-protection-menuiserie","8":"first","9":"instock","10":"taxable","11":"shipping-taxable","12":"purchasable","13":"product-type-simple"},"df_price":43.75,"df_sale_price":"","df_regular_price":43.75,"df_image_link":"https:\/\/preprod.accessprotec.com\/wp-content\/uploads\/2025\/03\/Design-sans-titre-93-300x300.png","_links":{"self":[{"href":"https:\/\/preprod.accessprotec.com\/index.php\/wp-json\/wp\/v2\/product\/1903","targetHints":{"allow":["GET"]}}],"collection":[{"href":"https:\/\/preprod.accessprotec.com\/index.php\/wp-json\/wp\/v2\/product"}],"about":[{"href":"https:\/\/preprod.accessprotec.com\/index.php\/wp-json\/wp\/v2\/types\/product"}],"replies":[{"embeddable":true,"href":"https:\/\/preprod.accessprotec.com\/index.php\/wp-json\/wp\/v2\/comments?post=1903"}],"wp:featuredmedia":[{"embeddable":true,"href":"https:\/\/preprod.accessprotec.com\/index.php\/wp-json\/wp\/v2\/media\/2225"}],"wp:attachment":[{"href":"https:\/\/preprod.accessprotec.com\/index.php\/wp-json\/wp\/v2\/media?parent=1903"}],"wp:term":[{"taxonomy":"product_brand","embeddable":true,"href":"https:\/\/preprod.accessprotec.com\/index.php\/wp-json\/wp\/v2\/product_brand?post=1903"},{"taxonomy":"product_cat","embeddable":true,"href":"https:\/\/preprod.accessprotec.com\/index.php\/wp-json\/wp\/v2\/product_cat?post=1903"},{"taxonomy":"product_tag","embeddable":true,"href":"https:\/\/preprod.accessprotec.com\/index.php\/wp-json\/wp\/v2\/product_tag?post=1903"}],"curies":[{"name":"wp","href":"https:\/\/api.w.org\/{rel}","templated":true}]}}