{"id":1904,"date":"2025-03-25T21:09:27","date_gmt":"2025-03-25T20:09:27","guid":{"rendered":"http:\/\/preprod.accessprotec.com\/?post_type=product&#038;p=1904"},"modified":"2025-06-23T22:41:56","modified_gmt":"2025-06-23T20:41:56","slug":"bache-acoustique-anti-bruit-pour-chantiers","status":"publish","type":"product","link":"https:\/\/preprod.accessprotec.com\/index.php\/produit\/bache-acoustique-anti-bruit-pour-chantiers\/","title":{"rendered":"B\u00e2che Acoustique Anti-bruit pour Chantiers"},"content":{"rendered":"<p>D\u00e9couvrez une solution id\u00e9ale pour occulter vos chantier tout en r\u00e9duisant consid\u00e9rablement les nuisances sonores \u00e9manant de votre chantier : la b\u00e2che acoustique.<\/p>\n<p>Les b\u00e2ches acoustiques sont destin\u00e9es \u00e0 r\u00e9duire les nuisances sonores \u00e9mises par des machines, par les chantiers, ainsi que certaines zones de travail\u2026<\/p>\n<p>Le son est absorb\u00e9 par une face acoustique en tissu de verre , il traverse une \u00e9paisseur de ouatine polyester dans laquelle le son est att\u00e9nu\u00e9 puis se heurte \u00e0 une face en PVC non p\u00e9n\u00e9trante et est donc r\u00e9fl\u00e9chi vers la ouatine une nouvelle fois.<br \/>\nLe taux d\u2019absorption peut aller jusqu\u2019\u00e0 70% du bruit g\u00e9n\u00e9r\u00e9.<\/p>\n<h3>Caract\u00e9ristiques techniques :<\/h3>\n<p><strong>Mati\u00e8res :<\/strong><\/p>\n<p>La surface ext\u00e9rieure est en PVC 650 g\/m\u00b2 coloris \u00e0 choisir dans gamme, mais aussi ignifug\u00e9 M2.<br \/>\nLa couche interm\u00e9diaire de ouatine polyester \u00e9paisseur 30 mm.<br \/>\nLa ouatine est de surcro\u00eet matelass\u00e9e avec un non-tiss\u00e9 afin d&rsquo;\u00e9viter l\u2019affaissement de la ouatine.<br \/>\nLa partie inf\u00e9rieure est en fibre de verre enduit de polyur\u00e9thane sur les deux faces, armure satin coloris noir, de 455 g\/m\u00b2, ignifug\u00e9 M0.<\/p>\n<p>Le poids total est de 1255 g\/m\u00b2.<\/p>\n<p>Sur la face fibre de verre , deux sangles multi-mortaise avec point d\u2019accroche tous les 15 cm (pour fixation sur les barri\u00e8res et cl\u00f4tures).<br \/>\nSur la face PVC, un ruban adh\u00e9sif r\u00e9fl\u00e9chissant pour une meilleure visibilit\u00e9 des passants et v\u00e9hicules.<br \/>\nEn p\u00e9riph\u00e9rie, vous trouverez \u00e9galement des \u0153illets acier zingu\u00e9 diam\u00e8tre int\u00e9rieur 13,5 mm tous les 50 cm.<\/p>\n<p><strong>Confection :<\/strong><\/p>\n<p>Les 3 couches sont assembl\u00e9es entre elles de fa\u00e7on \u00e0 constituer une b\u00e2che homog\u00e8ne.<br \/>\nAssemblages r\u00e9alis\u00e9s en coutures fil polyester haute r\u00e9sistance.<br \/>\n\u0152illets sertis machine automatique.<\/p>\n<p><strong>Application :<\/strong><\/p>\n<p>B\u00e2ch<a href=\"https:\/\/preprod.accessprotec.com\/wp-admin\/edit-tags.php?taxonomy=product_cat&amp;post_type=product\">Cat\u00e9gories<\/a>es de chantier pour barri\u00e8re et cl\u00f4tures.<br \/>\nDe m\u00eame, vous pouvez l&rsquo;utiliser pour le capotage de machines \u00e0 forte \u00e9mission de bruit.<br \/>\nIsolation phonique en atelier, pour limiter l\u2019\u00e9mission de bruit de certaines machines.<br \/>\nB\u00e2che tendues sur silos \u00e9quip\u00e9s de vibreurs ( alors sources de fortes vibrations sonores).<\/p>\n<p>La b\u00e2che acoustique peut s&rsquo;utiliser aussi bien en int\u00e9rieur qu&rsquo;en ext\u00e9rieur, de m\u00eame qu&rsquo;\u00e0 la verticale ou \u00e0 l&rsquo;horizontale.<\/p>\n<p><strong>Les sp\u00e9cificit\u00e9s de r\u00e9sistance :<\/strong><\/p>\n<ul>\n<li>\u00e0 la rupture : 450\/250 daN\/5cms<\/li>\n<li>\u00e0 la d\u00e9chirure : 10\/15 daN<\/li>\n<li>\u00e0 la temp\u00e9rature : -30\u00b0\/+70\u00b0<\/li>\n<\/ul>\n<p>Le tissu de verre r\u00e9siste jusque 800\u00b0C. Fixation \u00e0 l&rsquo;aide de <a href=\"https:\/\/accessprotec.fr\/protection-temporaire-de-chantier\/liens-elastiques-flexibles\/\" target=\"_blank\" rel=\"noopener noreferrer\"><strong>liens de serrage.<\/strong><\/a><\/p>\n","protected":false},"excerpt":{"rendered":"<p>B\u00e2che permettant de r\u00e9duire jusqu&rsquo;\u00e0 70% des nuisances sonores g\u00e9n\u00e9r\u00e9es par votre chantier.<\/p>\n<p>\u00c0 fixer sur vos barri\u00e8res et cl\u00f4tures de chantier.<\/p>\n<p>Dimensions : 2 m x 3, 55 m<\/p>\n<p>Finition : Ourlets &amp; oeillets<\/p>\n<p>\ud83d\udca1 Les b\u00e2ches peuvent \u00eatre confectionn\u00e9es sur mesure sur commande !! \ud83d\udca1<\/p>\n<p>Retrouvez ici la\u00a0<strong><a href=\"https:\/\/www.accessprotec.fr\/fiches-produits\/FICHE-TECHNIQUE-B\u00c2CHE-ACOUSTIQUE.pdf\" target=\"_blank\" rel=\"noopener noreferrer\">fiche technique<\/a><\/strong><\/p>\n","protected":false},"featured_media":1964,"comment_status":"closed","ping_status":"closed","template":"","meta":[],"product_brand":[],"product_cat":[26],"product_tag":[],"class_list":{"0":"post-1904","1":"product","2":"type-product","3":"status-publish","4":"has-post-thumbnail","6":"product_cat-baches-filets-de-protection","8":"first","9":"instock","10":"taxable","11":"shipping-taxable","12":"purchasable","13":"product-type-simple"},"df_price":422.36,"df_sale_price":"","df_regular_price":422.36,"df_image_link":"https:\/\/preprod.accessprotec.com\/wp-content\/uploads\/2025\/03\/bache-acoustique-travaux-300x199.jpg","_links":{"self":[{"href":"https:\/\/preprod.accessprotec.com\/index.php\/wp-json\/wp\/v2\/product\/1904","targetHints":{"allow":["GET"]}}],"collection":[{"href":"https:\/\/preprod.accessprotec.com\/index.php\/wp-json\/wp\/v2\/product"}],"about":[{"href":"https:\/\/preprod.accessprotec.com\/index.php\/wp-json\/wp\/v2\/types\/product"}],"replies":[{"embeddable":true,"href":"https:\/\/preprod.accessprotec.com\/index.php\/wp-json\/wp\/v2\/comments?post=1904"}],"wp:featuredmedia":[{"embeddable":true,"href":"https:\/\/preprod.accessprotec.com\/index.php\/wp-json\/wp\/v2\/media\/1964"}],"wp:attachment":[{"href":"https:\/\/preprod.accessprotec.com\/index.php\/wp-json\/wp\/v2\/media?parent=1904"}],"wp:term":[{"taxonomy":"product_brand","embeddable":true,"href":"https:\/\/preprod.accessprotec.com\/index.php\/wp-json\/wp\/v2\/product_brand?post=1904"},{"taxonomy":"product_cat","embeddable":true,"href":"https:\/\/preprod.accessprotec.com\/index.php\/wp-json\/wp\/v2\/product_cat?post=1904"},{"taxonomy":"product_tag","embeddable":true,"href":"https:\/\/preprod.accessprotec.com\/index.php\/wp-json\/wp\/v2\/product_tag?post=1904"}],"curies":[{"name":"wp","href":"https:\/\/api.w.org\/{rel}","templated":true}]}}