{"id":1908,"date":"2025-03-25T21:09:49","date_gmt":"2025-03-25T20:09:49","guid":{"rendered":"http:\/\/preprod.accessprotec.com\/?post_type=product&#038;p=1908"},"modified":"2025-06-23T23:01:49","modified_gmt":"2025-06-23T21:01:49","slug":"surchaussures-de-protection-pour-chantiers-en-lot-de-100","status":"publish","type":"product","link":"https:\/\/preprod.accessprotec.com\/index.php\/produit\/surchaussures-de-protection-pour-chantiers-en-lot-de-100\/","title":{"rendered":"Surchaussures de Protection pour Chantiers en lot de 100"},"content":{"rendered":"<p>Les <strong>surchaussures<\/strong> prot\u00e8gent des salet\u00e9s et permettent de<strong> limiter la propagation des bact\u00e9ries et salissures<\/strong> sur les zones \u00e0 prot\u00e9ger. Notamment utilis\u00e9es dans les <strong>h\u00f4pitaux<\/strong> et le milieu industriel ou encore sur chantier.<\/p>\n<p>Mati\u00e8re :\u00a0<strong>Poly\u00e9thyl\u00e8ne.<\/strong><\/p>\n<p>Parfaitement\u00a0<strong>\u00e9tanches <\/strong>et aussi tr\u00e8s<strong> l\u00e9g\u00e8res.<\/strong> Elles sont et sont faciles \u00e0 enfiler et<strong> s&rsquo;adaptent \u00e0 toutes les tailles <\/strong>de chaussures (taille universelle).<\/p>\n<p>Id\u00e9ales lors de vos\u00a0<strong>travaux de peinture et autres travaux finitions<\/strong> sur chantier.<\/p>\n<p>D\u00e9couvrez aussi nos <a href=\"https:\/\/accessprotec.fr\/protection-temporaire-de-chantier\/combinaison-jetable-xl-xxl\/\" target=\"_blank\" rel=\"noopener noreferrer\"><strong>combinaisons jetables<\/strong><\/a> ainsi que nos <a href=\"https:\/\/accessprotec.fr\/protection-temporaire-de-chantier\/caillebotis\/\" target=\"_blank\" rel=\"noopener noreferrer\"><strong>caillebotis<\/strong> <\/a>\u00e0 placer aux entr\u00e9es\/sorties de vos chantiers !<\/p>\n","protected":false},"excerpt":{"rendered":"<p>Protection de chaussures de taille universelle, id\u00e9ale pour les\u00a0<strong>travaux de peinture et autres travaux finitions<\/strong> sur chantier.<br \/>\nTaille universelle.<br \/>\nLot de 100 paires.<\/p>\n","protected":false},"featured_media":1968,"comment_status":"closed","ping_status":"closed","template":"","meta":[],"product_brand":[],"product_cat":[23],"product_tag":[79,37,80,81,82],"class_list":{"0":"post-1908","1":"product","2":"type-product","3":"status-publish","4":"has-post-thumbnail","6":"product_cat-accessoires","7":"product_tag-pieds","8":"product_tag-protection","9":"product_tag-protection-bacterienne","10":"product_tag-salissant","11":"product_tag-surchaussures","13":"first","14":"instock","15":"taxable","16":"shipping-taxable","17":"purchasable","18":"product-type-simple"},"df_price":8.35,"df_sale_price":"","df_regular_price":8.35,"df_image_link":"https:\/\/preprod.accessprotec.com\/wp-content\/uploads\/2025\/03\/surchaussure-200x300.jpg","_links":{"self":[{"href":"https:\/\/preprod.accessprotec.com\/index.php\/wp-json\/wp\/v2\/product\/1908","targetHints":{"allow":["GET"]}}],"collection":[{"href":"https:\/\/preprod.accessprotec.com\/index.php\/wp-json\/wp\/v2\/product"}],"about":[{"href":"https:\/\/preprod.accessprotec.com\/index.php\/wp-json\/wp\/v2\/types\/product"}],"replies":[{"embeddable":true,"href":"https:\/\/preprod.accessprotec.com\/index.php\/wp-json\/wp\/v2\/comments?post=1908"}],"wp:featuredmedia":[{"embeddable":true,"href":"https:\/\/preprod.accessprotec.com\/index.php\/wp-json\/wp\/v2\/media\/1968"}],"wp:attachment":[{"href":"https:\/\/preprod.accessprotec.com\/index.php\/wp-json\/wp\/v2\/media?parent=1908"}],"wp:term":[{"taxonomy":"product_brand","embeddable":true,"href":"https:\/\/preprod.accessprotec.com\/index.php\/wp-json\/wp\/v2\/product_brand?post=1908"},{"taxonomy":"product_cat","embeddable":true,"href":"https:\/\/preprod.accessprotec.com\/index.php\/wp-json\/wp\/v2\/product_cat?post=1908"},{"taxonomy":"product_tag","embeddable":true,"href":"https:\/\/preprod.accessprotec.com\/index.php\/wp-json\/wp\/v2\/product_tag?post=1908"}],"curies":[{"name":"wp","href":"https:\/\/api.w.org\/{rel}","templated":true}]}}