{"id":1913,"date":"2025-03-25T21:10:55","date_gmt":"2025-03-25T20:10:55","guid":{"rendered":"http:\/\/preprod.accessprotec.com\/?post_type=product&#038;p=1913"},"modified":"2025-06-23T23:03:21","modified_gmt":"2025-06-23T21:03:21","slug":"combinaison-de-protection-des-vetements-jetables-xl-ou-xxl","status":"publish","type":"product","link":"https:\/\/preprod.accessprotec.com\/index.php\/produit\/combinaison-de-protection-des-vetements-jetables-xl-ou-xxl\/","title":{"rendered":"Combinaison de Protection des V\u00eatements Jetables XL ou XXL"},"content":{"rendered":"<p>Cette <strong>combinaison jetable<\/strong> vous prot\u00e8ge des salissures lors de vos travaux sur chantier.<\/p>\n<p>Existe en 2 tailles : <strong>XL ou XXL.<\/strong><\/p>\n<p>Faite d&rsquo;un tissu en\u00a0<strong>Polypropyl\u00e8ne<\/strong>, la\u00a0<strong>Combinaison Jetable<\/strong>\u00a0prot\u00e8ge l&rsquo;artisan et ses\u00a0<strong>v\u00eatements<\/strong>\u00a0contre les projections de\u00a0<strong>peinture, de poussi\u00e8res et de sciures.\u00a0<\/strong>Munie d&rsquo;une capuche pour prot\u00e9ger aussi la t\u00eate des chutes de liquides et d&rsquo;un zip sur toute la longueur du torse.<\/p>\n<p>Agr\u00e9able \u00e0 porter, celle-ci est conforme aux mesures d&rsquo;hygi\u00e8ne et est donc adapt\u00e9e aux\u00a0<strong>travaux en milieux sensibles<\/strong>\u00a0tels que les\u00a0<strong>h\u00f4pitaux et autres \u00e9tablissements sanitaires<\/strong>.<\/p>\n<p><b>Coloris:<\/b>\u00a0Blanc<\/p>\n<p>Nous recommandons \u00e9galement l&rsquo;utilisation de\u00a0<strong><a href=\"https:\/\/accessprotec.fr\/protection-temporaire-de-chantier\/surchaussures-lot-de-100\/\" target=\"_blank\" rel=\"noopener noreferrer\">surchaussures<\/a>\u00a0<\/strong>afin de limiter la propagation des bact\u00e9ries au sol !<\/p>\n","protected":false},"excerpt":{"rendered":"<p>Combinaison pour <strong>protection des v\u00eatements<\/strong> sur chantier ou en milieu hospitalier. Prot\u00e8ge <strong>contre les salissures et les \u00e9claboussures.<\/strong><br \/>\nLa combinaison existe en deux tailles : <strong>XL ou XXL<\/strong><\/p>\n","protected":false},"featured_media":1969,"comment_status":"closed","ping_status":"closed","template":"","meta":[],"product_brand":[],"product_cat":[23],"product_tag":[83,84,85,86,87,88,89,90],"class_list":{"0":"post-1913","1":"product","2":"type-product","3":"status-publish","4":"has-post-thumbnail","6":"product_cat-accessoires","7":"product_tag-combi-jetable","8":"product_tag-combinaison","9":"product_tag-hopital","10":"product_tag-hospitalier","11":"product_tag-jetable","12":"product_tag-medical","13":"product_tag-xl","14":"product_tag-xxl","16":"first","17":"instock","18":"taxable","19":"shipping-taxable","20":"purchasable","21":"product-type-variable"},"df_price":6.04,"df_sale_price":"","df_regular_price":6.04,"df_image_link":"https:\/\/preprod.accessprotec.com\/wp-content\/uploads\/2025\/03\/combinaison-jetable-XL-200x300.jpg","_links":{"self":[{"href":"https:\/\/preprod.accessprotec.com\/index.php\/wp-json\/wp\/v2\/product\/1913","targetHints":{"allow":["GET"]}}],"collection":[{"href":"https:\/\/preprod.accessprotec.com\/index.php\/wp-json\/wp\/v2\/product"}],"about":[{"href":"https:\/\/preprod.accessprotec.com\/index.php\/wp-json\/wp\/v2\/types\/product"}],"replies":[{"embeddable":true,"href":"https:\/\/preprod.accessprotec.com\/index.php\/wp-json\/wp\/v2\/comments?post=1913"}],"wp:featuredmedia":[{"embeddable":true,"href":"https:\/\/preprod.accessprotec.com\/index.php\/wp-json\/wp\/v2\/media\/1969"}],"wp:attachment":[{"href":"https:\/\/preprod.accessprotec.com\/index.php\/wp-json\/wp\/v2\/media?parent=1913"}],"wp:term":[{"taxonomy":"product_brand","embeddable":true,"href":"https:\/\/preprod.accessprotec.com\/index.php\/wp-json\/wp\/v2\/product_brand?post=1913"},{"taxonomy":"product_cat","embeddable":true,"href":"https:\/\/preprod.accessprotec.com\/index.php\/wp-json\/wp\/v2\/product_cat?post=1913"},{"taxonomy":"product_tag","embeddable":true,"href":"https:\/\/preprod.accessprotec.com\/index.php\/wp-json\/wp\/v2\/product_tag?post=1913"}],"curies":[{"name":"wp","href":"https:\/\/api.w.org\/{rel}","templated":true}]}}