{"id":1926,"date":"2025-03-25T21:11:19","date_gmt":"2025-03-25T20:11:19","guid":{"rendered":"http:\/\/preprod.accessprotec.com\/?post_type=product&#038;p=1926"},"modified":"2025-03-26T16:44:18","modified_gmt":"2025-03-26T15:44:18","slug":"gants-jetables-synthetiques-non-poudres-lot-de-100","status":"publish","type":"product","link":"https:\/\/preprod.accessprotec.com\/index.php\/produit\/gants-jetables-synthetiques-non-poudres-lot-de-100\/","title":{"rendered":"Gants Jetables Synth\u00e9tiques non poudr\u00e9s Lot de 100"},"content":{"rendered":"<p>Les gants sont en vinyle synth\u00e9tique, identiques au nitrile &amp; latex <strong><em>sans les allergies<\/em> <\/strong>!<br \/>\n<strong>Alternative \u00e9conomique au nitrile<\/strong><br \/>\nProtection efficace contre certains <strong>produits chimiques<\/strong> (EN374-1)<br \/>\nProtection contre les <strong>bact\u00e9ries, les moisissures et les virus<\/strong> (EN374-5)<br \/>\nId\u00e9al pour les personnes allergiques au latex et \u00e0 la poudre.<\/p>\n<p>Utilisation en milieu alimentaire, milieu m\u00e9dical, en laboratoire, en industrie agroalimentaire, m\u00e9canique, tous secteurs.<\/p>\n<p>Conditionnement : <strong>Boite de 100 gants<\/strong>. Couleur : <strong><span style=\"color: #00aae7;\">Bleu<\/span><\/strong>.<\/p>\n","protected":false},"excerpt":{"rendered":"<p>Boite de <strong>100 gants<\/strong> en vinyle synth\u00e9tique. Excellente alternative \u00e9conomique aux gants en nitrile, au latex&#8230; et bonne alternative pour les personnes allergiques.<\/p>\n<p>Protection efficace contre certains produits chimiques (EN374-1)<br \/>\nProtection contre les bact\u00e9ries, les moisissures et les virus (EN374-5)<\/p>\n<p>Multiples domaines d&rsquo;utilisation : peinture, agroalimentaire, m\u00e9canique, m\u00e9dical, laboratoire, &#8230;<\/p>\n","protected":false},"featured_media":1973,"comment_status":"closed","ping_status":"closed","template":"","meta":[],"product_brand":[],"product_cat":[23],"product_tag":[91,92,93,94,95,96],"class_list":{"0":"post-1926","1":"product","2":"type-product","3":"status-publish","4":"has-post-thumbnail","6":"product_cat-accessoires","7":"product_tag-coronavirus","8":"product_tag-covid-19","9":"product_tag-gants","10":"product_tag-gants-jetables","11":"product_tag-nitrile","12":"product_tag-vinyle","14":"first","15":"instock","16":"taxable","17":"shipping-taxable","18":"purchasable","19":"product-type-variable"},"df_price":13.51,"df_sale_price":"","df_regular_price":13.51,"df_image_link":"https:\/\/preprod.accessprotec.com\/wp-content\/uploads\/2025\/03\/PVC-Blue-Vinyl-Gloves-Powdered-Disposable-Medical-PVC-Gloves-300x300.jpg","_links":{"self":[{"href":"https:\/\/preprod.accessprotec.com\/index.php\/wp-json\/wp\/v2\/product\/1926","targetHints":{"allow":["GET"]}}],"collection":[{"href":"https:\/\/preprod.accessprotec.com\/index.php\/wp-json\/wp\/v2\/product"}],"about":[{"href":"https:\/\/preprod.accessprotec.com\/index.php\/wp-json\/wp\/v2\/types\/product"}],"replies":[{"embeddable":true,"href":"https:\/\/preprod.accessprotec.com\/index.php\/wp-json\/wp\/v2\/comments?post=1926"}],"wp:featuredmedia":[{"embeddable":true,"href":"https:\/\/preprod.accessprotec.com\/index.php\/wp-json\/wp\/v2\/media\/1973"}],"wp:attachment":[{"href":"https:\/\/preprod.accessprotec.com\/index.php\/wp-json\/wp\/v2\/media?parent=1926"}],"wp:term":[{"taxonomy":"product_brand","embeddable":true,"href":"https:\/\/preprod.accessprotec.com\/index.php\/wp-json\/wp\/v2\/product_brand?post=1926"},{"taxonomy":"product_cat","embeddable":true,"href":"https:\/\/preprod.accessprotec.com\/index.php\/wp-json\/wp\/v2\/product_cat?post=1926"},{"taxonomy":"product_tag","embeddable":true,"href":"https:\/\/preprod.accessprotec.com\/index.php\/wp-json\/wp\/v2\/product_tag?post=1926"}],"curies":[{"name":"wp","href":"https:\/\/api.w.org\/{rel}","templated":true}]}}