{"id":1931,"date":"2025-03-25T21:11:20","date_gmt":"2025-03-25T20:11:20","guid":{"rendered":"http:\/\/preprod.accessprotec.com\/?post_type=product&#038;p=1931"},"modified":"2025-07-11T12:17:49","modified_gmt":"2025-07-11T10:17:49","slug":"rouleau-de-carton-ondule-pour-protection-des-surfaces","status":"publish","type":"product","link":"https:\/\/preprod.accessprotec.com\/index.php\/produit\/rouleau-de-carton-ondule-pour-protection-des-surfaces\/","title":{"rendered":"Rouleau de Carton Ondul\u00e9 Pour Protection des Surfaces"},"content":{"rendered":"<p>Le rouleau de carton ondul\u00e9 vous apporte une protection \u00e9conomique contre les chocs l\u00e9gers lors du transport ou du stockage. C&rsquo;est avant tout une protection rapide et l\u00e9g\u00e8re \u00e0 mettre en place \u00e0 l&rsquo;aide d&rsquo;<strong><a href=\"http:\/\/accessprotec.fr\/protection-chantier\/adhesifs\/\" target=\"_blank\" rel=\"noopener noreferrer\">adh\u00e9sif de fixation.<\/a><\/strong><\/p>\n<p>De m\u00eame que le <strong><a href=\"https:\/\/accessprotec.fr\/protection-temporaire-de-chantier\/film-bulles\/\" target=\"_blank\" rel=\"noopener noreferrer\">film bulles<\/a>,<\/strong> ce produit convient particuli\u00e8rement \u00e0 l&#8217;emballage d&rsquo;objets fragiles, mais \u00e9galement \u00e0 la protection de mobilier lors du transport ou du stockage par exemple.<\/p>\n<p>Gr\u00e2ce \u00e0 son format en rouleau, vous pouvez rapidement prot\u00e9ger de grande surfaces sur vos chantiers. Il se d\u00e9coupe facilement au cutter et est tr\u00e8s l\u00e9ger.<\/p>\n<p>Dimensions du rouleau : 0,90 m x 75 m.<\/p>\n<p>Le carton ondul\u00e9 pr\u00e9sente une simple cannelure pour une \u00e9paisseur totale de 4 mm.<\/p>\n<p>Ce produit est recyclable !<\/p>\n","protected":false},"excerpt":{"rendered":"<p>Ce rouleau de carton ondul\u00e9 simple cannelure vous permet de prot\u00e9ger rapidement vos objets fragiles et mobilier lors du transport ou stockage.<\/p>\n<p>Dimensions : 0,90 m x 75 m<\/p>\n<p>\u00c9paisseur : 4 mm<\/p>\n","protected":false},"featured_media":2207,"comment_status":"closed","ping_status":"closed","template":"","meta":[],"product_brand":[],"product_cat":[28,21,20,19],"product_tag":[],"class_list":{"0":"post-1931","1":"product","2":"type-product","3":"status-publish","4":"has-post-thumbnail","6":"product_cat-les-indispensables","7":"product_cat-protection-menuiserie","8":"product_cat-protection-mur","9":"product_cat-protection-sol","11":"first","12":"instock","13":"taxable","14":"shipping-taxable","15":"purchasable","16":"product-type-simple"},"df_price":44.2,"df_sale_price":"","df_regular_price":44.2,"df_image_link":"https:\/\/preprod.accessprotec.com\/wp-content\/uploads\/2025\/03\/Design-sans-titre-78-300x300.png","_links":{"self":[{"href":"https:\/\/preprod.accessprotec.com\/index.php\/wp-json\/wp\/v2\/product\/1931","targetHints":{"allow":["GET"]}}],"collection":[{"href":"https:\/\/preprod.accessprotec.com\/index.php\/wp-json\/wp\/v2\/product"}],"about":[{"href":"https:\/\/preprod.accessprotec.com\/index.php\/wp-json\/wp\/v2\/types\/product"}],"replies":[{"embeddable":true,"href":"https:\/\/preprod.accessprotec.com\/index.php\/wp-json\/wp\/v2\/comments?post=1931"}],"wp:featuredmedia":[{"embeddable":true,"href":"https:\/\/preprod.accessprotec.com\/index.php\/wp-json\/wp\/v2\/media\/2207"}],"wp:attachment":[{"href":"https:\/\/preprod.accessprotec.com\/index.php\/wp-json\/wp\/v2\/media?parent=1931"}],"wp:term":[{"taxonomy":"product_brand","embeddable":true,"href":"https:\/\/preprod.accessprotec.com\/index.php\/wp-json\/wp\/v2\/product_brand?post=1931"},{"taxonomy":"product_cat","embeddable":true,"href":"https:\/\/preprod.accessprotec.com\/index.php\/wp-json\/wp\/v2\/product_cat?post=1931"},{"taxonomy":"product_tag","embeddable":true,"href":"https:\/\/preprod.accessprotec.com\/index.php\/wp-json\/wp\/v2\/product_tag?post=1931"}],"curies":[{"name":"wp","href":"https:\/\/api.w.org\/{rel}","templated":true}]}}