{"id":1934,"date":"2025-03-25T21:11:43","date_gmt":"2025-03-25T20:11:43","guid":{"rendered":"http:\/\/preprod.accessprotec.com\/?post_type=product&#038;p=1934"},"modified":"2025-06-23T22:59:55","modified_gmt":"2025-06-23T20:59:55","slug":"rouleau-de-film-bulles-de-protection-pour-emballages","status":"publish","type":"product","link":"https:\/\/preprod.accessprotec.com\/index.php\/produit\/rouleau-de-film-bulles-de-protection-pour-emballages\/","title":{"rendered":"Rouleau de Film Bulles de Protection pour Emballages"},"content":{"rendered":"<p>Ce rouleau de <strong>film bulles<\/strong> permet l&#8217;emballage et la <strong>protection de vos objets fragiles ou de mobilier lors du transport ou du stockage sur chantier.<\/strong> Cette protection classique pour travaux vous assure une s\u00e9curit\u00e9 en cas de chocs. Similaire au <strong><a href=\"https:\/\/accessprotec.fr\/protection-temporaire-de-chantier\/carton-ondule\/\" target=\"_blank\" rel=\"noopener noreferrer\">carton ondul\u00e9<\/a>,<\/strong> ce produit incontournable est de surcro\u00eet <strong>\u00e9tanche<\/strong> aux chutes de liquides, \u00e9claboussures de peinture etc.<\/p>\n<p>Se d\u00e9coupe facilement au cutter.<\/p>\n<p>Facile \u00e0 transporter gr\u00e2ce \u00e0 sa l\u00e9g\u00e8ret\u00e9.<\/p>\n<p>Dimensions : 1 m x 50 m.<\/p>\n<p>Afin de scotcher le film bulles lors de l&#8217;emballage, utilisez un <strong><a href=\"http:\/\/accessprotec.fr\/protection-chantier\/adhesifs\/\" target=\"_blank\" rel=\"noopener noreferrer\">adh\u00e9sif <\/a><\/strong>!<\/p>\n<p>Choisissez de le faire livrer \u00e0 votre adresse ou directement sur votre chantier !<\/p>\n","protected":false},"excerpt":{"rendered":"<p>Protection traditionnelle d&#8217;emballage antichoc et \u00e9tanche aux liquides. Ce rouleau peut s&rsquo;utiliser pour prot\u00e9ger vos objets fragiles, votre mobilier et autres points de passages sensibles sur vos zones de travaux.<\/p>\n<p>Le film se d\u00e9coupe facilement au cutter et se transporte facilement de par sa l\u00e9g\u00e8ret\u00e9.<\/p>\n<p>Dimensions : 1 m x 50 m.<\/p>\n","protected":false},"featured_media":1988,"comment_status":"closed","ping_status":"closed","template":"","meta":[],"product_brand":[],"product_cat":[23,28,21,19,33],"product_tag":[],"class_list":{"0":"post-1934","1":"product","2":"type-product","3":"status-publish","4":"has-post-thumbnail","6":"product_cat-accessoires","7":"product_cat-les-indispensables","8":"product_cat-protection-menuiserie","9":"product_cat-protection-sol","10":"product_cat-protections-traditionnelles","12":"first","13":"instock","14":"taxable","15":"shipping-taxable","16":"purchasable","17":"product-type-simple"},"df_price":59.22,"df_sale_price":"","df_regular_price":59.22,"df_image_link":"https:\/\/preprod.accessprotec.com\/wp-content\/uploads\/2025\/03\/film-bulles-protection-scaled-1-300x199.jpg","_links":{"self":[{"href":"https:\/\/preprod.accessprotec.com\/index.php\/wp-json\/wp\/v2\/product\/1934","targetHints":{"allow":["GET"]}}],"collection":[{"href":"https:\/\/preprod.accessprotec.com\/index.php\/wp-json\/wp\/v2\/product"}],"about":[{"href":"https:\/\/preprod.accessprotec.com\/index.php\/wp-json\/wp\/v2\/types\/product"}],"replies":[{"embeddable":true,"href":"https:\/\/preprod.accessprotec.com\/index.php\/wp-json\/wp\/v2\/comments?post=1934"}],"wp:featuredmedia":[{"embeddable":true,"href":"https:\/\/preprod.accessprotec.com\/index.php\/wp-json\/wp\/v2\/media\/1988"}],"wp:attachment":[{"href":"https:\/\/preprod.accessprotec.com\/index.php\/wp-json\/wp\/v2\/media?parent=1934"}],"wp:term":[{"taxonomy":"product_brand","embeddable":true,"href":"https:\/\/preprod.accessprotec.com\/index.php\/wp-json\/wp\/v2\/product_brand?post=1934"},{"taxonomy":"product_cat","embeddable":true,"href":"https:\/\/preprod.accessprotec.com\/index.php\/wp-json\/wp\/v2\/product_cat?post=1934"},{"taxonomy":"product_tag","embeddable":true,"href":"https:\/\/preprod.accessprotec.com\/index.php\/wp-json\/wp\/v2\/product_tag?post=1934"}],"curies":[{"name":"wp","href":"https:\/\/api.w.org\/{rel}","templated":true}]}}