{"id":1935,"date":"2025-03-25T21:11:43","date_gmt":"2025-03-25T20:11:43","guid":{"rendered":"http:\/\/preprod.accessprotec.com\/?post_type=product&#038;p=1935"},"modified":"2025-03-26T16:46:44","modified_gmt":"2025-03-26T15:46:44","slug":"film-de-protection-etirable-pour-objets-en-polyethylene","status":"publish","type":"product","link":"https:\/\/preprod.accessprotec.com\/index.php\/produit\/film-de-protection-etirable-pour-objets-en-polyethylene\/","title":{"rendered":"Film de Protection \u00c9tirable pour objets en Poly\u00e9thyl\u00e8ne"},"content":{"rendered":"<p><strong>Le film \u00e9tirable<\/strong> est une protection facile d&rsquo;utilisation pour emballer vos produits, objets et mobilier <strong>contre les poussi\u00e8res, liquides et salet\u00e9s<\/strong>. Utilis\u00e9 notamment lors du <strong>transport et du stockage de vos marchandises<\/strong>, il assure une bonne \u00e9tanch\u00e9it\u00e9 !<\/p>\n<p>Mati\u00e8re : <strong>poly\u00e9thyl\u00e8ne<\/strong>,<br \/>\nDimensions : 45 mm x 270 m,<br \/>\n\u00c9paisseur du film : 17 microns.<\/p>\n<p>D\u00e9couvrez aussi notre <strong><a href=\"https:\/\/accessprotec.fr\/protection-temporaire-de-chantier\/film-bulles\/\" target=\"_blank\" rel=\"noopener noreferrer\">film bulles<\/a><\/strong> pour prot\u00e9ger vos produits et mobilier contre les chocs !<\/p>\n","protected":false},"excerpt":{"rendered":"<p>Film de protection \u00e9tanche pour le transport et le stockage de vos marchandises et objets. Prot\u00e8ge des liquides, salissures et poussi\u00e8res.<\/p>\n","protected":false},"featured_media":1990,"comment_status":"closed","ping_status":"closed","template":"","meta":[],"product_brand":[],"product_cat":[23,28,33],"product_tag":[],"class_list":{"0":"post-1935","1":"product","2":"type-product","3":"status-publish","4":"has-post-thumbnail","6":"product_cat-accessoires","7":"product_cat-les-indispensables","8":"product_cat-protections-traditionnelles","10":"first","11":"instock","12":"taxable","13":"shipping-taxable","14":"purchasable","15":"product-type-simple"},"df_price":10.79,"df_sale_price":"","df_regular_price":10.79,"df_image_link":"https:\/\/preprod.accessprotec.com\/wp-content\/uploads\/2025\/03\/film-etirable-noir-1-300x200.jpg","_links":{"self":[{"href":"https:\/\/preprod.accessprotec.com\/index.php\/wp-json\/wp\/v2\/product\/1935","targetHints":{"allow":["GET"]}}],"collection":[{"href":"https:\/\/preprod.accessprotec.com\/index.php\/wp-json\/wp\/v2\/product"}],"about":[{"href":"https:\/\/preprod.accessprotec.com\/index.php\/wp-json\/wp\/v2\/types\/product"}],"replies":[{"embeddable":true,"href":"https:\/\/preprod.accessprotec.com\/index.php\/wp-json\/wp\/v2\/comments?post=1935"}],"wp:featuredmedia":[{"embeddable":true,"href":"https:\/\/preprod.accessprotec.com\/index.php\/wp-json\/wp\/v2\/media\/1990"}],"wp:attachment":[{"href":"https:\/\/preprod.accessprotec.com\/index.php\/wp-json\/wp\/v2\/media?parent=1935"}],"wp:term":[{"taxonomy":"product_brand","embeddable":true,"href":"https:\/\/preprod.accessprotec.com\/index.php\/wp-json\/wp\/v2\/product_brand?post=1935"},{"taxonomy":"product_cat","embeddable":true,"href":"https:\/\/preprod.accessprotec.com\/index.php\/wp-json\/wp\/v2\/product_cat?post=1935"},{"taxonomy":"product_tag","embeddable":true,"href":"https:\/\/preprod.accessprotec.com\/index.php\/wp-json\/wp\/v2\/product_tag?post=1935"}],"curies":[{"name":"wp","href":"https:\/\/api.w.org\/{rel}","templated":true}]}}