{"id":1936,"date":"2025-03-25T21:11:43","date_gmt":"2025-03-25T20:11:43","guid":{"rendered":"http:\/\/preprod.accessprotec.com\/?post_type=product&#038;p=1936"},"modified":"2025-03-26T16:47:14","modified_gmt":"2025-03-26T15:47:14","slug":"pochette-de-protection-pour-plans-de-chantier-tous-formats","status":"publish","type":"product","link":"https:\/\/preprod.accessprotec.com\/index.php\/produit\/pochette-de-protection-pour-plans-de-chantier-tous-formats\/","title":{"rendered":"Pochette de Protection pour Plans de Chantier Tous Formats"},"content":{"rendered":"<p>Voici la <strong>pochette prot\u00e8ge plans<\/strong> pour chantiers du BTP.<strong> Prot\u00e9gez vos documents contre l&rsquo;humidit\u00e9 et la pluie.<\/strong> Munis d&rsquo;un zip herm\u00e9tique et \u00e9galement disponibles en 7 dimensions diff\u00e9rentes, elles vous assurent une protection parfaite de vos documents importants. Les <strong>pochettes prot\u00e8ge plans<\/strong> sont id\u00e9ales pour vos sorties sur terrain.<\/p>\n<p>Les <strong>pochettes prot\u00e8ge plans<\/strong> sont disponibles en format (selon la taille de vos documents) :<\/p>\n<ul>\n<li>A4 (pochette 23&#215;32 cm)<\/li>\n<li>A3 (pochette 32&#215;44 cm)<\/li>\n<li>A2 (pochette 44&#215;62 cm)<\/li>\n<li>A1 (pochette 65&#215;90 cm)<\/li>\n<li>A0 (pochette 90&#215;125 cm)<\/li>\n<li>XL (pochette 100&#215;150 cm)<\/li>\n<li>XXL (pochette 100&#215;180 cm)<\/li>\n<\/ul>\n<p>En tant que g\u00e9om\u00e8tres, architectes ou professionnels du b\u00e2timent et de la construction, vous \u00eates parfois amen\u00e9s \u00e0 transporter des plans, des notices, des documents sur chantier ou bien lors d\u2019un rendez-vous \u00e0 l\u2019ext\u00e9rieur. Les technologies num\u00e9riques sont pratiques, mais ne peuvent pas toujours vous accompagner (surtout dans les zones blanches) et dans ce cas, les plans en format papier sont votre solution la plus pratique. Mais pour ne pas les ab\u00eemer pendant le transport ou la consultation, vous pouvez les glisser, tout simplement dans nos <strong>pochette prot\u00e8ge-plans<\/strong>.<\/p>\n<p><strong>Vos documents sont alors prot\u00e9g\u00e9s de l\u2019humidit\u00e9<\/strong>, de la pluie ou encore de la poussi\u00e8re (sur les chantiers notamment). Ils b\u00e9n\u00e9ficient d\u2019une\u00a0<strong>fermeture herm\u00e9tique pour \u00e9viter d\u2019ab\u00eemer vos plans<\/strong>.<\/p>\n<p>De plus, les pochettes sont<strong>\u00a0fabriqu\u00e9es en PVC haute r\u00e9sistance<\/strong>, mais tout de m\u00eame suffisamment fines pour \u00eatre enroul\u00e9es sur elles-m\u00eames pour un transport facile. Ces films protecteurs transparents r\u00e9sistent aux d\u00e9chirures et sont\u00a0<strong>parfaitement imperm\u00e9ables<\/strong>.<\/p>\n<p class=\"LC20lb DKV0Md\">\ud83d\udca1 Avec nos <strong>pochettes prot\u00e8ges plans<\/strong>, vos documents et plans sont prot\u00e9g\u00e9s contre tout les d\u00e9sagr\u00e9ments li\u00e9s \u00e0 la salet\u00e9 ou l&rsquo;humidit\u00e9 !<\/p>\n","protected":false},"excerpt":{"rendered":"<p>Les pochettes prot\u00e8ge plans sont <strong>\u00e9tanches, herm\u00e9tiques <\/strong>et id\u00e9ales pour vos chantiers lors d&rsquo;intemp\u00e9ries ou tout simplement pour les prot\u00e9ger de la salet\u00e9 et des d\u00e9sagr\u00e9ments chantiers. Nous vous proposons 7 dimensions diff\u00e9rentes :<\/p>\n<p>Pour documents de taille :<\/p>\n<ul>\n<li>A4 (pochette 23&#215;32 cm)<\/li>\n<li>A3 (pochette 32&#215;44 cm)<\/li>\n<li>A2 (pochette 44&#215;62 cm)<\/li>\n<li>A1 (pochette 65&#215;90 cm)<\/li>\n<li>A0 (pochette 90&#215;125 cm)<\/li>\n<li>XL (pochette 100&#215;150 cm)<\/li>\n<li>XXL (pochette 100&#215;180 cm)<\/li>\n<\/ul>\n","protected":false},"featured_media":1991,"comment_status":"closed","ping_status":"closed","template":"","meta":[],"product_brand":[],"product_cat":[23,28,97],"product_tag":[98,49,99,100,101,102,103],"class_list":{"0":"post-1936","1":"product","2":"type-product","3":"status-publish","4":"has-post-thumbnail","6":"product_cat-accessoires","7":"product_cat-les-indispensables","8":"product_cat-protection-pour-plans","9":"product_tag-chantier","10":"product_tag-etanche","11":"product_tag-hermetique","12":"product_tag-plans","13":"product_tag-poche-plans","14":"product_tag-pochette","15":"product_tag-pochette-a-plans","17":"first","18":"instock","19":"taxable","20":"shipping-taxable","21":"purchasable","22":"product-type-variable"},"df_price":3.78,"df_sale_price":"","df_regular_price":3.78,"df_image_link":"https:\/\/preprod.accessprotec.com\/wp-content\/uploads\/2025\/03\/IMG_4427-scaled-1-300x200.jpg","_links":{"self":[{"href":"https:\/\/preprod.accessprotec.com\/index.php\/wp-json\/wp\/v2\/product\/1936","targetHints":{"allow":["GET"]}}],"collection":[{"href":"https:\/\/preprod.accessprotec.com\/index.php\/wp-json\/wp\/v2\/product"}],"about":[{"href":"https:\/\/preprod.accessprotec.com\/index.php\/wp-json\/wp\/v2\/types\/product"}],"replies":[{"embeddable":true,"href":"https:\/\/preprod.accessprotec.com\/index.php\/wp-json\/wp\/v2\/comments?post=1936"}],"wp:featuredmedia":[{"embeddable":true,"href":"https:\/\/preprod.accessprotec.com\/index.php\/wp-json\/wp\/v2\/media\/1991"}],"wp:attachment":[{"href":"https:\/\/preprod.accessprotec.com\/index.php\/wp-json\/wp\/v2\/media?parent=1936"}],"wp:term":[{"taxonomy":"product_brand","embeddable":true,"href":"https:\/\/preprod.accessprotec.com\/index.php\/wp-json\/wp\/v2\/product_brand?post=1936"},{"taxonomy":"product_cat","embeddable":true,"href":"https:\/\/preprod.accessprotec.com\/index.php\/wp-json\/wp\/v2\/product_cat?post=1936"},{"taxonomy":"product_tag","embeddable":true,"href":"https:\/\/preprod.accessprotec.com\/index.php\/wp-json\/wp\/v2\/product_tag?post=1936"}],"curies":[{"name":"wp","href":"https:\/\/api.w.org\/{rel}","templated":true}]}}