{"id":1937,"date":"2025-03-25T21:11:43","date_gmt":"2025-03-25T20:11:43","guid":{"rendered":"http:\/\/preprod.accessprotec.com\/?post_type=product&#038;p=1937"},"modified":"2025-07-11T15:20:06","modified_gmt":"2025-07-11T13:20:06","slug":"ruban-de-signalisation-pour-chantier-100m-x-50mm","status":"publish","type":"product","link":"https:\/\/preprod.accessprotec.com\/index.php\/produit\/ruban-de-signalisation-pour-chantier-100m-x-50mm\/","title":{"rendered":"Ruban de Signalisation pour Chantier 100m x 50mm"},"content":{"rendered":"<div class=\"principal-content\" data-v-22e45712=\"\">\n<div class=\"infos\" data-v-22e45712=\"\">\n<div class=\"infos-content\" data-v-22e45712=\"\">\n<div class=\"description\" data-v-22e45712=\"\">\n<p><span style=\"font-size: 14.4px;\">Ruban de balisage (dit <strong>rubalise<\/strong>), <strong>indispensable<\/strong> sur tous les chantiers pour <strong>d\u00e9limiter<\/strong> les zones de travaux.<\/span><\/p>\n<\/div>\n<p>Peut \u00e9galement \u00eatre utilis\u00e9 pour <strong>\u00e9tablir<\/strong> des <strong>p\u00e9rim\u00e8tres<\/strong> <strong>de<\/strong> <strong>s\u00e9curit\u00e9<\/strong> en cas d&rsquo;accident, ou pour toute autre utilisation.<br \/>\nBonne r\u00e9sistance \u00e0 la tension et \u00e0 l&rsquo;\u00e9tirement avant rupture, le ruban est <strong>\u00e9tanche<\/strong> \u00e0 l&rsquo;humidit\u00e9 et \u00e0 l&rsquo;eau !<\/p>\n<p>Ruban en poly\u00e9thyl\u00e8ne fabriqu\u00e9 par extrusion.<br \/>\nRouge et blanc altern\u00e9s en diagonale.<br \/>\nImpression recto verso.<\/p>\n<p><strong>Un produit respectueux de l&rsquo;environnement! <\/strong>Le ruban imprim\u00e9 avec des encres \u00e0 eau. Pas de m\u00e9taux lourds, tr\u00e8s bonne tenue dans le temps.<\/p>\n<p><strong>Dimensions 50 mm x 100 m.<\/strong><br \/>\nFabrication <strong>100% fran\u00e7aise.<\/strong><\/p>\n<\/div>\n<\/div>\n<\/div>\n","protected":false},"excerpt":{"rendered":"<p>Ruban poly\u00e9thyl\u00e8ne avec coloris altern\u00e9s en diagonale. Impression recto verso (meilleure visibilit\u00e9) r\u00e9alis\u00e9e avec une encre \u00e0 l&rsquo;eau (protection de l&rsquo;environnement). Mandrin plastique r\u00e9sistant \u00e0 l&rsquo;humidit\u00e9 et \u00e0 l&rsquo;eau. Fabriqu\u00e9 en France \ud83c\uddeb\ud83c\uddf7<\/p>\n","protected":false},"featured_media":2233,"comment_status":"closed","ping_status":"closed","template":"","meta":[],"product_brand":[],"product_cat":[23],"product_tag":[104,105,106,107],"class_list":{"0":"post-1937","1":"product","2":"type-product","3":"status-publish","4":"has-post-thumbnail","6":"product_cat-accessoires","7":"product_tag-ruban","8":"product_tag-rubaplast","9":"product_tag-signalisation","10":"product_tag-signaliser","12":"first","13":"instock","14":"taxable","15":"shipping-taxable","16":"purchasable","17":"product-type-simple"},"df_price":2.2,"df_sale_price":"","df_regular_price":2.2,"df_image_link":"https:\/\/preprod.accessprotec.com\/wp-content\/uploads\/2025\/03\/Design-sans-titre-99-300x300.png","_links":{"self":[{"href":"https:\/\/preprod.accessprotec.com\/index.php\/wp-json\/wp\/v2\/product\/1937","targetHints":{"allow":["GET"]}}],"collection":[{"href":"https:\/\/preprod.accessprotec.com\/index.php\/wp-json\/wp\/v2\/product"}],"about":[{"href":"https:\/\/preprod.accessprotec.com\/index.php\/wp-json\/wp\/v2\/types\/product"}],"replies":[{"embeddable":true,"href":"https:\/\/preprod.accessprotec.com\/index.php\/wp-json\/wp\/v2\/comments?post=1937"}],"wp:featuredmedia":[{"embeddable":true,"href":"https:\/\/preprod.accessprotec.com\/index.php\/wp-json\/wp\/v2\/media\/2233"}],"wp:attachment":[{"href":"https:\/\/preprod.accessprotec.com\/index.php\/wp-json\/wp\/v2\/media?parent=1937"}],"wp:term":[{"taxonomy":"product_brand","embeddable":true,"href":"https:\/\/preprod.accessprotec.com\/index.php\/wp-json\/wp\/v2\/product_brand?post=1937"},{"taxonomy":"product_cat","embeddable":true,"href":"https:\/\/preprod.accessprotec.com\/index.php\/wp-json\/wp\/v2\/product_cat?post=1937"},{"taxonomy":"product_tag","embeddable":true,"href":"https:\/\/preprod.accessprotec.com\/index.php\/wp-json\/wp\/v2\/product_tag?post=1937"}],"curies":[{"name":"wp","href":"https:\/\/api.w.org\/{rel}","templated":true}]}}