{"id":1945,"date":"2025-03-25T21:11:45","date_gmt":"2025-03-25T20:11:45","guid":{"rendered":"http:\/\/preprod.accessprotec.com\/?post_type=product&#038;p=1945"},"modified":"2025-07-07T16:53:03","modified_gmt":"2025-07-07T14:53:03","slug":"rouleau-de-protection-de-sol-antichoc-epaisseur-3mm-en-25m2-ou-50m2","status":"publish","type":"product","link":"https:\/\/preprod.accessprotec.com\/index.php\/produit\/rouleau-de-protection-de-sol-antichoc-epaisseur-3mm-en-25m2-ou-50m2\/","title":{"rendered":"Rouleau de Protection de Sol Antichoc \u00c9paisseur 3mm en 25m\u00b2 ou 50m\u00b2"},"content":{"rendered":"<p><strong>Rouleaux de protection<\/strong> \u00e9conomiques et faciles \u00e0 installer sur<strong> tous types de sols et murs.<\/strong> Prot\u00e8ge <strong>contre les chocs et les salissures<\/strong> telles que les chutes de liquides, la poussi\u00e8re&#8230;. Le rouleau de panneau alv\u00e9olaire se nettoie et est <strong>r\u00e9utilisable<\/strong>. Il peut \u00e9galement se d\u00e9couper facilement au cutter afin de s&rsquo;adapter \u00e0 votre pi\u00e8ce ou de cr\u00e9er des coffrages par exemple.<\/p>\n<p>Pour une utilisation sur sol int\u00e9rieur et ext\u00e9rieur (pour la protection des terrasses avec \u00e9chafaudage par exemple\u2026) sol, escalier, moquette, parquet, v\u00e9hicule utilitaire&#8230;<\/p>\n<p>Utilis\u00e9 par tous types de professions :\u00a0 plombier, peintre, entreprise de d\u00e9samiantage\u2026<\/p>\n<p>Plaque l\u00e9g\u00e8re, facile \u00e0 porter et \u00e0 mettre en place. Imperm\u00e9able et <strong>100 % recyclable !<\/strong><\/p>\n<p>Afin de maintenir les panneaux entre eux, vous pouvez utiliser un adh\u00e9sif de jonction (voir <strong><a href=\"http:\/\/accessprotec.fr\/protection-chantier\/adhesifs\/\" target=\"_blank\" rel=\"noopener noreferrer\">gamme adh\u00e9sifs<\/a><\/strong>)<\/p>\n<p>Mati\u00e8re : polypropyl\u00e8ne.<\/p>\n<p><strong>Dimensions : 1m x 50m <\/strong>ou <strong>1m x 25m<\/strong> <strong>\u00a0&#8211; \u00c9paisseur 3mm<\/strong><\/p>\n<p>Le rouleau de panneau existe en deux \u00e9paisseurs ( 2 ou 3mm). Choisissez ainsi l&rsquo;\u00e9paisseur en fonction du type de passage sur votre chantier (passage intensif ou peu fr\u00e9quent, passage de chariots, brouettes et transpalettes&#8230;).<\/p>\n<p>Le rouleau existe aussi en <strong>version ignifug\u00e9e M1 (sur demande et pour des quantit\u00e9s sp\u00e9cifiques).<\/strong><\/p>\n","protected":false},"excerpt":{"rendered":"<p>Panneau de <strong>protection \u00e9conomique<\/strong> et facile \u00e0 installer sur <strong>tous types de sols et murs.<\/strong><br \/>\nMati\u00e8re : polypropyl\u00e8ne. <strong>Dimensions : 1m x 50m ou 1m x 25m &#8211; \u00c9paisseur 3mm<\/strong><\/p>\n<p><strong>Le rouleau de protection<\/strong> vous permet de prot\u00e9ger vos chantiers sans jonction entre les panneaux ! Contactez-nous pour conna\u00eetre nos d\u00e9lais !<\/p>\n<p>Retrouvez ici la <a href=\"https:\/\/preprod.accessprotec.com\/wp-content\/uploads\/2025\/07\/FT-Rouleau-de-protection.pdf\">fiche technique<\/a><\/p>\n","protected":false},"featured_media":1914,"comment_status":"closed","ping_status":"closed","template":"","meta":[],"product_brand":[],"product_cat":[30,41,19,70],"product_tag":[68,71],"class_list":{"0":"post-1945","1":"product","2":"type-product","3":"status-publish","4":"has-post-thumbnail","6":"product_cat-protection-des-murs","7":"product_cat-protection-des-sols","8":"product_cat-protection-sol","9":"product_cat-rouleaux-de-protection","10":"product_tag-3mm","11":"product_tag-rouleau","13":"first","14":"instock","15":"taxable","16":"shipping-taxable","17":"purchasable","18":"product-type-variable","19":"has-default-attributes"},"df_price":56.22,"df_sale_price":"","df_regular_price":56.22,"df_image_link":"https:\/\/preprod.accessprotec.com\/wp-content\/uploads\/2025\/03\/PANNEAU-NOIR-ETANCHE-1-scaled-1-300x199.jpg","_links":{"self":[{"href":"https:\/\/preprod.accessprotec.com\/index.php\/wp-json\/wp\/v2\/product\/1945","targetHints":{"allow":["GET"]}}],"collection":[{"href":"https:\/\/preprod.accessprotec.com\/index.php\/wp-json\/wp\/v2\/product"}],"about":[{"href":"https:\/\/preprod.accessprotec.com\/index.php\/wp-json\/wp\/v2\/types\/product"}],"replies":[{"embeddable":true,"href":"https:\/\/preprod.accessprotec.com\/index.php\/wp-json\/wp\/v2\/comments?post=1945"}],"wp:featuredmedia":[{"embeddable":true,"href":"https:\/\/preprod.accessprotec.com\/index.php\/wp-json\/wp\/v2\/media\/1914"}],"wp:attachment":[{"href":"https:\/\/preprod.accessprotec.com\/index.php\/wp-json\/wp\/v2\/media?parent=1945"}],"wp:term":[{"taxonomy":"product_brand","embeddable":true,"href":"https:\/\/preprod.accessprotec.com\/index.php\/wp-json\/wp\/v2\/product_brand?post=1945"},{"taxonomy":"product_cat","embeddable":true,"href":"https:\/\/preprod.accessprotec.com\/index.php\/wp-json\/wp\/v2\/product_cat?post=1945"},{"taxonomy":"product_tag","embeddable":true,"href":"https:\/\/preprod.accessprotec.com\/index.php\/wp-json\/wp\/v2\/product_tag?post=1945"}],"curies":[{"name":"wp","href":"https:\/\/api.w.org\/{rel}","templated":true}]}}