{"id":1947,"date":"2025-03-25T21:11:45","date_gmt":"2025-03-25T20:11:45","guid":{"rendered":"http:\/\/preprod.accessprotec.com\/?post_type=product&#038;p=1947"},"modified":"2025-07-27T23:49:44","modified_gmt":"2025-07-27T21:49:44","slug":"fibre-respirante-de-protection-de-sol-de-surfaces-humides-50m2","status":"publish","type":"product","link":"https:\/\/preprod.accessprotec.com\/index.php\/produit\/fibre-respirante-de-protection-de-sol-de-surfaces-humides-50m2\/","title":{"rendered":"Fibre Respirante de Protection de Sol de Surfaces Humides 50m\u00b2"},"content":{"rendered":"<p>Notre rouleau de\u00a0<strong>Fibre Respirante<\/strong>\u00a0s\u2019installe facilement gr\u00e2ce \u00e0 son facteur\u00a0<strong>l\u00e9g\u00e8rement adh\u00e9sif<\/strong>\u00a0et procure une protection\u00a0<strong>enti\u00e8rement \u00e9tanche et anti-rayures \u00e0 vos sols et escaliers<\/strong>. Son aspect \u201c<strong>respirant<\/strong>\u201d permet d\u2019\u00e9viter la condensation sur la surface prot\u00e9g\u00e9e et ainsi de retrouver un\u00a0<strong>sol intact \u00e0 la d\u00e9pose.<\/strong>\u00a0Elle est ainsi id\u00e9ale pour les sols r\u00e9cemment pos\u00e9s tels que les marbres, parquets, carrelages\u2026<br \/>\nAvec un rouleau de fibre respirante,\u00a0<strong>vous couvrez\u00a0 50 m\u00e8tres carr\u00e9s de surface au sol.<\/strong>\u00a0Mais ce produit se pose \u00e9galement sur les escaliers et offre une bonne protection contre le passage journalier.<\/p>\n<p>Elle assure d\u2019autre part une s\u00e9curit\u00e9 \u00e0 vos ouvriers puisqu\u2019elle limite le risque de chutes.<\/p>\n<p>Rapide \u00e0 installer (format rouleau), et facile \u00e0 d\u00e9couper au cutter afin de s\u2019adapter \u00e0 votre pi\u00e8ce.<\/p>\n<p>Mati\u00e8re :<\/p>\n<p>Sur la face inf\u00e9rieure : fibre.<\/p>\n<p>Sur la face sup\u00e9rieure : film poly\u00e9thyl\u00e8ne.<\/p>\n<p>Dimensions : rouleau de 1 m x 25 m \/ 1 m x 50m<\/p>\n<p><strong>SES PLUS :<\/strong><\/p>\n<ul>\n<li><strong>VOUS ASSURE UNE PROTECTION \u00c9TANCHE ET RESPIRANTE DE VOS SOLS<\/strong><\/li>\n<li><strong>EST L\u00c9G\u00c8REMENT AUTO-ADH\u00c9SIVE, NE LAISSES PAS DE TRACES<\/strong><\/li>\n<li><strong>VOUS PROT\u00c8GE DES CHUTES DE LIQUIDES, DES POUSSI\u00c8RES ET DU PASSAGE REPETITIF<\/strong><\/li>\n<li><strong>EST APPLICABLE SUR VOS SOLS ET ESCALIERS<\/strong><\/li>\n<li><strong>VOUS OFFRE UNE EXCELLENTE ADH\u00c9RENCE<\/strong><\/li>\n<\/ul>\n<p><strong>\u00a0<\/strong><\/p>\n<p>D\u00e9couvrez aussi nos\u00a0<strong><a href=\"https:\/\/accessprotec.fr\/protection-chantier\/protection-temporaire-descaliers\/\">protections compl\u00e9mentaires pour escaliers<\/a><\/strong>\u00a0!<\/p>\n","protected":false},"excerpt":{"rendered":"<p>Fibre \u00e9tanche et respirante pour protection de vos sols fragiles et escaliers (type marbre, parquets, carrelages fra\u00eechement pos\u00e9s&#8230;).<\/p>\n<p>Se d\u00e9coupe facilement au cutter. Pose facilit\u00e9e par sa texture l\u00e9g\u00e8rement adh\u00e9sive.<\/p>\n<p>Dimensions : rouleau de 1 m x 25 m \/ 1 m x 50 m<\/p>\n<p>Retrouvez ici la\u00a0<a href=\"https:\/\/accessprotec.fr\/wp-content\/uploads\/2017\/08\/FICHE-TECHNIQUE-FIBRE-RESPIRANTE.pdf\" target=\"_blank\" rel=\"noopener noreferrer\">fiche technique<\/a><\/p>\n","protected":false},"featured_media":2253,"comment_status":"closed","ping_status":"closed","template":"","meta":[],"product_brand":[],"product_cat":[28,111,46,44,41,19,48],"product_tag":[108,74],"class_list":{"0":"post-1947","1":"product","2":"type-product","3":"status-publish","4":"has-post-thumbnail","6":"product_cat-les-indispensables","7":"product_cat-meilleures-ventes","8":"product_cat-protection-des-escaliers","9":"product_cat-protection-des-menuiseries","10":"product_cat-protection-des-sols","11":"product_cat-protection-sol","12":"product_cat-rouleaux-de-fibres","13":"product_tag-50m","14":"product_tag-respirante","16":"first","17":"instock","18":"taxable","19":"shipping-taxable","20":"purchasable","21":"product-type-simple"},"df_price":89.37,"df_sale_price":"","df_regular_price":89.37,"df_image_link":"https:\/\/preprod.accessprotec.com\/wp-content\/uploads\/2025\/03\/Design-sans-titre-2025-07-13T224606.206-300x300.png","_links":{"self":[{"href":"https:\/\/preprod.accessprotec.com\/index.php\/wp-json\/wp\/v2\/product\/1947","targetHints":{"allow":["GET"]}}],"collection":[{"href":"https:\/\/preprod.accessprotec.com\/index.php\/wp-json\/wp\/v2\/product"}],"about":[{"href":"https:\/\/preprod.accessprotec.com\/index.php\/wp-json\/wp\/v2\/types\/product"}],"replies":[{"embeddable":true,"href":"https:\/\/preprod.accessprotec.com\/index.php\/wp-json\/wp\/v2\/comments?post=1947"}],"wp:featuredmedia":[{"embeddable":true,"href":"https:\/\/preprod.accessprotec.com\/index.php\/wp-json\/wp\/v2\/media\/2253"}],"wp:attachment":[{"href":"https:\/\/preprod.accessprotec.com\/index.php\/wp-json\/wp\/v2\/media?parent=1947"}],"wp:term":[{"taxonomy":"product_brand","embeddable":true,"href":"https:\/\/preprod.accessprotec.com\/index.php\/wp-json\/wp\/v2\/product_brand?post=1947"},{"taxonomy":"product_cat","embeddable":true,"href":"https:\/\/preprod.accessprotec.com\/index.php\/wp-json\/wp\/v2\/product_cat?post=1947"},{"taxonomy":"product_tag","embeddable":true,"href":"https:\/\/preprod.accessprotec.com\/index.php\/wp-json\/wp\/v2\/product_tag?post=1947"}],"curies":[{"name":"wp","href":"https:\/\/api.w.org\/{rel}","templated":true}]}}