{"id":1948,"date":"2025-03-25T21:11:45","date_gmt":"2025-03-25T20:11:45","guid":{"rendered":"http:\/\/preprod.accessprotec.com\/?post_type=product&#038;p=1948"},"modified":"2025-07-27T23:50:01","modified_gmt":"2025-07-27T21:50:01","slug":"fibre-etanche-de-protection-de-sol-pour-surfaces-50m","status":"publish","type":"product","link":"https:\/\/preprod.accessprotec.com\/index.php\/produit\/fibre-etanche-de-protection-de-sol-pour-surfaces-50m\/","title":{"rendered":"Fibre \u00c9tanche de Protection de Sol pour Surfaces 50m\u00b2"},"content":{"rendered":"<p>La fibre \u00e9tanche en rouleau est une protection classique pour vos sols.<br \/>\nElle est l\u00e9g\u00e8rement adh\u00e9sive ce qui facilite sa pose et \u00e9vite \u00e9galement le risque de chutes lors du passage. Enti\u00e8rement \u00e9tanche, c&rsquo;est une protection id\u00e9ale lors de vos travaux de peintures par exemple.<\/p>\n<p>Elle se d\u00e9coupe facilement au cutter.<\/p>\n<p>Compos\u00e9e d&rsquo;une fibre l\u00e9g\u00e8rement adh\u00e9sive mais aussi d&rsquo;un film poly\u00e9thyl\u00e8ne sur sa face sup\u00e9rieure qui assure une totale \u00e9tanch\u00e9it\u00e9 aux liquides.<\/p>\n<p>Dimensions : rouleau de 1 m x 25 m \/ 1 m x 50 m<\/p>\n<p>Coloris : blanc.<\/p>\n<p>Pour vos sols fragiles (parquets, marbres, r\u00e9sines&#8230;) d\u00e9couvrez la <strong><a href=\"https:\/\/accessprotec.fr\/protection-temporaire-de-chantier\/fibre-respirante\/\" target=\"_blank\" rel=\"noopener noreferrer\">Fibre respirante !<\/a><\/strong><\/p>\n<p>Vous souhaitez prot\u00e9ger vos sols contre les chocs ? Choisissez <strong><a href=\"https:\/\/accessprotec.fr\/protection-temporaire-de-chantier\/panneaux\/\" target=\"_blank\" rel=\"noopener noreferrer\">le panneau !<\/a><\/strong><\/p>\n","protected":false},"excerpt":{"rendered":"<p>La fibre \u00e9tanche vous offre une protection \u00e9tanche pour vos sols gr\u00e2ce \u00e0 son film poly\u00e9thyl\u00e8ne, ainsi qu&rsquo;une pose rapide gr\u00e2ce \u00e0 sa fibre l\u00e9g\u00e8rement adh\u00e9sive.<\/p>\n<p>Id\u00e9ale pour les travaux de peinture notamment.<\/p>\n<p><strong>Dimensions<\/strong> : rouleau de 1 m x 25 m \/ 1 m x 50 m<\/p>\n<p>Besoin de plus d&rsquo;informations ? Retrouvez ici la <strong><a href=\"https:\/\/accessprotec.fr\/wp-content\/uploads\/2017\/08\/FICHE-TECHNIQUE-FIBRE-ETANCHE.pdf\" target=\"_blank\" rel=\"noopener noreferrer\">fiche technique<\/a><\/strong><\/p>\n","protected":false},"featured_media":2250,"comment_status":"closed","ping_status":"closed","template":"","meta":[],"product_brand":[],"product_cat":[111,41,19,48],"product_tag":[49,50],"class_list":{"0":"post-1948","1":"product","2":"type-product","3":"status-publish","4":"has-post-thumbnail","6":"product_cat-meilleures-ventes","7":"product_cat-protection-des-sols","8":"product_cat-protection-sol","9":"product_cat-rouleaux-de-fibres","10":"product_tag-etanche","11":"product_tag-fibre-etanche","13":"first","14":"instock","15":"taxable","16":"shipping-taxable","17":"purchasable","18":"product-type-variable"},"df_price":40.7,"df_sale_price":"","df_regular_price":40.7,"df_image_link":"https:\/\/preprod.accessprotec.com\/wp-content\/uploads\/2025\/03\/Design-sans-titre-2025-07-13T223818.962-300x300.png","_links":{"self":[{"href":"https:\/\/preprod.accessprotec.com\/index.php\/wp-json\/wp\/v2\/product\/1948","targetHints":{"allow":["GET"]}}],"collection":[{"href":"https:\/\/preprod.accessprotec.com\/index.php\/wp-json\/wp\/v2\/product"}],"about":[{"href":"https:\/\/preprod.accessprotec.com\/index.php\/wp-json\/wp\/v2\/types\/product"}],"replies":[{"embeddable":true,"href":"https:\/\/preprod.accessprotec.com\/index.php\/wp-json\/wp\/v2\/comments?post=1948"}],"wp:featuredmedia":[{"embeddable":true,"href":"https:\/\/preprod.accessprotec.com\/index.php\/wp-json\/wp\/v2\/media\/2250"}],"wp:attachment":[{"href":"https:\/\/preprod.accessprotec.com\/index.php\/wp-json\/wp\/v2\/media?parent=1948"}],"wp:term":[{"taxonomy":"product_brand","embeddable":true,"href":"https:\/\/preprod.accessprotec.com\/index.php\/wp-json\/wp\/v2\/product_brand?post=1948"},{"taxonomy":"product_cat","embeddable":true,"href":"https:\/\/preprod.accessprotec.com\/index.php\/wp-json\/wp\/v2\/product_cat?post=1948"},{"taxonomy":"product_tag","embeddable":true,"href":"https:\/\/preprod.accessprotec.com\/index.php\/wp-json\/wp\/v2\/product_tag?post=1948"}],"curies":[{"name":"wp","href":"https:\/\/api.w.org\/{rel}","templated":true}]}}